{"id":49688,"date":"2025-07-03T18:08:13","date_gmt":"2025-07-03T16:08:13","guid":{"rendered":"https:\/\/portallamp.invette.dev\/produkt\/lampa-wiszaca-sufitowa-zyrandol-brylant-led-edison\/"},"modified":"2025-07-03T18:08:13","modified_gmt":"2025-07-03T16:08:13","slug":"lampa-wiszaca-sufitowa-zyrandol-brylant-led-edison","status":"publish","type":"product","link":"https:\/\/portallamp.invette.dev\/uk\/produkt\/lampa-wiszaca-sufitowa-zyrandol-brylant-led-edison\/","title":{"rendered":"LAMPA WISZ\u0104CA SUFITOWA \u017bYRANDOL BRYLANT LED EDISON"},"content":{"rendered":"<h1>Nowoczesna lampa plafon &#8211; wyposa\u017cona w dwa ruchome klosze wykonane z drutu.\u00a0 Styl Edison-Loft.<\/h1>\n<p>Nr kat: 724-A2 LUXOLAR<\/p>\n<p><b>Wersja gotowa do zawieszenia &#8211; nie jest to zestaw do samodzielnego z\u0142o\u017cenia z cz\u0119\u015bci pierwszych<\/b><\/p>\n<p><img decoding=\"async\" style=\"max-width: 100%; height: auto; margin: 10px 0;\" src=\"https:\/\/a.allegroimg.com\/original\/03ea7e\/c6dd1ea64c3cafb7e7cd34bb0d39\" alt=\"Zdj\u0119cie produktu\" \/><\/p>\n<p>Na tej aukcji kupujesz bezpo\u015brednio od polskiego producenta &#8211; produkt oryginalny, polskiej produkcji.<\/p>\n<h2>Lampa dost\u0119pna w kilku kolorach:<\/h2>\n<ul>\n<li>Bia\u0142ym<\/li>\n<li>Szarym<\/li>\n<li>Czarnym<\/li>\n<\/ul>\n<p><img decoding=\"async\" style=\"max-width: 100%; height: auto; margin: 10px 0;\" src=\"https:\/\/a.allegroimg.com\/original\/0379da\/fcb5a5f647ccaebfd262ccfe1894\" alt=\"Zdj\u0119cie produktu\" \/><br \/>\n<img decoding=\"async\" style=\"max-width: 100%; height: auto; margin: 10px 0;\" src=\"https:\/\/a.allegroimg.com\/original\/039e2b\/5f853f80481fbc2263074e665a38\" alt=\"Zdj\u0119cie produktu\" \/><\/p>\n<p><b>Nowa lampa wisz\u0105ca z serii Brylant z drucianymi os\u0142onami \u017car\u00f3wek<\/b><\/p>\n<ul>\n<li>Nowoczesny Styl &#8211; \u00a0\u0142atwo wkomponuje si\u0119 w uk\u0142ad mieszkania<\/li>\n<\/ul>\n<ul>\n<li>Solidna metalowa konstrukcja malowana proszkowo<\/li>\n<\/ul>\n<ul>\n<li>Przeznaczona jako o\u015bwietlenie g\u0142\u00f3wne w pomieszczeniach o powierzchni 9-12 m2<\/li>\n<\/ul>\n<ul>\n<li>Regulacja ustawienia kloszy<\/li>\n<\/ul>\n<ul>\n<li>Lampa obs\u0142uguje wszystkie \u017car\u00f3wki z gwintem typu E27 do max 60 wat\u00f3w.<\/li>\n<\/ul>\n<ul>\n<li>Dodatkowym atutem s\u0105 dwa niezale\u017cne obwody elektryczne, dzi\u0119ki kt\u00f3rym w zale\u017cno\u015bci od potrzeb, mo\u017cemy sterowa\u0107 ilo\u015bci\u0105 w\u0142\u0105czonych \u017car\u00f3wek.<\/li>\n<\/ul>\n<ul>\n<li>Doskona\u0142y stosunek ceny do jako\u015bci<\/li>\n<\/ul>\n<h2>Dane techniczne:<\/h2>\n<ul>\n<li><b>materia\u0142 konstrukcji:<\/b>\u00a0Metal malowany proszkowo<\/li>\n<li><b>materia\u0142 kloszy: <\/b>Metalowy drut o \u015brednicy 3.8 mm<\/li>\n<li><b>wymiary:<\/b>\u00a0Wysoko\u015b\u0107 ca\u0142kowita max 23 cm\u00a0<b>,<\/b>\u00a0Rozpi\u0119to\u015b\u0107: max 50 cm, podsufitka o wymiarze: 20 x 20 cm,<\/li>\n<li><b>zasilanie:<\/b>\u00a0~230 [V] \/ bezpo\u015brednie z sieci, dwa niezale\u017cne obwody elektryczne, w\u0142\u0105czanie 2+1<\/li>\n<li><b>\u017ar\u00f3d\u0142o \u015bwiat\u0142a:<\/b>\u00a0E-27, \u015brednica \u017car\u00f3wki G95 lub mniejsza, zalecane LED<\/li>\n<li><b>spos\u00f3b monta\u017cu:<\/b> Ko\u0142ki rozporowe<\/li>\n<li><b>IP 20, Klasa I<\/b><\/li>\n<li>zestaw nie zawiera \u017car\u00f3wek oraz ko\u0142k\u00f3w rozporowych do monta\u017cu<\/li>\n<li><b>producent: <\/b>LUXOLAR Polska<\/li>\n<\/ul>\n<h2>WYMIARY:<\/h2>\n<p><img decoding=\"async\" style=\"max-width: 100%; height: auto; margin: 10px 0;\" src=\"https:\/\/a.allegroimg.com\/original\/03a3ab\/30765bb549c1b8d36d38c64eb961\" alt=\"Zdj\u0119cie produktu\" \/><\/p>\n<h2>Plafon wyposa\u017cony w specjalne przeguby s\u0142u\u017c\u0105ce do obrotu kloszem:<\/h2>\n<p><img decoding=\"async\" style=\"max-width: 100%; height: auto; margin: 10px 0;\" src=\"https:\/\/a.allegroimg.com\/original\/0353d8\/ee5ee48546df8eb4bc6c84b66983\" alt=\"Zdj\u0119cie produktu\" \/><br \/>\n<img decoding=\"async\" style=\"max-width: 100%; height: auto; margin: 10px 0;\" src=\"https:\/\/a.allegroimg.com\/original\/0392a1\/b732461e40599d865aaa4e08d543\" alt=\"Zdj\u0119cie produktu\" \/><\/p>\n<h2>Plafon przystosowany do wsp\u00f3\u0142pracy z w\u0142\u0105cznikiem 1 i 2 przyciskowym:<\/h2>\n<p><img decoding=\"async\" style=\"max-width: 100%; height: auto; margin: 10px 0;\" src=\"https:\/\/a.allegroimg.com\/original\/03ef1e\/5e8fc92b417b89f88eae3d0b6964\" alt=\"Zdj\u0119cie produktu\" \/><\/p>\n<h2>DOST\u0118PNE KOLORY DO WYBORU:<\/h2>\n<ul>\n<li>Bia\u0142y<\/li>\n<li>Szary<\/li>\n<li>Czarny<\/li>\n<\/ul>\n<p><img decoding=\"async\" style=\"max-width: 100%; height: auto; margin: 10px 0;\" src=\"https:\/\/a.allegroimg.com\/original\/0379da\/fcb5a5f647ccaebfd262ccfe1894\" alt=\"Zdj\u0119cie produktu\" \/><br \/>\n<img decoding=\"async\" style=\"max-width: 100%; height: auto; margin: 10px 0;\" src=\"https:\/\/a.allegroimg.com\/original\/035c83\/7c0e00594832b419bd886f0b3e03\" alt=\"Zdj\u0119cie produktu\" \/><br \/>\n<img decoding=\"async\" style=\"max-width: 100%; height: auto; margin: 10px 0;\" src=\"https:\/\/a.allegroimg.com\/original\/033116\/1c50f64640daa045c4b6cf2bd930\" alt=\"Zdj\u0119cie produktu\" \/><br \/>\n<img decoding=\"async\" style=\"max-width: 100%; height: auto; margin: 10px 0;\" src=\"https:\/\/a.allegroimg.com\/original\/039e2b\/5f853f80481fbc2263074e665a38\" alt=\"Zdj\u0119cie produktu\" \/><br \/>\n<img decoding=\"async\" style=\"max-width: 100%; height: auto; margin: 10px 0;\" src=\"https:\/\/a.allegroimg.com\/original\/039d2a\/d1bea54a4812a87f57a849bee158\" alt=\"Zdj\u0119cie produktu\" \/><\/p>\n<h2>ETAPY REALIZACJI ZAM\u00d3WIENIA:<\/h2>\n<ol>\n<li><b>Wybierz kolor\u00a0konstrukcji:\u00a0<\/b>Czarny, Szary lub Bia\u0142y<\/li>\n<li><b>Wpisz wybrany kolor <\/b>&#8211; w formularzu zam\u00f3wienia.<\/li>\n<\/ol>\n<p><b>Poprawne przes\u0142anie powy\u017cszych informacji znacznie przyspieszy realizacj\u0119 zam\u00f3wienia.<\/b><\/p>\n<h2>Parametry zalecanych \u017ar\u00f3de\u0142 \u015bwiat\u0142a:<\/h2>\n<ul>\n<li>Gwint: E27<\/li>\n<li>Rodzaj: Led CCD lub Filament<\/li>\n<li>Barwa: Ciep\u0142a bia\u0142a (2700-3000K)<\/li>\n<li>Strumie\u0144 \u015bwietlny : 800-1200 lm (odpowiednik 8-12W)<\/li>\n<\/ul>\n<p><img decoding=\"async\" style=\"max-width: 100%; height: auto; margin: 10px 0;\" src=\"https:\/\/a.allegroimg.com\/original\/039fa3\/623a808d45f2a87de3045ceb837e\" alt=\"Zdj\u0119cie produktu\" \/><\/p>\n<h2>Do zdj\u0119\u0107 u\u017cyto \u017bAR\u00d3WEK EDISON z w\u0142\u00f3knem LED<\/h2>\n<p>W\u0142\u00f3kna LED cechuje wysoka wydajno\u015b\u0107 oraz estetyka po\u0142\u0105czona z niskim zu\u017cyciem energii.<\/p>\n<p>\u017bar\u00f3wka to nie tylko \u017ar\u00f3d\u0142o \u015bwiata, ale tak\u017ce wa\u017cny wizualny szczeg\u00f3\u0142 lampy.<\/p>\n<h2>ARAN\u017bACJE:<\/h2>\n<p><img decoding=\"async\" style=\"max-width: 100%; height: auto; margin: 10px 0;\" src=\"https:\/\/a.allegroimg.com\/original\/0352c5\/a9d6911341789d20bcd1fb969112\" alt=\"Zdj\u0119cie produktu\" \/><br \/>\n<img decoding=\"async\" style=\"max-width: 100%; height: auto; margin: 10px 0;\" src=\"https:\/\/a.allegroimg.com\/original\/03d8fa\/d9d8a3874c128f426dbdd974647b\" alt=\"Zdj\u0119cie produktu\" \/><br \/>\n<img decoding=\"async\" style=\"max-width: 100%; height: auto; margin: 10px 0;\" src=\"https:\/\/a.allegroimg.com\/original\/03ea7e\/c6dd1ea64c3cafb7e7cd34bb0d39\" alt=\"Zdj\u0119cie produktu\" \/><\/p>\n","protected":false},"excerpt":{"rendered":"<p>Nowoczesna lampa plafon &#8211; wyposa\u017cona w dwa ruchome klosze wykonane z drutu.\u00a0 Styl Edison-Loft. Nr kat: 724-A2 LUXOLAR Wersja gotowa do zawieszenia &#8211; nie jest to zestaw do samodzielnego z\u0142o\u017cenia z cz\u0119\u015bci pierwszych Na tej aukcji kupujesz bezpo\u015brednio od polskiego producenta &#8211; produkt oryginalny, polskiej produkcji. Lampa dost\u0119pna w kilku kolorach: Bia\u0142ym Szarym Czarnym Nowa [&hellip;]<\/p>\n","protected":false},"featured_media":37545,"comment_status":"closed","ping_status":"closed","template":"","meta":{"_acf_changed":false},"product_brand":[162],"product_cat":[2596,2677],"product_tag":[2062],"class_list":{"0":"post-49688","1":"product","2":"type-product","3":"status-publish","4":"has-post-thumbnail","6":"product_brand-luxolar","7":"product_cat-2596","8":"product_cat-2677","9":"product_tag-2062","10":"pa_klasa-efektywnosci-a-uk","11":"pa_kod-producenta-724-a2-uk","12":"pa_kolekcja-724-uk","13":"pa_kolor-2234","14":"pa_kolor-2243","15":"pa_kolor-2236","16":"pa_liczba-punktow-swiatla-2-uk","17":"pa_marka-luxolar","18":"pa_material-dominujacy-2341","19":"pa_max-moc-pojed-zrodla-swiatla-60-uk","20":"pa_pomieszczenie-2437","21":"pa_pomieszczenie-2438","22":"pa_pomieszczenie-2439","23":"pa_pomieszczenie-2436","24":"pa_pomieszczenie-2442","25":"pa_pomieszczenie-2443","26":"pa_rodzaj-gwintu-e27-uk","27":"pa_rodzaj-lampy-2483","28":"pa_zasilanie-2543","29":"pa_zawiera-baterie-2545","30":"pa_zrodlo-swiatla-2547","32":"first","33":"instock","34":"purchasable","35":"product-type-simple"},"acf":[],"aioseo_notices":[],"_links":{"self":[{"href":"https:\/\/portallamp.invette.dev\/uk\/wp-json\/wp\/v2\/product\/49688","targetHints":{"allow":["GET"]}}],"collection":[{"href":"https:\/\/portallamp.invette.dev\/uk\/wp-json\/wp\/v2\/product"}],"about":[{"href":"https:\/\/portallamp.invette.dev\/uk\/wp-json\/wp\/v2\/types\/product"}],"replies":[{"embeddable":true,"href":"https:\/\/portallamp.invette.dev\/uk\/wp-json\/wp\/v2\/comments?post=49688"}],"wp:featuredmedia":[{"embeddable":true,"href":"https:\/\/portallamp.invette.dev\/uk\/wp-json\/wp\/v2\/media\/37545"}],"wp:attachment":[{"href":"https:\/\/portallamp.invette.dev\/uk\/wp-json\/wp\/v2\/media?parent=49688"}],"wp:term":[{"taxonomy":"product_brand","embeddable":true,"href":"https:\/\/portallamp.invette.dev\/uk\/wp-json\/wp\/v2\/product_brand?post=49688"},{"taxonomy":"product_cat","embeddable":true,"href":"https:\/\/portallamp.invette.dev\/uk\/wp-json\/wp\/v2\/product_cat?post=49688"},{"taxonomy":"product_tag","embeddable":true,"href":"https:\/\/portallamp.invette.dev\/uk\/wp-json\/wp\/v2\/product_tag?post=49688"}],"curies":[{"name":"wp","href":"https:\/\/api.w.org\/{rel}","templated":true}]}}