{"id":49718,"date":"2025-07-03T18:06:41","date_gmt":"2025-07-03T16:06:41","guid":{"rendered":"https:\/\/portallamp.invette.dev\/produkt\/lampa-wiszaca-sufitowa-zyrandol-diament-led-299-e3\/"},"modified":"2025-07-03T18:06:41","modified_gmt":"2025-07-03T16:06:41","slug":"lampa-wiszaca-sufitowa-zyrandol-diament-led-299-e3","status":"publish","type":"product","link":"https:\/\/portallamp.invette.dev\/uk\/produkt\/lampa-wiszaca-sufitowa-zyrandol-diament-led-299-e3\/","title":{"rendered":"LAMPA WISZ\u0104CA SUFITOWA \u017bYRANDOL DIAMENT LED 299-E3"},"content":{"rendered":"<h1>Designerska lampa sufitowa wisz\u0105ca zaprojektowana w nowoczesnym stylu.<\/h1>\n<p><b>Wersja w pe\u0142ni z\u0142o\u017cona &#8211; nie jest to zestaw do samodzielnego monta\u017cu<\/b><\/p>\n<h2>Lampa dost\u0119pna w trzech kolorach konstrukcji:<\/h2>\n<ul>\n<li>Czarny<\/li>\n<li>Szary<\/li>\n<li>Bia\u0142y<\/li>\n<\/ul>\n<p><img decoding=\"async\" style=\"max-width: 100%; height: auto; margin: 10px 0;\" src=\"https:\/\/1.allegroimg.com\/original\/03ad00\/ce1f1ca24d43b98edc4fac132af1\" alt=\"Zdj\u0119cie produktu\" \/><br \/>\n<img decoding=\"async\" style=\"max-width: 100%; height: auto; margin: 10px 0;\" src=\"https:\/\/0.allegroimg.com\/original\/03705e\/a30f36224b9b9173dcbbb0eb7400\" alt=\"Zdj\u0119cie produktu\" \/><\/p>\n<p><b>Oryginalna lampa wisz\u0105ca z serii Diament nr. kat 299-E3<\/b><\/p>\n<ul>\n<li><b>3<\/b>\u00a0kolory konstrukcji do wyboru<\/li>\n<\/ul>\n<ul>\n<li><b>9<\/b>\u00a0kolor\u00f3w aba\u017cur\u00f3w do wyboru<\/li>\n<\/ul>\n<ul>\n<li>Estetyczny monta\u017c &#8211; brak widocznych \u015brub, wkr\u0119t\u00f3w.<\/li>\n<\/ul>\n<ul>\n<li>Przeznaczona jako o\u015bwietlenie g\u0142\u00f3wne w pomieszczeniach o powierzchni 9-16 m2 z wy\u0142\u0105czeniem \u0142azienki i miejsc o podwy\u017cszonej wilgotno\u015bci<\/li>\n<\/ul>\n<ul>\n<li>Wysoko\u015b\u0107 regulowana w zakresie od 40 do 70 cm<\/li>\n<\/ul>\n<ul>\n<li>Lampa obs\u0142uguje wszystkie \u017car\u00f3wki z gwintem typu E27 do max 40 wat\u00f3w, zalecane LED o barwie ciep\u0142ej lub neutralnej<\/li>\n<\/ul>\n<ul>\n<li>Dodatkowym atutem s\u0105 dwa niezale\u017cne obwody elektryczne, dzi\u0119ki kt\u00f3rym w zale\u017cno\u015bci od potrzeb, mo\u017cemy sterowa\u0107 ilo\u015bci\u0105 w\u0142\u0105czonych \u017car\u00f3wek.<\/li>\n<\/ul>\n<ul>\n<li>Cena &#8211; za podobn\u0105 lamp\u0119 w popularnych marketach budowlanych zap\u0142acisz od 180 do 300z\u0142<\/li>\n<\/ul>\n<ul>\n<li>Klienci docenili doskona\u0142\u0105 jako\u015b\u0107 tej lampy (zak\u0142adka &#8220;Ocena produktu&#8221;)<\/li>\n<\/ul>\n<h2>Dane techniczne:<\/h2>\n<ul>\n<li><b>materia\u0142 konstrukcji:<\/b>\u00a0metal malowany proszkowo<\/li>\n<li><b>materia\u0142 aba\u017cur\u00f3w:\u00a0<\/b>Tkanina w wybranym kolorze na zewn\u0105trz, bia\u0142e pcv od wewn\u0105trz<\/li>\n<li><b>wymiary:<\/b>\u00a0Wysoko\u015b\u0107 ca\u0142kowita max 70 cm\u00a0<b>,<\/b>\u00a0\u015brednica podsufitki: 30 cm,<\/li>\n<li><b>zasilanie:<\/b>\u00a0~230 [V] \/ bezpo\u015brednie z sieci, dwa niezale\u017cne obwody elektryczne, w\u0142\u0105czanie 2+1<\/li>\n<li><b>\u017ar\u00f3d\u0142o \u015bwiat\u0142a:<\/b>\u00a0E-27 do max 40 W, rodzaj dowolny.<\/li>\n<li><b>spos\u00f3b monta\u017cu:<\/b> Ko\u0142ki rozporowe, po zamontowaniu lamp\u0119 mo\u017cna obr\u00f3ci\u0107 ustawiaj\u0105c np kr\u00f3tszym przewodem do frontu<\/li>\n<li><b>IP 20, Klasa I<\/b><\/li>\n<li><b>zestaw nie zawiera \u017car\u00f3wek oraz ko\u0142k\u00f3w rozporowych do monta\u017cu<\/b><\/li>\n<li><b>producent: <\/b>LUXOLAR Polska<\/li>\n<\/ul>\n<h2>WYMIARY:<\/h2>\n<p><img decoding=\"async\" style=\"max-width: 100%; height: auto; margin: 10px 0;\" src=\"https:\/\/5.allegroimg.com\/original\/03e503\/f1617ed04796b211a6d64ab61075\" alt=\"Zdj\u0119cie produktu\" \/><br \/>\n<img decoding=\"async\" style=\"max-width: 100%; height: auto; margin: 10px 0;\" src=\"https:\/\/e.allegroimg.com\/original\/03ee0a\/800d82764f81abf2e35efc881aae\" alt=\"Zdj\u0119cie produktu\" \/><br \/>\n<img decoding=\"async\" style=\"max-width: 100%; height: auto; margin: 10px 0;\" src=\"https:\/\/3.allegroimg.com\/original\/03fda9\/6237f52e4fa381d970aef95baa43\" alt=\"Zdj\u0119cie produktu\" \/><br \/>\n<img decoding=\"async\" style=\"max-width: 100%; height: auto; margin: 10px 0;\" src=\"https:\/\/f.allegroimg.com\/original\/03968a\/9e0a895543c482f2e27581afae0f\" alt=\"Zdj\u0119cie produktu\" \/><br \/>\n<img decoding=\"async\" style=\"max-width: 100%; height: auto; margin: 10px 0;\" src=\"https:\/\/1.allegroimg.com\/original\/03ad00\/ce1f1ca24d43b98edc4fac132af1\" alt=\"Zdj\u0119cie produktu\" \/><\/p>\n<h2>KOLORY ABA\u017bUR\u00d3W DO WYBORU:<\/h2>\n<ul>\n<li>Czerwony<\/li>\n<li>Bia\u0142y<\/li>\n<li>Czarny<\/li>\n<li>Szary<\/li>\n<li>Niebieski<\/li>\n<li>Granatowy<\/li>\n<li>Jasny Pomara\u0144cz<\/li>\n<li>Jasny Zielony<\/li>\n<li>Pudrowy R\u00f3\u017c<\/li>\n<\/ul>\n<p><img decoding=\"async\" style=\"max-width: 100%; height: auto; margin: 10px 0;\" src=\"https:\/\/d.allegroimg.com\/original\/03fbaa\/214e369d410595bd7b92ed502cbd\" alt=\"Zdj\u0119cie produktu\" \/><\/p>\n<h2>Mo\u017cliwo\u015b\u0107 tworzenia MIKS\u00d3W &#8211; wybierania R\u00d3\u017bNYCH KOLOR\u00d3W.<\/h2>\n<p><img decoding=\"async\" style=\"max-width: 100%; height: auto; margin: 10px 0;\" src=\"https:\/\/2.allegroimg.com\/original\/03acdf\/ca7ebee3475b86f3971a8f979d32\" alt=\"Zdj\u0119cie produktu\" \/><\/p>\n<h2>ZALECANE \u017bAR\u00d3WKI:<\/h2>\n<p><img decoding=\"async\" style=\"max-width: 100%; height: auto; margin: 10px 0;\" src=\"https:\/\/9.allegroimg.com\/original\/032db4\/5558f6a140d88390bbebc8158af9\" alt=\"Zdj\u0119cie produktu\" \/><\/p>\n<h2>\u017bar\u00f3wka LED o barwie ciep\u0142ej.<\/h2>\n<h2>Gwint E27<\/h2>\n<h2>Tradycyjny kszta\u0142t w po\u0142\u0105czeniu z nowoczesnymi diodami SMD<\/h2>\n<h2>ETAPY REALIZACJI ZAM\u00d3WIENIA:<\/h2>\n<ol>\n<li><b>Wybierz kolor\u00a0konstrukcji:\u00a0<\/b>Bia\u0142y , Szary lub Czarny<\/li>\n<li><b>Wybierz kolory aba\u017cur\u00f3w:<\/b>\u00a0Czerwony, Bia\u0142y, Czarny, Szary, Niebieski, Granatowy, Jasny Pomara\u0144cz, Jasny Zielony, Pudrowy R\u00f3\u017c<\/li>\n<li><b>Wpisz wybran\u0105 konfiguracj\u0119<\/b>\u00a0&#8211; w formularzu zam\u00f3wienia.<\/li>\n<\/ol>\n<p><b>Poprawne przes\u0142anie powy\u017cszych informacji znacznie przyspieszy realizacj\u0119 zam\u00f3wienia.<\/b><\/p>\n<h2>PRZYK\u0141ADY ARAN\u017bACJI:<\/h2>\n<p><img decoding=\"async\" style=\"max-width: 100%; height: auto; margin: 10px 0;\" src=\"https:\/\/a.allegroimg.com\/original\/037408\/f35256f34984a4a104e8c2457725\" alt=\"Zdj\u0119cie produktu\" \/><br \/>\n<img decoding=\"async\" style=\"max-width: 100%; height: auto; margin: 10px 0;\" src=\"https:\/\/a.allegroimg.com\/original\/03e955\/b6c2916a434eaa2528d5c303469a\" alt=\"Zdj\u0119cie produktu\" \/><br \/>\n<img decoding=\"async\" style=\"max-width: 100%; height: auto; margin: 10px 0;\" src=\"https:\/\/5.allegroimg.com\/original\/039365\/ea5403e84292bf6561ad2a9bc735\" alt=\"Zdj\u0119cie produktu\" \/><br \/>\n<img decoding=\"async\" style=\"max-width: 100%; height: auto; margin: 10px 0;\" src=\"https:\/\/a.allegroimg.com\/original\/0323b4\/59fd063a4e07803cf051fb93aa92\" alt=\"Zdj\u0119cie produktu\" \/><br \/>\n<img decoding=\"async\" style=\"max-width: 100%; height: auto; margin: 10px 0;\" src=\"https:\/\/8.allegroimg.com\/original\/035c13\/c4477f294494965870c4027898d8\" alt=\"Zdj\u0119cie produktu\" \/><\/p>\n","protected":false},"excerpt":{"rendered":"<p>Designerska lampa sufitowa wisz\u0105ca zaprojektowana w nowoczesnym stylu. Wersja w pe\u0142ni z\u0142o\u017cona &#8211; nie jest to zestaw do samodzielnego monta\u017cu Lampa dost\u0119pna w trzech kolorach konstrukcji: Czarny Szary Bia\u0142y Oryginalna lampa wisz\u0105ca z serii Diament nr. kat 299-E3 3\u00a0kolory konstrukcji do wyboru 9\u00a0kolor\u00f3w aba\u017cur\u00f3w do wyboru Estetyczny monta\u017c &#8211; brak widocznych \u015brub, wkr\u0119t\u00f3w. Przeznaczona jako [&hellip;]<\/p>\n","protected":false},"featured_media":37310,"comment_status":"closed","ping_status":"closed","template":"","meta":{"_acf_changed":false},"product_brand":[162],"product_cat":[2596,2677],"product_tag":[2062],"class_list":{"0":"post-49718","1":"product","2":"type-product","3":"status-publish","4":"has-post-thumbnail","6":"product_brand-luxolar","7":"product_cat-2596","8":"product_cat-2677","9":"product_tag-2062","10":"pa_klasa-efektywnosci-a-uk","11":"pa_kod-producenta-299-e3-uk","12":"pa_kolekcja-299-uk","13":"pa_kolor-2244","14":"pa_kolor-2234","15":"pa_kolor-2245","16":"pa_kolor-2240","17":"pa_kolor-2241","18":"pa_kolor-2239","19":"pa_kolor-2243","20":"pa_kolor-2237","21":"pa_kolor-2236","22":"pa_liczba-punktow-swiatla-3-uk","23":"pa_marka-luxolar","24":"pa_material-dominujacy-2341","25":"pa_max-moc-pojed-zrodla-swiatla-40-uk","26":"pa_pomieszczenie-2437","27":"pa_pomieszczenie-2438","28":"pa_pomieszczenie-2439","29":"pa_pomieszczenie-2436","30":"pa_pomieszczenie-2442","31":"pa_pomieszczenie-2443","32":"pa_rodzaj-gwintu-e27-uk","33":"pa_rodzaj-lampy-2483","34":"pa_zasilanie-2543","35":"pa_zawiera-baterie-2545","36":"pa_zrodlo-swiatla-2547","38":"first","39":"instock","40":"purchasable","41":"product-type-simple"},"acf":[],"aioseo_notices":[],"_links":{"self":[{"href":"https:\/\/portallamp.invette.dev\/uk\/wp-json\/wp\/v2\/product\/49718","targetHints":{"allow":["GET"]}}],"collection":[{"href":"https:\/\/portallamp.invette.dev\/uk\/wp-json\/wp\/v2\/product"}],"about":[{"href":"https:\/\/portallamp.invette.dev\/uk\/wp-json\/wp\/v2\/types\/product"}],"replies":[{"embeddable":true,"href":"https:\/\/portallamp.invette.dev\/uk\/wp-json\/wp\/v2\/comments?post=49718"}],"wp:featuredmedia":[{"embeddable":true,"href":"https:\/\/portallamp.invette.dev\/uk\/wp-json\/wp\/v2\/media\/37310"}],"wp:attachment":[{"href":"https:\/\/portallamp.invette.dev\/uk\/wp-json\/wp\/v2\/media?parent=49718"}],"wp:term":[{"taxonomy":"product_brand","embeddable":true,"href":"https:\/\/portallamp.invette.dev\/uk\/wp-json\/wp\/v2\/product_brand?post=49718"},{"taxonomy":"product_cat","embeddable":true,"href":"https:\/\/portallamp.invette.dev\/uk\/wp-json\/wp\/v2\/product_cat?post=49718"},{"taxonomy":"product_tag","embeddable":true,"href":"https:\/\/portallamp.invette.dev\/uk\/wp-json\/wp\/v2\/product_tag?post=49718"}],"curies":[{"name":"wp","href":"https:\/\/api.w.org\/{rel}","templated":true}]}}