{"id":49721,"date":"2025-07-03T18:06:41","date_gmt":"2025-07-03T16:06:41","guid":{"rendered":"https:\/\/portallamp.invette.dev\/produkt\/klosz-z-drutu-metalowy-do-lamp-edison-loft-druciak\/"},"modified":"2025-07-03T18:06:41","modified_gmt":"2025-07-03T16:06:41","slug":"klosz-z-drutu-metalowy-do-lamp-edison-loft-druciak","status":"publish","type":"product","link":"https:\/\/portallamp.invette.dev\/uk\/produkt\/klosz-z-drutu-metalowy-do-lamp-edison-loft-druciak\/","title":{"rendered":"Klosz z drutu metalowy do lamp Edison LOFT Druciak"},"content":{"rendered":"<h1>Przedmiotem sprzeda\u017cy jest:<\/h1>\n<h1>Klosz wykonany z drutu stosowany w lampach, kinkietach, \u017cyrandolach z oprawk\u0105 typu E27<\/h1>\n<p><b>Dost\u0119pny w kolorach:<\/b><\/p>\n<ul>\n<li>Czarny mat<\/li>\n<li>Bia\u0142y g\u0142adki<\/li>\n<li>Szary<\/li>\n<\/ul>\n<p><img decoding=\"async\" src=\"https:\/\/7.allegroimg.com\/original\/034ef3\/15373de74785a37f7e3fc48da077\" alt=\"Zdj\u0119cie produktu\" style=\"max-width:100%; height:auto; margin:10px 0;\"><br \/>\n<img decoding=\"async\" src=\"https:\/\/7.allegroimg.com\/original\/034793\/dfa517fb47beb8ecb3fbb8cc4a67\" alt=\"Zdj\u0119cie produktu\" style=\"max-width:100%; height:auto; margin:10px 0;\"><\/p>\n<h1>Dane techniczne:<\/h1>\n<ul>\n<li><b>materia\u0142 konstrukcji:<\/b>&nbsp;metal malowany proszkowo<\/li>\n<li><b>obs\u0142ugiwane \u017car\u00f3wki:&nbsp;<\/b>z gwintem E27&nbsp; o \u015brednicy klosza do max 12 cm<\/li>\n<li><b>grubo\u015b\u0107 drutu:<\/b> 3.8 mm<\/li>\n<li><b>wymiary:<\/b>&nbsp;wysoko\u015b\u0107 13 cm &#8211;&nbsp;&nbsp;szeroko\u015b\u0107 18 cm, \u015brednica podstawy: 12 cm, \u015brednica otworu pod oprawk\u0119: 4,2 cm<\/li>\n<\/ul>\n<h1>Przyk\u0142ad zastosowania:<\/h1>\n<p><img decoding=\"async\" src=\"https:\/\/a.allegroimg.com\/original\/03b864\/8fcc7b494897bab9ae78dbae045a\" alt=\"Zdj\u0119cie produktu\" style=\"max-width:100%; height:auto; margin:10px 0;\"><\/p>\n<h2>ETAPY REALIZACJI ZAM\u00d3WIENIA:<\/h2>\n<ol>\n<li><b>Wybierz kolor:&nbsp;&nbsp;<\/b>Czarny mat, Bia\u0142y g\u0142adki lub Szary<\/li>\n<li><b>Prze\u015blij wybran\u0105 konfiguracj\u0119<\/b>&nbsp;&#8211; w formularzu zam\u00f3wienia..<\/li>\n<\/ol>\n<p><b>Poprawne przes\u0142anie powy\u017cszych informacji znacznie przyspieszy realizacj\u0119 zam\u00f3wienia.<\/b><\/p>\n","protected":false},"excerpt":{"rendered":"<p>Przedmiotem sprzeda\u017cy jest: Klosz wykonany z drutu stosowany w lampach, kinkietach, \u017cyrandolach z oprawk\u0105 typu E27 Dost\u0119pny w kolorach: Czarny mat Bia\u0142y g\u0142adki Szary Dane techniczne: materia\u0142 konstrukcji:&nbsp;metal malowany proszkowo obs\u0142ugiwane \u017car\u00f3wki:&nbsp;z gwintem E27&nbsp; o \u015brednicy klosza do max 12 cm grubo\u015b\u0107 drutu: 3.8 mm wymiary:&nbsp;wysoko\u015b\u0107 13 cm &#8211;&nbsp;&nbsp;szeroko\u015b\u0107 18 cm, \u015brednica podstawy: 12 cm, [&hellip;]<\/p>\n","protected":false},"featured_media":36728,"comment_status":"closed","ping_status":"open","template":"","meta":{"_acf_changed":false},"product_brand":[475],"product_cat":[3123],"product_tag":[],"class_list":{"0":"post-49721","1":"product","2":"type-product","3":"status-publish","4":"has-post-thumbnail","6":"product_brand-inna","7":"product_cat-3123","8":"pa_gwint-e27-uk","9":"pa_kod-producenta-w031-uk","10":"pa_kolor-2234","11":"pa_kolor-2243","12":"pa_kolor-2236","13":"pa_marka-inna","14":"pa_material-wykonania-2356","15":"pa_mocowanie-2417","16":"pa_rodzaj--uk","18":"first","19":"instock","20":"purchasable","21":"product-type-simple"},"acf":[],"aioseo_notices":[],"_links":{"self":[{"href":"https:\/\/portallamp.invette.dev\/uk\/wp-json\/wp\/v2\/product\/49721","targetHints":{"allow":["GET"]}}],"collection":[{"href":"https:\/\/portallamp.invette.dev\/uk\/wp-json\/wp\/v2\/product"}],"about":[{"href":"https:\/\/portallamp.invette.dev\/uk\/wp-json\/wp\/v2\/types\/product"}],"replies":[{"embeddable":true,"href":"https:\/\/portallamp.invette.dev\/uk\/wp-json\/wp\/v2\/comments?post=49721"}],"wp:featuredmedia":[{"embeddable":true,"href":"https:\/\/portallamp.invette.dev\/uk\/wp-json\/wp\/v2\/media\/36728"}],"wp:attachment":[{"href":"https:\/\/portallamp.invette.dev\/uk\/wp-json\/wp\/v2\/media?parent=49721"}],"wp:term":[{"taxonomy":"product_brand","embeddable":true,"href":"https:\/\/portallamp.invette.dev\/uk\/wp-json\/wp\/v2\/product_brand?post=49721"},{"taxonomy":"product_cat","embeddable":true,"href":"https:\/\/portallamp.invette.dev\/uk\/wp-json\/wp\/v2\/product_cat?post=49721"},{"taxonomy":"product_tag","embeddable":true,"href":"https:\/\/portallamp.invette.dev\/uk\/wp-json\/wp\/v2\/product_tag?post=49721"}],"curies":[{"name":"wp","href":"https:\/\/api.w.org\/{rel}","templated":true}]}}