{"id":49727,"date":"2025-07-03T18:06:41","date_gmt":"2025-07-03T16:06:41","guid":{"rendered":"https:\/\/portallamp.invette.dev\/produkt\/klosz-z-drutu-metalowy-do-lamp-edison-loft-druciak-2\/"},"modified":"2025-07-03T18:06:41","modified_gmt":"2025-07-03T16:06:41","slug":"klosz-z-drutu-metalowy-do-lamp-edison-loft-druciak-2","status":"publish","type":"product","link":"https:\/\/portallamp.invette.dev\/uk\/produkt\/klosz-z-drutu-metalowy-do-lamp-edison-loft-druciak-2\/","title":{"rendered":"Klosz z drutu metalowy do lamp Edison LOFT Druciak"},"content":{"rendered":"<h1>Przedmiot sprzeda\u017cy: <\/h1>\n<h2>Klosz wykonany z drutu stosowany w lampach z oprawk\u0105 typu E27<\/h2>\n<p><img decoding=\"async\" src=\"https:\/\/4.allegroimg.com\/original\/0302eb\/5dcd49954477bba6f2ca0f8280a4\" alt=\"Zdj\u0119cie produktu\" style=\"max-width:100%; height:auto; margin:10px 0;\"><\/p>\n<p><b>Dost\u0119pny w kolorach:<\/b><\/p>\n<ul>\n<li>Czarny mat<\/li>\n<li>Bia\u0142y g\u0142adki<\/li>\n<li>Ciemny Br\u0105z<\/li>\n<li>Miedziany<\/li>\n<\/ul>\n<h1>Dane techniczne:<\/h1>\n<ul>\n<li><b>materia\u0142 konstrukcji:<\/b>&nbsp;metal malowany proszkowo<\/li>\n<li><b>obs\u0142ugiwane \u017car\u00f3wki:&nbsp;<\/b>wszystkie z gwintem E27&nbsp; o \u015brednicy klosza max 11 cm<\/li>\n<li><b>\u015brednica drutu:<\/b> 3.8 mm<\/li>\n<li><b>wymiary:<\/b>&nbsp;wysoko\u015b\u0107 13 cm &#8211;&nbsp;&nbsp;\u015arednica 14 cm<\/li>\n<\/ul>\n<p><img decoding=\"async\" src=\"https:\/\/8.allegroimg.com\/original\/03269e\/8b8b75184441a5b7834b5a698ff8\" alt=\"Zdj\u0119cie produktu\" style=\"max-width:100%; height:auto; margin:10px 0;\"><br \/>\n<img decoding=\"async\" src=\"https:\/\/5.allegroimg.com\/original\/0397e2\/02dcf6c3429391c51b4fb7c75175\" alt=\"Zdj\u0119cie produktu\" style=\"max-width:100%; height:auto; margin:10px 0;\"><\/p>\n<h1>Przyk\u0142ad zastosowania:<\/h1>\n<p><img decoding=\"async\" src=\"https:\/\/c.allegroimg.com\/original\/03406b\/8a27e60b401e9468424164d074cc\" alt=\"Zdj\u0119cie produktu\" style=\"max-width:100%; height:auto; margin:10px 0;\"><\/p>\n<h2>ETAPY REALIZACJI ZAM\u00d3WIENIA:<\/h2>\n<ol>\n<li><b>Wybierz kolor:&nbsp;&nbsp;<\/b>Czarny mat, Bia\u0142y g\u0142adki, Ciemny br\u0105z lub Miedziany<\/li>\n<li><b>Prze\u015blij wybran\u0105 konfiguracj\u0119<\/b> &#8211; w formularzu zam\u00f3wienia<\/li>\n<\/ol>\n<p><b>Poprawne przes\u0142anie powy\u017cszych informacji znacznie przyspieszy realizacj\u0119 zam\u00f3wienia.<\/b><\/p>\n","protected":false},"excerpt":{"rendered":"<p>Przedmiot sprzeda\u017cy: Klosz wykonany z drutu stosowany w lampach z oprawk\u0105 typu E27 Dost\u0119pny w kolorach: Czarny mat Bia\u0142y g\u0142adki Ciemny Br\u0105z Miedziany Dane techniczne: materia\u0142 konstrukcji:&nbsp;metal malowany proszkowo obs\u0142ugiwane \u017car\u00f3wki:&nbsp;wszystkie z gwintem E27&nbsp; o \u015brednicy klosza max 11 cm \u015brednica drutu: 3.8 mm wymiary:&nbsp;wysoko\u015b\u0107 13 cm &#8211;&nbsp;&nbsp;\u015arednica 14 cm Przyk\u0142ad zastosowania: ETAPY REALIZACJI ZAM\u00d3WIENIA: [&hellip;]<\/p>\n","protected":false},"featured_media":36764,"comment_status":"closed","ping_status":"open","template":"","meta":{"_acf_changed":false},"product_brand":[475],"product_cat":[3123],"product_tag":[],"class_list":{"0":"post-49727","1":"product","2":"type-product","3":"status-publish","4":"has-post-thumbnail","6":"product_brand-inna","7":"product_cat-3123","8":"pa_gwint-e27-uk","9":"pa_kod-producenta-w030-uk","10":"pa_kolor-2233","11":"pa_kolor-2234","12":"pa_kolor-2246","13":"pa_kolor-2236","14":"pa_marka-inna","15":"pa_material-wykonania-2356","16":"pa_mocowanie-2417","17":"pa_rodzaj--uk","19":"first","20":"instock","21":"purchasable","22":"product-type-simple"},"acf":[],"aioseo_notices":[],"_links":{"self":[{"href":"https:\/\/portallamp.invette.dev\/uk\/wp-json\/wp\/v2\/product\/49727","targetHints":{"allow":["GET"]}}],"collection":[{"href":"https:\/\/portallamp.invette.dev\/uk\/wp-json\/wp\/v2\/product"}],"about":[{"href":"https:\/\/portallamp.invette.dev\/uk\/wp-json\/wp\/v2\/types\/product"}],"replies":[{"embeddable":true,"href":"https:\/\/portallamp.invette.dev\/uk\/wp-json\/wp\/v2\/comments?post=49727"}],"wp:featuredmedia":[{"embeddable":true,"href":"https:\/\/portallamp.invette.dev\/uk\/wp-json\/wp\/v2\/media\/36764"}],"wp:attachment":[{"href":"https:\/\/portallamp.invette.dev\/uk\/wp-json\/wp\/v2\/media?parent=49727"}],"wp:term":[{"taxonomy":"product_brand","embeddable":true,"href":"https:\/\/portallamp.invette.dev\/uk\/wp-json\/wp\/v2\/product_brand?post=49727"},{"taxonomy":"product_cat","embeddable":true,"href":"https:\/\/portallamp.invette.dev\/uk\/wp-json\/wp\/v2\/product_cat?post=49727"},{"taxonomy":"product_tag","embeddable":true,"href":"https:\/\/portallamp.invette.dev\/uk\/wp-json\/wp\/v2\/product_tag?post=49727"}],"curies":[{"name":"wp","href":"https:\/\/api.w.org\/{rel}","templated":true}]}}