{"id":49736,"date":"2025-07-03T18:06:41","date_gmt":"2025-07-03T16:06:41","guid":{"rendered":"https:\/\/portallamp.invette.dev\/produkt\/lampa-wiszaca-sufitowa-zyrandol-plafon-diament-led-7\/"},"modified":"2025-07-03T18:06:41","modified_gmt":"2025-07-03T16:06:41","slug":"lampa-wiszaca-sufitowa-zyrandol-plafon-diament-led-7","status":"publish","type":"product","link":"https:\/\/portallamp.invette.dev\/uk\/produkt\/lampa-wiszaca-sufitowa-zyrandol-plafon-diament-led-7\/","title":{"rendered":"LAMPA WISZ\u0104CA SUFITOWA \u017bYRANDOL PLAFON DIAMENT LED"},"content":{"rendered":"<h1>Przedmiotem sprzeda\u017cy jest:<\/h1>\n<h2>Nowa Lampa Wisz\u0105ca z serii Diament nr kat: 299-H3 LED producent LUXOLAR w dowolnej konfiguracji kolor\u00f3w.<\/h2>\n<\/p>\n<p><img decoding=\"async\" src=\"https:\/\/7.allegroimg.com\/original\/03f39c\/c61fa1f044838f7e34dee2e2ec07\" alt=\"Zdj\u0119cie produktu\" style=\"max-width:100%; height:auto; margin:10px 0;\"><\/p>\n<p><b>Lampa sufitowa wisz\u0105ca \u017cyrandol Diament 299-H3&nbsp; z aba\u017curami w kszta\u0142cie&nbsp; trzech&nbsp; diament\u00f3w.<\/b><\/p>\n<ul>\n<li>Kolor konstrukcji: Szary<\/li>\n<\/ul>\n<ul>\n<li>Kolor przewod\u00f3w: Szary oplot<\/li>\n<\/ul>\n<ul>\n<li>Kolor aba\u017cur\u00f3w: <b>do wyboru z 9 dost\u0119pnych<\/b><\/li>\n<\/ul>\n<ul>\n<li>Lampa diament obs\u0142uguje wszystkie \u017car\u00f3wki z gwintem typu E27 do max 60 wat\u00f3w &#8211; zalecane energooszcz\u0119dne LED,<\/li>\n<\/ul>\n<ul>\n<li>Dwa niezale\u017cne obwody elektryczne<\/li>\n<\/ul>\n<h1>Dane techniczne:<\/h1>\n<ul>\n<li><b>Oznaczenie producenta: <\/b>LUXOLAR nr kat: 299-H3<\/li>\n<li><b>materia\u0142 konstrukcji:<\/b>&nbsp;metal malowany proszkowo<\/li>\n<li><b>materia\u0142 aba\u017cur\u00f3w:&nbsp;<\/b>Tkanina w wybranym kolorze na zewn\u0105trz, bia\u0142e pcv od wewn\u0105trz<\/li>\n<li><b>wymiary:<\/b>&nbsp;wysoko\u015b\u0107 ca\u0142kowita lampy 70 cm &#8211; <b>przed monta\u017cem<\/b>&nbsp;<b>mo\u017cliwo\u015b\u0107 regulacji,<\/b>&nbsp;\u015brednica podsufitki: 10 cm<\/li>\n<li><b>zasilanie:<\/b>&nbsp;~230 [V] \/ bezpo\u015brednie z sieci, dwa niezale\u017cne obwody elektryczne, przy\u0142\u0105cze 4-torowe<\/li>\n<li><b>\u017ar\u00f3d\u0142o \u015bwiat\u0142a:<\/b>&nbsp;E-27 zalecany LED<\/li>\n<li><b>IP 20, Klasa I<\/b><\/li>\n<li><b>zestaw nie zawiera \u017car\u00f3wek oraz ko\u0142k\u00f3w rozporowych do monta\u017cu<\/b><\/li>\n<li><b>producent: <\/b>LUXOLAR<\/li>\n<\/ul>\n<p><img decoding=\"async\" src=\"https:\/\/b.allegroimg.com\/original\/032277\/d5a3a2664837b16954bd97d7672b\" alt=\"Zdj\u0119cie produktu\" style=\"max-width:100%; height:auto; margin:10px 0;\"><br \/>\n<img decoding=\"async\" src=\"https:\/\/0.allegroimg.com\/original\/0377b3\/c0dd1b874b7a995dd33014f3ef30\" alt=\"Zdj\u0119cie produktu\" style=\"max-width:100%; height:auto; margin:10px 0;\"><br \/>\n<img decoding=\"async\" src=\"https:\/\/a.allegroimg.com\/original\/033620\/86f73d9f45e6b259070835e4208a\" alt=\"Zdj\u0119cie produktu\" style=\"max-width:100%; height:auto; margin:10px 0;\"><\/p>\n<ul>\n<li>Wn\u0119trze aba\u017cura w kolorze bia\u0142ym<\/li>\n<\/ul>\n<ul>\n<li>Wybrany kolor na zewn\u0105trz<\/li>\n<\/ul>\n<ul>\n<li>\u015arednica otworu monta\u017cowego: 42 cm<\/li>\n<\/ul>\n<h1>KOLOR ABA\u017bUR\u00d3W DO WYBORU:<\/h1>\n<p><img decoding=\"async\" src=\"https:\/\/a.allegroimg.com\/original\/03dc5a\/9e8b9ec54e5d90dd9af25b8482ea\" alt=\"Zdj\u0119cie produktu\" style=\"max-width:100%; height:auto; margin:10px 0;\"><\/p>\n<h1>Mo\u017cliwo\u015b\u0107 tworzenia MIKS\u00d3W &#8211; wybierania R\u00d3\u017bNYCH KOLOR\u00d3W.<\/h1>\n<h1>Przyk\u0142ad zam\u00f3wienia:<\/h1>\n<p><img decoding=\"async\" src=\"https:\/\/f.allegroimg.com\/original\/035d97\/4c0708a1499c8b3b8db34161ef9f\" alt=\"Zdj\u0119cie produktu\" style=\"max-width:100%; height:auto; margin:10px 0;\"><\/p>\n<h2>ETAPY REALIZACJI ZAM\u00d3WIENIA:<\/h2>\n<ol>\n<li><b>Wybierz kolor&nbsp;aba\u017cura<\/b>: Bia\u0142y, Czarny, Szary, Czerwony, Niebieski, Granatowy, Jasny zielony, Jasny pomara\u0144cz lub Pudrowy R\u00f3\u017c.<\/li>\n<li><b>Prze\u015blij wybran\u0105 konfiguracj\u0119<\/b> &#8211; w formularzu zam\u00f3wienia<\/li>\n<\/ol>\n<p><b>Poprawne przes\u0142anie powy\u017cszych informacji znacznie przyspieszy realizacj\u0119 zam\u00f3wienia.<\/b><\/p>\n<p><img decoding=\"async\" src=\"https:\/\/1.allegroimg.com\/original\/033d9b\/1156774b4bce9792e4f0cba45951\" alt=\"Zdj\u0119cie produktu\" style=\"max-width:100%; height:auto; margin:10px 0;\"><\/p>\n","protected":false},"excerpt":{"rendered":"<p>Przedmiotem sprzeda\u017cy jest: Nowa Lampa Wisz\u0105ca z serii Diament nr kat: 299-H3 LED producent LUXOLAR w dowolnej konfiguracji kolor\u00f3w. Lampa sufitowa wisz\u0105ca \u017cyrandol Diament 299-H3&nbsp; z aba\u017curami w kszta\u0142cie&nbsp; trzech&nbsp; diament\u00f3w. Kolor konstrukcji: Szary Kolor przewod\u00f3w: Szary oplot Kolor aba\u017cur\u00f3w: do wyboru z 9 dost\u0119pnych Lampa diament obs\u0142uguje wszystkie \u017car\u00f3wki z gwintem typu E27 do [&hellip;]<\/p>\n","protected":false},"featured_media":36776,"comment_status":"closed","ping_status":"open","template":"","meta":{"_acf_changed":false},"product_brand":[162],"product_cat":[2596,2677],"product_tag":[],"class_list":{"0":"post-49736","1":"product","2":"type-product","3":"status-publish","4":"has-post-thumbnail","6":"product_brand-luxolar","7":"product_cat-2596","8":"product_cat-2677","9":"pa_kod-producenta-299-h3-uk","10":"pa_kolekcja-299-uk","11":"pa_kolor-2234","12":"pa_kolor-2247","13":"pa_kolor-2245","14":"pa_kolor-2240","15":"pa_kolor-2241","16":"pa_kolor-2239","17":"pa_kolor-2243","18":"pa_kolor-2237","19":"pa_kolor-2236","20":"pa_liczba-punktow-swiatla-3-uk","21":"pa_marka-luxolar","22":"pa_material-dominujacy-2346","23":"pa_max-moc-pojed-zrodla-swiatla-60-uk","24":"pa_pomieszczenie-2441","25":"pa_pomieszczenie-2437","26":"pa_pomieszczenie-2438","27":"pa_pomieszczenie-2439","28":"pa_pomieszczenie-2436","29":"pa_pomieszczenie-2442","30":"pa_pomieszczenie-2443","31":"pa_rodzaj-gwintu-e27-uk","32":"pa_rodzaj-lampy-2483","33":"pa_zasilanie-2543","34":"pa_zawiera-baterie-2545","35":"pa_zrodlo-swiatla-2547","37":"first","38":"instock","39":"purchasable","40":"product-type-simple"},"acf":[],"aioseo_notices":[],"_links":{"self":[{"href":"https:\/\/portallamp.invette.dev\/uk\/wp-json\/wp\/v2\/product\/49736","targetHints":{"allow":["GET"]}}],"collection":[{"href":"https:\/\/portallamp.invette.dev\/uk\/wp-json\/wp\/v2\/product"}],"about":[{"href":"https:\/\/portallamp.invette.dev\/uk\/wp-json\/wp\/v2\/types\/product"}],"replies":[{"embeddable":true,"href":"https:\/\/portallamp.invette.dev\/uk\/wp-json\/wp\/v2\/comments?post=49736"}],"wp:featuredmedia":[{"embeddable":true,"href":"https:\/\/portallamp.invette.dev\/uk\/wp-json\/wp\/v2\/media\/36776"}],"wp:attachment":[{"href":"https:\/\/portallamp.invette.dev\/uk\/wp-json\/wp\/v2\/media?parent=49736"}],"wp:term":[{"taxonomy":"product_brand","embeddable":true,"href":"https:\/\/portallamp.invette.dev\/uk\/wp-json\/wp\/v2\/product_brand?post=49736"},{"taxonomy":"product_cat","embeddable":true,"href":"https:\/\/portallamp.invette.dev\/uk\/wp-json\/wp\/v2\/product_cat?post=49736"},{"taxonomy":"product_tag","embeddable":true,"href":"https:\/\/portallamp.invette.dev\/uk\/wp-json\/wp\/v2\/product_tag?post=49736"}],"curies":[{"name":"wp","href":"https:\/\/api.w.org\/{rel}","templated":true}]}}