{"id":49742,"date":"2025-07-03T18:06:41","date_gmt":"2025-07-03T16:06:41","guid":{"rendered":"https:\/\/portallamp.invette.dev\/produkt\/nowoczesna-lampa-plafon-edison-biala-czarna-261-b2\/"},"modified":"2025-07-03T18:06:41","modified_gmt":"2025-07-03T16:06:41","slug":"nowoczesna-lampa-plafon-edison-biala-czarna-261-b2","status":"publish","type":"product","link":"https:\/\/portallamp.invette.dev\/uk\/produkt\/nowoczesna-lampa-plafon-edison-biala-czarna-261-b2\/","title":{"rendered":"Nowoczesna LAMPA Plafon Edison Bia\u0142a Czarna 261-B2"},"content":{"rendered":"<h1>Przedmiotem sprzeda\u017cy jest:<\/h1>\n<h1>Wysokiej jako\u015bci lampa plafon &#8211; w nowoczesnym minimalistycznym stylu edison.<\/h1>\n<p><img decoding=\"async\" src=\"https:\/\/8.allegroimg.com\/original\/03990c\/c8f29f5446dc94c41c987b3d3108\" alt=\"Zdj\u0119cie produktu\" style=\"max-width:100%; height:auto; margin:10px 0;\"><br \/>\n<img decoding=\"async\" src=\"https:\/\/7.allegroimg.com\/original\/0342fb\/b4083fc44e8dad25ac54997c0487\" alt=\"Zdj\u0119cie produktu\" style=\"max-width:100%; height:auto; margin:10px 0;\"><\/p>\n<ul>\n<li>Nowoczesny Styl &#8211; &nbsp;\u0142atwo wkomponuje si\u0119 w uk\u0142ad mieszkania<\/li>\n<\/ul>\n<ul>\n<li>Uniwersalna kolorystyka, oferowane kolory pasuj\u0105 zar\u00f3wno do bieli jak i odcieni szaro\u015bci<\/li>\n<\/ul>\n<ul>\n<li>Solida konstrukcja i \u0142atwy monta\u017c &#8211; gwarantuje szybk\u0105 i bezpieczn\u0105 instalacj\u0119 lampy<\/li>\n<\/ul>\n<ul>\n<li>Gwint<b>&nbsp;E27<\/b>&nbsp;umo\u017cliwia szeroki wyb\u00f3r \u017car\u00f3wek, zalecane LED<\/li>\n<\/ul>\n<ul>\n<li>Wieszana na ko\u0142kach rozporowych<\/li>\n<\/ul>\n<ul>\n<li><b>Lampa obj\u0119ta jest pe\u0142nym ubezpieczeniem na czas transportu.<\/b><\/li>\n<\/ul>\n<ul>\n<li>Produkt bezpo\u015brednio od polskiego producenta LUXOLAR<\/li>\n<\/ul>\n<ul>\n<li>Zestaw nie zawiera ko\u0142k\u00f3w rozporowych oraz \u017car\u00f3wek<\/li>\n<\/ul>\n<p><b>Dost\u0119pny w kolorach:<\/b><\/p>\n<ul>\n<li>Czarny matowy<\/li>\n<li>Bia\u0142y g\u0142adki<\/li>\n<li>Szary<\/li>\n<\/ul>\n<h1>Dane techniczne:<\/h1>\n<ul>\n<li><b>materia\u0142 konstrukcji:<\/b>&nbsp;metal malowany proszkowo<\/li>\n<li><b>wymiary:<\/b>&nbsp;wysoko\u015b\u0107 ca\u0142kowita lampy 22 cm, rozpi\u0119to\u015b\u0107: 50 cm<\/li>\n<li><b>zasilanie:<\/b>&nbsp;~230 [V] \/ bezpo\u015brednie z sieci<\/li>\n<li><b>\u017ar\u00f3d\u0142o \u015bwiat\u0142a:<\/b>&nbsp;E-27<\/li>\n<li><b>IP 20, Klasa I<\/b><\/li>\n<li><b>monta\u017c: dwa ko\u0142ki rozporowe &#8211;<\/b> rodzaj ko\u0142k\u00f3w zale\u017cy od pod\u0142o\u017ca, nale\u017cy dobra\u0107 we w\u0142asnym zakresie<\/li>\n<li><b>zestaw nie zawiera \u017car\u00f3wki oraz ko\u0142k\u00f3w rozporowych do monta\u017cu<\/b><\/li>\n<li><b>producent: <\/b>LUXOLAR<\/li>\n<\/ul>\n<p><img decoding=\"async\" src=\"https:\/\/6.allegroimg.com\/original\/03bcfe\/4b477292425eb83973db380808f6\" alt=\"Zdj\u0119cie produktu\" style=\"max-width:100%; height:auto; margin:10px 0;\"><br \/>\n<img decoding=\"async\" src=\"https:\/\/2.allegroimg.com\/original\/038e46\/b323fc734c47888a8cc4473a75a2\" alt=\"Zdj\u0119cie produktu\" style=\"max-width:100%; height:auto; margin:10px 0;\"><\/p>\n<h2>ETAPY REALIZACJI ZAM\u00d3WIENIA:<\/h2>\n<ol>\n<li><b>Wybierz kolor&nbsp;konstrukcji<\/b>: Czarny matowy, Szary lub Bia\u0142y g\u0142adki<\/li>\n<li><b>Prze\u015blij wybran\u0105 konfiguracj\u0119<\/b>&nbsp;&#8211; w formularzu zam\u00f3wienia.<\/li>\n<\/ol>\n<p><b>Poprawne przes\u0142anie powy\u017cszych informacji znacznie przyspieszy realizacj\u0119 zam\u00f3wienia.<\/b><\/p>\n<p><img decoding=\"async\" src=\"https:\/\/0.allegroimg.com\/original\/03eef9\/1c5be8ef45f38dbd1abbd9af2850\" alt=\"Zdj\u0119cie produktu\" style=\"max-width:100%; height:auto; margin:10px 0;\"><br \/>\n<img decoding=\"async\" src=\"https:\/\/7.allegroimg.com\/original\/0342fb\/b4083fc44e8dad25ac54997c0487\" alt=\"Zdj\u0119cie produktu\" style=\"max-width:100%; height:auto; margin:10px 0;\"><br \/>\n<img decoding=\"async\" src=\"https:\/\/8.allegroimg.com\/original\/03704a\/3c0a981e4a14ade809ecec22d6a8\" alt=\"Zdj\u0119cie produktu\" style=\"max-width:100%; height:auto; margin:10px 0;\"><br \/>\n<img decoding=\"async\" src=\"https:\/\/0.allegroimg.com\/original\/036f0a\/5960c7ea4e19b5e81368fa4ef720\" alt=\"Zdj\u0119cie produktu\" style=\"max-width:100%; height:auto; margin:10px 0;\"><br \/>\n<img decoding=\"async\" src=\"https:\/\/3.allegroimg.com\/original\/0321a5\/b3a876a140dbbc26d8ceb620d023\" alt=\"Zdj\u0119cie produktu\" style=\"max-width:100%; height:auto; margin:10px 0;\"><\/p>\n","protected":false},"excerpt":{"rendered":"<p>Przedmiotem sprzeda\u017cy jest: Wysokiej jako\u015bci lampa plafon &#8211; w nowoczesnym minimalistycznym stylu edison. Nowoczesny Styl &#8211; &nbsp;\u0142atwo wkomponuje si\u0119 w uk\u0142ad mieszkania Uniwersalna kolorystyka, oferowane kolory pasuj\u0105 zar\u00f3wno do bieli jak i odcieni szaro\u015bci Solida konstrukcja i \u0142atwy monta\u017c &#8211; gwarantuje szybk\u0105 i bezpieczn\u0105 instalacj\u0119 lampy Gwint&nbsp;E27&nbsp;umo\u017cliwia szeroki wyb\u00f3r \u017car\u00f3wek, zalecane LED Wieszana na ko\u0142kach [&hellip;]<\/p>\n","protected":false},"featured_media":36833,"comment_status":"closed","ping_status":"open","template":"","meta":{"_acf_changed":false},"product_brand":[196],"product_cat":[2596,3504],"product_tag":[],"class_list":{"0":"post-49742","1":"product","2":"type-product","3":"status-publish","4":"has-post-thumbnail","6":"product_brand-fabryka-lamp-luxolar","7":"product_cat-2596","8":"product_cat-3504","9":"pa_kod-producenta-261-b2-uk","10":"pa_kolor-2234","11":"pa_kolor-2243","12":"pa_kolor-2236","13":"pa_liczba-punktow-swiatla-2-uk","14":"pa_marka-fabryka-lamp-luxolar","15":"pa_material-dominujacy-2341","16":"pa_rodzaj-2465","17":"pa_rodzaj-gwintu-e27-uk","18":"pa_zasilanie-2543","19":"pa_zawiera-baterie-2545","21":"first","22":"instock","23":"purchasable","24":"product-type-simple"},"acf":[],"aioseo_notices":[],"_links":{"self":[{"href":"https:\/\/portallamp.invette.dev\/uk\/wp-json\/wp\/v2\/product\/49742","targetHints":{"allow":["GET"]}}],"collection":[{"href":"https:\/\/portallamp.invette.dev\/uk\/wp-json\/wp\/v2\/product"}],"about":[{"href":"https:\/\/portallamp.invette.dev\/uk\/wp-json\/wp\/v2\/types\/product"}],"replies":[{"embeddable":true,"href":"https:\/\/portallamp.invette.dev\/uk\/wp-json\/wp\/v2\/comments?post=49742"}],"wp:featuredmedia":[{"embeddable":true,"href":"https:\/\/portallamp.invette.dev\/uk\/wp-json\/wp\/v2\/media\/36833"}],"wp:attachment":[{"href":"https:\/\/portallamp.invette.dev\/uk\/wp-json\/wp\/v2\/media?parent=49742"}],"wp:term":[{"taxonomy":"product_brand","embeddable":true,"href":"https:\/\/portallamp.invette.dev\/uk\/wp-json\/wp\/v2\/product_brand?post=49742"},{"taxonomy":"product_cat","embeddable":true,"href":"https:\/\/portallamp.invette.dev\/uk\/wp-json\/wp\/v2\/product_cat?post=49742"},{"taxonomy":"product_tag","embeddable":true,"href":"https:\/\/portallamp.invette.dev\/uk\/wp-json\/wp\/v2\/product_tag?post=49742"}],"curies":[{"name":"wp","href":"https:\/\/api.w.org\/{rel}","templated":true}]}}