{"id":49745,"date":"2025-07-03T18:06:41","date_gmt":"2025-07-03T16:06:41","guid":{"rendered":"https:\/\/portallamp.invette.dev\/produkt\/zarowka-led-smd-e27-12w-100w-1200lm-ciepla-ccd\/"},"modified":"2025-07-03T18:06:41","modified_gmt":"2025-07-03T16:06:41","slug":"zarowka-led-smd-e27-12w-100w-1200lm-ciepla-ccd","status":"publish","type":"product","link":"https:\/\/portallamp.invette.dev\/uk\/produkt\/zarowka-led-smd-e27-12w-100w-1200lm-ciepla-ccd\/","title":{"rendered":"\u017bAR\u00d3WKA LED SMD E27 12W =100W 1200lm ciep\u0142a CCD"},"content":{"rendered":"<h1>\u017bar\u00f3wka LED E27 12W SMD 1200 lm &#8211; odpowiednik 75W bia\u0142a ciep\u0142a 3000K<\/h1>\n<p><img decoding=\"async\" style=\"max-width: 100%; height: auto; margin: 10px 0;\" src=\"https:\/\/a.allegroimg.com\/original\/11dd7d\/f87266e443f49739f7610b67d2d8\" alt=\"Zdj\u0119cie produktu\" \/><\/p>\n<h1>Parametry techniczne:<\/h1>\n<ul>\n<li>rodzaj trzonka: <b>E27<\/b><\/li>\n<li>\u017ar\u00f3d\u0142o \u015bwiat\u0142a:\u00a0 SMD 2835<\/li>\n<li>barwa \u015bwiat\u0142a:\u00a0<b> bia\u0142a ciep\u0142a 3000K<\/b><\/li>\n<li>napi\u0119cie zasilania: 230V~<\/li>\n<li>moc: <b>12W<\/b><\/li>\n<li>strumie\u0144 \u015bwietlny: Realne <b>1200l<\/b><b>m<\/b><\/li>\n<li>odpowiednik tradycyjnej \u017car\u00f3wki: minimum\u00a0<b>75W<\/b><\/li>\n<li>efektywno\u015b\u0107 energetyczna: A+<\/li>\n<li>materia\u0142: plastik<\/li>\n<li>k\u0105t \u015bwiecenia: <b>360\u00b0<\/b><\/li>\n<li>\u015brednica: 60mm<\/li>\n<li>wysoko\u015b\u0107: 110mm<\/li>\n<li>Wsp\u00f3\u0142czynnik oddawania barw CRI: <b>Ra &gt; 80<\/b><\/li>\n<li><b>Producent: LUXOALR<\/b><\/li>\n<\/ul>\n","protected":false},"excerpt":{"rendered":"<p>\u017bar\u00f3wka LED E27 12W SMD 1200 lm &#8211; odpowiednik 75W bia\u0142a ciep\u0142a 3000K Parametry techniczne: rodzaj trzonka: E27 \u017ar\u00f3d\u0142o \u015bwiat\u0142a:\u00a0 SMD 2835 barwa \u015bwiat\u0142a:\u00a0 bia\u0142a ciep\u0142a 3000K napi\u0119cie zasilania: 230V~ moc: 12W strumie\u0144 \u015bwietlny: Realne 1200lm odpowiednik tradycyjnej \u017car\u00f3wki: minimum\u00a075W efektywno\u015b\u0107 energetyczna: A+ materia\u0142: plastik k\u0105t \u015bwiecenia: 360\u00b0 \u015brednica: 60mm wysoko\u015b\u0107: 110mm Wsp\u00f3\u0142czynnik oddawania barw [&hellip;]<\/p>\n","protected":false},"featured_media":36857,"comment_status":"closed","ping_status":"closed","template":"","meta":{"_acf_changed":false},"product_brand":[162],"product_cat":[3732],"product_tag":[2062],"class_list":{"0":"post-49745","1":"product","2":"type-product","3":"status-publish","4":"has-post-thumbnail","6":"product_brand-luxolar","7":"product_cat-3732","8":"product_tag-2062","9":"pa_barwa-2069","10":"pa_jasnosc-1200-uk","11":"pa_kat-wiercenia-360-uk","12":"pa_klasa-efektywnosci-f-uk","13":"pa_kod-producenta-smd-12w-uk","14":"pa_kolor-szkla-2288","15":"pa_ksztalt-2308","16":"pa_ksztalt-2307","17":"pa_ksztalt-2312","18":"pa_marka-luxolar","19":"pa_min-liczba-cykli-wlaczen-25000-uk","20":"pa_moc-12-uk","21":"pa_napiecie-230v-uk","22":"pa_rodzaj-led-uk","23":"pa_rodzaj-gwintu-e27-uk","24":"pa_stan-2489","25":"pa_temperatura-barwowa-3000-uk","26":"pa_trwalosc-30000-uk","27":"pa_wskaznik-barw-81-uk","28":"pa_zawiera-baterie-2545","29":"pa_zuzycie-energii-12-uk","31":"first","32":"instock","33":"purchasable","34":"product-type-simple"},"acf":[],"aioseo_notices":[],"_links":{"self":[{"href":"https:\/\/portallamp.invette.dev\/uk\/wp-json\/wp\/v2\/product\/49745","targetHints":{"allow":["GET"]}}],"collection":[{"href":"https:\/\/portallamp.invette.dev\/uk\/wp-json\/wp\/v2\/product"}],"about":[{"href":"https:\/\/portallamp.invette.dev\/uk\/wp-json\/wp\/v2\/types\/product"}],"replies":[{"embeddable":true,"href":"https:\/\/portallamp.invette.dev\/uk\/wp-json\/wp\/v2\/comments?post=49745"}],"wp:featuredmedia":[{"embeddable":true,"href":"https:\/\/portallamp.invette.dev\/uk\/wp-json\/wp\/v2\/media\/36857"}],"wp:attachment":[{"href":"https:\/\/portallamp.invette.dev\/uk\/wp-json\/wp\/v2\/media?parent=49745"}],"wp:term":[{"taxonomy":"product_brand","embeddable":true,"href":"https:\/\/portallamp.invette.dev\/uk\/wp-json\/wp\/v2\/product_brand?post=49745"},{"taxonomy":"product_cat","embeddable":true,"href":"https:\/\/portallamp.invette.dev\/uk\/wp-json\/wp\/v2\/product_cat?post=49745"},{"taxonomy":"product_tag","embeddable":true,"href":"https:\/\/portallamp.invette.dev\/uk\/wp-json\/wp\/v2\/product_tag?post=49745"}],"curies":[{"name":"wp","href":"https:\/\/api.w.org\/{rel}","templated":true}]}}