{"id":49763,"date":"2025-07-03T18:06:41","date_gmt":"2025-07-03T16:06:41","guid":{"rendered":"https:\/\/portallamp.invette.dev\/produkt\/kinkiet-loft-druciany-edison-z-drutu-724-k1\/"},"modified":"2025-07-03T18:06:41","modified_gmt":"2025-07-03T16:06:41","slug":"kinkiet-loft-druciany-edison-z-drutu-724-k1","status":"publish","type":"product","link":"https:\/\/portallamp.invette.dev\/uk\/produkt\/kinkiet-loft-druciany-edison-z-drutu-724-k1\/","title":{"rendered":"Kinkiet Loft Druciany Edison z drutu 724-K1"},"content":{"rendered":"<h1>Nowoczesny kinkiet loft edison &#8211; z drucianym kloszem.<\/h1>\n<h2>Dost\u0119pny w kolorach:<\/h2>\n<p><b>Czarny<\/b><\/p>\n<p><b>Szary<\/b><\/p>\n<p><b>Bia\u0142y<\/b><\/p>\n<p><b>Miedziany<\/b><\/p>\n<p><img decoding=\"async\" src=\"https:\/\/1.allegroimg.com\/original\/03a798\/c061417d49018af485f3febf1ca1\" alt=\"Zdj\u0119cie produktu\" style=\"max-width:100%; height:auto; margin:10px 0;\"><br \/>\n<img decoding=\"async\" src=\"https:\/\/5.allegroimg.com\/original\/037af0\/b9596f51498eadf19686c4bc8455\" alt=\"Zdj\u0119cie produktu\" style=\"max-width:100%; height:auto; margin:10px 0;\"><\/p>\n<h2>Kinkiet w stylu minimalistycznym z os\u0142on\u0105 \u017car\u00f3wki&nbsp; wykonan\u0105 z drutu.<\/h2>\n<ul>\n<li>Idealnie pasuje do surowych szaro-bia\u0142ych wn\u0119trz.<\/li>\n<\/ul>\n<ul>\n<li>Przeznaczony jako o\u015bwietlenie uzupe\u0142niaj\u0105ce, dekoracyjne do pomieszcze\u0144 wewn\u0105trz domu z wy\u0142\u0105czeniem \u0142azienki lub miejsc o zwi\u0119kszonej wilgotno\u015bci.<\/li>\n<\/ul>\n<ul>\n<li>Lampa obs\u0142uguje wszystkie \u017car\u00f3wki z gwintem typu E27 do max 60 wat\u00f3w.<\/li>\n<\/ul>\n<ul>\n<li>Dobry stosunek ceny do jako\u015bci.<\/li>\n<\/ul>\n<h2>Najwa\u017cniejsze cechy produktu:<\/h2>\n<ul>\n<li>Nowoczesny Styl &#8211; &nbsp;\u0142atwo wkomponuje si\u0119 w uk\u0142ad mieszkania<\/li>\n<li>Solidna metalowa konstrukcja malowana proszkowo<\/li>\n<li>Gwint E27 umo\u017cliwia szeroki wyb\u00f3r \u017car\u00f3wek<\/li>\n<li>Zasilanie: ~230 V &#8211; bezpo\u015brednie z sieci, brak wbudowanego w\u0142\u0105cznika<\/li>\n<li>IP 20, Klasa I<\/li>\n<li>Wieszana na ko\u0142kach rozporowych.<\/li>\n<li>Lampa obj\u0119ta jest&nbsp;<b>pe\u0142nym ubezpieczeniem<\/b>&nbsp;na czas transportu.<\/li>\n<li><b>zestaw nie zawiera \u017car\u00f3wki oraz ko\u0142k\u00f3w rozporowych do monta\u017cu<\/b><\/li>\n<li>producent:<b> LUXOLAR<\/b><\/li>\n<\/ul>\n<p><img decoding=\"async\" src=\"https:\/\/4.allegroimg.com\/original\/030862\/a9f7c1124dd99ee022d76c0b33e4\" alt=\"Zdj\u0119cie produktu\" style=\"max-width:100%; height:auto; margin:10px 0;\"><br \/>\n<img decoding=\"async\" src=\"https:\/\/5.allegroimg.com\/original\/0319fa\/d091d3b34a48a564d82cf4c61665\" alt=\"Zdj\u0119cie produktu\" style=\"max-width:100%; height:auto; margin:10px 0;\"><br \/>\n<img decoding=\"async\" src=\"https:\/\/2.allegroimg.com\/original\/031678\/10e0c7a84bb7bcd23d2a377bf692\" alt=\"Zdj\u0119cie produktu\" style=\"max-width:100%; height:auto; margin:10px 0;\"><br \/>\n<img decoding=\"async\" src=\"https:\/\/9.allegroimg.com\/original\/0304d8\/f3fa7bc646d080d0b079df939469\" alt=\"Zdj\u0119cie produktu\" style=\"max-width:100%; height:auto; margin:10px 0;\"><br \/>\n<img decoding=\"async\" src=\"https:\/\/7.allegroimg.com\/original\/03a8f7\/3fa14edd43629fe95dc0f2605e77\" alt=\"Zdj\u0119cie produktu\" style=\"max-width:100%; height:auto; margin:10px 0;\"><br \/>\n<img decoding=\"async\" src=\"https:\/\/9.allegroimg.com\/original\/033ff5\/a48efe38412d93c1c12ed85d3ca9\" alt=\"Zdj\u0119cie produktu\" style=\"max-width:100%; height:auto; margin:10px 0;\"><br \/>\n<img decoding=\"async\" src=\"https:\/\/7.allegroimg.com\/original\/03110b\/fb26b17d42aba1f23942f7c6e3b7\" alt=\"Zdj\u0119cie produktu\" style=\"max-width:100%; height:auto; margin:10px 0;\"><\/p>\n<h2>ETAPY REALIZACJI ZAM\u00d3WIENIA:<\/h2>\n<ol>\n<li><b>Wybierz kolor&nbsp;konstrukcji : <\/b>Czarny \/ Szary \/ Bia\u0142y \/ Miedziany<\/li>\n<li><b>Prze\u015blij do nas wybran\u0105 konfiguracj\u0119<\/b>&nbsp;&#8211; w formularzu zam\u00f3wienia.<\/li>\n<\/ol>\n<p><b>Poprawne przes\u0142anie powy\u017cszych informacji znacznie przyspieszy realizacj\u0119 zam\u00f3wienia.<\/b><\/p>\n<h2>Zalecane \u017ar\u00f3d\u0142o \u015bwiat\u0142a:<\/h2>\n<p>\u017bar\u00f3wki LED z w\u0142\u00f3knem typu FILAMENT &#8211;&nbsp; cechuje wysoka wydajno\u015b\u0107 oraz estetyka po\u0142\u0105czona z niskim zu\u017cyciem energii.<\/p>\n<p>\u017bar\u00f3wka to nie tylko \u017ar\u00f3d\u0142o \u015bwiata, ale tak\u017ce wa\u017cny wizualny szczeg\u00f3\u0142 w lampie.<\/p>\n<p><img decoding=\"async\" src=\"https:\/\/3.allegroimg.com\/original\/039d9e\/29ff07714bde9c1ab3a86977b993\" alt=\"Zdj\u0119cie produktu\" style=\"max-width:100%; height:auto; margin:10px 0;\"><br \/>\n<img decoding=\"async\" src=\"https:\/\/6.allegroimg.com\/original\/03dda5\/678b34264b1faf58b00e4dfae846\" alt=\"Zdj\u0119cie produktu\" style=\"max-width:100%; height:auto; margin:10px 0;\"><br \/>\n<img decoding=\"async\" src=\"https:\/\/1.allegroimg.com\/original\/03a798\/c061417d49018af485f3febf1ca1\" alt=\"Zdj\u0119cie produktu\" style=\"max-width:100%; height:auto; margin:10px 0;\"><\/p>\n","protected":false},"excerpt":{"rendered":"<p>Nowoczesny kinkiet loft edison &#8211; z drucianym kloszem. Dost\u0119pny w kolorach: Czarny Szary Bia\u0142y Miedziany Kinkiet w stylu minimalistycznym z os\u0142on\u0105 \u017car\u00f3wki&nbsp; wykonan\u0105 z drutu. Idealnie pasuje do surowych szaro-bia\u0142ych wn\u0119trz. Przeznaczony jako o\u015bwietlenie uzupe\u0142niaj\u0105ce, dekoracyjne do pomieszcze\u0144 wewn\u0105trz domu z wy\u0142\u0105czeniem \u0142azienki lub miejsc o zwi\u0119kszonej wilgotno\u015bci. Lampa obs\u0142uguje wszystkie \u017car\u00f3wki z gwintem typu [&hellip;]<\/p>\n","protected":false},"featured_media":36938,"comment_status":"closed","ping_status":"open","template":"","meta":{"_acf_changed":false},"product_brand":[162],"product_cat":[2596,2830],"product_tag":[],"class_list":{"0":"post-49763","1":"product","2":"type-product","3":"status-publish","4":"has-post-thumbnail","6":"product_brand-luxolar","7":"product_cat-2596","8":"product_cat--uk","9":"pa_klasa-efektywnosci-a-uk","10":"pa_kod-producenta-724-k1-uk","11":"pa_kolekcja-724-uk","12":"pa_kolor-2234","13":"pa_kolor-2246","14":"pa_kolor-2243","15":"pa_kolor-2236","16":"pa_liczba-punktow-swiatla-1-uk","17":"pa_marka-luxolar","18":"pa_material-dominujacy-2341","19":"pa_max-moc-pojed-zrodla-swiatla-60-uk","20":"pa_rodzaj-gwintu-e27-uk","21":"pa_zawiera-baterie-2545","22":"pa_zrodlo-swiatla-2547","24":"first","25":"instock","26":"purchasable","27":"product-type-simple"},"acf":[],"aioseo_notices":[],"_links":{"self":[{"href":"https:\/\/portallamp.invette.dev\/uk\/wp-json\/wp\/v2\/product\/49763","targetHints":{"allow":["GET"]}}],"collection":[{"href":"https:\/\/portallamp.invette.dev\/uk\/wp-json\/wp\/v2\/product"}],"about":[{"href":"https:\/\/portallamp.invette.dev\/uk\/wp-json\/wp\/v2\/types\/product"}],"replies":[{"embeddable":true,"href":"https:\/\/portallamp.invette.dev\/uk\/wp-json\/wp\/v2\/comments?post=49763"}],"wp:featuredmedia":[{"embeddable":true,"href":"https:\/\/portallamp.invette.dev\/uk\/wp-json\/wp\/v2\/media\/36938"}],"wp:attachment":[{"href":"https:\/\/portallamp.invette.dev\/uk\/wp-json\/wp\/v2\/media?parent=49763"}],"wp:term":[{"taxonomy":"product_brand","embeddable":true,"href":"https:\/\/portallamp.invette.dev\/uk\/wp-json\/wp\/v2\/product_brand?post=49763"},{"taxonomy":"product_cat","embeddable":true,"href":"https:\/\/portallamp.invette.dev\/uk\/wp-json\/wp\/v2\/product_cat?post=49763"},{"taxonomy":"product_tag","embeddable":true,"href":"https:\/\/portallamp.invette.dev\/uk\/wp-json\/wp\/v2\/product_tag?post=49763"}],"curies":[{"name":"wp","href":"https:\/\/api.w.org\/{rel}","templated":true}]}}