{"id":49772,"date":"2025-07-03T18:06:41","date_gmt":"2025-07-03T16:06:41","guid":{"rendered":"https:\/\/portallamp.invette.dev\/produkt\/lampa-druciana-wiszaca-pajak-diament-724-s3-led\/"},"modified":"2025-07-03T18:06:41","modified_gmt":"2025-07-03T16:06:41","slug":"lampa-druciana-wiszaca-pajak-diament-724-s3-led","status":"publish","type":"product","link":"https:\/\/portallamp.invette.dev\/uk\/produkt\/lampa-druciana-wiszaca-pajak-diament-724-s3-led\/","title":{"rendered":"LAMPA DRUCIANA WISZ\u0104CA PAJ\u0104K DIAMENT 724-S3 LED"},"content":{"rendered":"<h1>Designerska lampa sufitowa wisz\u0105ca PAJ\u0104K zaprojektowana w nowoczesnym stylu.<\/h1>\n<p><img decoding=\"async\" src=\"https:\/\/f.allegroimg.com\/original\/031f4f\/6c96be404368ab802341616d5c0f\" alt=\"Zdj\u0119cie produktu\" style=\"max-width:100%; height:auto; margin:10px 0;\"><br \/>\n<img decoding=\"async\" src=\"https:\/\/0.allegroimg.com\/original\/03e10a\/8361148942f9b9c89a6e50cdbab0\" alt=\"Zdj\u0119cie produktu\" style=\"max-width:100%; height:auto; margin:10px 0;\"><\/p>\n<p><b>Wersja w pe\u0142ni z\u0142o\u017cona &#8211; nie jest to zestaw do samodzielnego monta\u017cu<\/b><\/p>\n<\/p>\n<p><img decoding=\"async\" src=\"https:\/\/f.allegroimg.com\/original\/031f4f\/6c96be404368ab802341616d5c0f\" alt=\"Zdj\u0119cie produktu\" style=\"max-width:100%; height:auto; margin:10px 0;\"><\/p>\n<p><b>Nowa lampa wisz\u0105ca z serii PAJ\u0104K z drucianymi os\u0142onami \u017car\u00f3wek<\/b><\/p>\n<ul>\n<li><b>Kolor Lampy: Czarny matowy<\/b><\/li>\n<\/ul>\n<ul>\n<li>Nowoczesny Styl &#8211; &nbsp;\u0142atwo wkomponuje si\u0119 w uk\u0142ad mieszkania<\/li>\n<\/ul>\n<ul>\n<li>Doskona\u0142y stosunek ceny do jako\u015bci<\/li>\n<\/ul>\n<ul>\n<li>Solidna metalowa konstrukcja malowana proszkowo<\/li>\n<\/ul>\n<ul>\n<li>Przeznaczona jako o\u015bwietlenie g\u0142\u00f3wne w pomieszczeniach o powierzchni 9-12 m2<\/li>\n<\/ul>\n<ul>\n<li>D\u0142ugo\u015b\u0107 ramienia: 150 cm<\/li>\n<\/ul>\n<ul>\n<li>Lampa obs\u0142uguje wszystkie \u017car\u00f3wki z gwintem typu E27 do max 60 wat\u00f3w.<\/li>\n<\/ul>\n<ul>\n<li>Dodatkowym atutem s\u0105 dwa niezale\u017cne obwody elektryczne, dzi\u0119ki kt\u00f3rym w zale\u017cno\u015bci od potrzeb, mo\u017cemy sterowa\u0107 ilo\u015bci\u0105 w\u0142\u0105czonych \u017car\u00f3wek.<\/li>\n<\/ul>\n<h2>Dane techniczne:<\/h2>\n<ul>\n<li><b>materia\u0142 konstrukcji:<\/b>&nbsp;metal malowany proszkowo<\/li>\n<li><b>wymiary lampy:<\/b>&nbsp;\u015brednica puszki monta\u017cowej: 10 cm, d\u0142ugo\u015b\u0107 ramienia: 150 cm<\/li>\n<li><b>wymiary klosza:&nbsp;<\/b>\u015brednica: 18 cm \/ wysoko\u015b\u0107: 13 cm<\/li>\n<li><b>zasilanie:<\/b>&nbsp;~230 [V] \/ bezpo\u015brednie z sieci, dwa niezale\u017cne obwody elektryczne, w\u0142\u0105czanie 2+1<\/li>\n<li><b>\u017ar\u00f3d\u0142o \u015bwiat\u0142a:<\/b>&nbsp;E-27, \u015brednica \u017car\u00f3wki G95 lub mniejsza<\/li>\n<li><b>spos\u00f3b monta\u017cu:<\/b> Ko\u0142ki rozporowe<\/li>\n<li><b>IP 20, Klasa I<\/b><\/li>\n<li><b>zestaw nie zawiera \u017car\u00f3wek oraz ko\u0142k\u00f3w rozporowych do monta\u017cu<\/b><\/li>\n<li><b>producent: <\/b>LUXOLAR<\/li>\n<\/ul>\n<p><img decoding=\"async\" src=\"https:\/\/4.allegroimg.com\/original\/03b219\/ae73517040df99ef77ea6f273174\" alt=\"Zdj\u0119cie produktu\" style=\"max-width:100%; height:auto; margin:10px 0;\"><br \/>\n<img decoding=\"async\" src=\"https:\/\/c.allegroimg.com\/original\/03f7b3\/9e6b53444136a0ca4d165cedb17c\" alt=\"Zdj\u0119cie produktu\" style=\"max-width:100%; height:auto; margin:10px 0;\"><\/p>\n<h2>Do zdj\u0119\u0107 u\u017cyto \u017bAR\u00d3WEK EDISON z w\u0142\u00f3knem LED<\/h2>\n<p>W\u0142\u00f3kna LED cechuje wysoka wydajno\u015b\u0107 oraz estetyka po\u0142\u0105czona z niskim zu\u017cyciem energii.<\/p>\n<p>\u017bar\u00f3wka to nie tylko \u017ar\u00f3d\u0142o \u015bwiata, ale tak\u017ce wa\u017cny wizualny szczeg\u00f3\u0142 w ka\u017cdej lampie.<\/p>\n<p><img decoding=\"async\" src=\"https:\/\/a.allegroimg.com\/original\/03ed28\/cb4d193a432695a8c19a0614465a\" alt=\"Zdj\u0119cie produktu\" style=\"max-width:100%; height:auto; margin:10px 0;\"><br \/>\n<img decoding=\"async\" src=\"https:\/\/7.allegroimg.com\/original\/0378af\/164b22c84e21b54b22db49c1e247\" alt=\"Zdj\u0119cie produktu\" style=\"max-width:100%; height:auto; margin:10px 0;\"><br \/>\n<img decoding=\"async\" src=\"https:\/\/4.allegroimg.com\/original\/033167\/e2da03a64048ad81517e5b533724\" alt=\"Zdj\u0119cie produktu\" style=\"max-width:100%; height:auto; margin:10px 0;\"><br \/>\n<img decoding=\"async\" src=\"https:\/\/0.allegroimg.com\/original\/03e10a\/8361148942f9b9c89a6e50cdbab0\" alt=\"Zdj\u0119cie produktu\" style=\"max-width:100%; height:auto; margin:10px 0;\"><\/p>\n","protected":false},"excerpt":{"rendered":"<p>Designerska lampa sufitowa wisz\u0105ca PAJ\u0104K zaprojektowana w nowoczesnym stylu. Wersja w pe\u0142ni z\u0142o\u017cona &#8211; nie jest to zestaw do samodzielnego monta\u017cu Nowa lampa wisz\u0105ca z serii PAJ\u0104K z drucianymi os\u0142onami \u017car\u00f3wek Kolor Lampy: Czarny matowy Nowoczesny Styl &#8211; &nbsp;\u0142atwo wkomponuje si\u0119 w uk\u0142ad mieszkania Doskona\u0142y stosunek ceny do jako\u015bci Solidna metalowa konstrukcja malowana proszkowo Przeznaczona [&hellip;]<\/p>\n","protected":false},"featured_media":37046,"comment_status":"closed","ping_status":"open","template":"","meta":{"_acf_changed":false},"product_brand":[162],"product_cat":[2596,2677],"product_tag":[],"class_list":{"0":"post-49772","1":"product","2":"type-product","3":"status-publish","4":"has-post-thumbnail","6":"product_brand-luxolar","7":"product_cat-2596","8":"product_cat-2677","9":"pa_kod-producenta-lampa-724-s3-uk","10":"pa_kolekcja-724-uk","11":"pa_kolor-2236","12":"pa_liczba-punktow-swiatla-3-uk","13":"pa_marka-luxolar","14":"pa_material-dominujacy-2341","15":"pa_max-moc-pojed-zrodla-swiatla-60-uk","16":"pa_pomieszczenie-2437","17":"pa_pomieszczenie-2438","18":"pa_pomieszczenie-2439","19":"pa_pomieszczenie-2436","20":"pa_pomieszczenie-2442","21":"pa_pomieszczenie-2443","22":"pa_rodzaj-gwintu-e27-uk","23":"pa_rodzaj-lampy-2483","24":"pa_zasilanie-2543","25":"pa_zawiera-baterie-2545","26":"pa_zrodlo-swiatla-2547","28":"first","29":"instock","30":"purchasable","31":"product-type-simple"},"acf":[],"aioseo_notices":[],"_links":{"self":[{"href":"https:\/\/portallamp.invette.dev\/uk\/wp-json\/wp\/v2\/product\/49772","targetHints":{"allow":["GET"]}}],"collection":[{"href":"https:\/\/portallamp.invette.dev\/uk\/wp-json\/wp\/v2\/product"}],"about":[{"href":"https:\/\/portallamp.invette.dev\/uk\/wp-json\/wp\/v2\/types\/product"}],"replies":[{"embeddable":true,"href":"https:\/\/portallamp.invette.dev\/uk\/wp-json\/wp\/v2\/comments?post=49772"}],"wp:featuredmedia":[{"embeddable":true,"href":"https:\/\/portallamp.invette.dev\/uk\/wp-json\/wp\/v2\/media\/37046"}],"wp:attachment":[{"href":"https:\/\/portallamp.invette.dev\/uk\/wp-json\/wp\/v2\/media?parent=49772"}],"wp:term":[{"taxonomy":"product_brand","embeddable":true,"href":"https:\/\/portallamp.invette.dev\/uk\/wp-json\/wp\/v2\/product_brand?post=49772"},{"taxonomy":"product_cat","embeddable":true,"href":"https:\/\/portallamp.invette.dev\/uk\/wp-json\/wp\/v2\/product_cat?post=49772"},{"taxonomy":"product_tag","embeddable":true,"href":"https:\/\/portallamp.invette.dev\/uk\/wp-json\/wp\/v2\/product_tag?post=49772"}],"curies":[{"name":"wp","href":"https:\/\/api.w.org\/{rel}","templated":true}]}}