{"id":49778,"date":"2025-07-03T18:06:41","date_gmt":"2025-07-03T16:06:41","guid":{"rendered":"https:\/\/portallamp.invette.dev\/produkt\/lampka-nocna-biurkowa-stolowa-led-brylant-724-l1\/"},"modified":"2025-07-03T18:06:41","modified_gmt":"2025-07-03T16:06:41","slug":"lampka-nocna-biurkowa-stolowa-led-brylant-724-l1","status":"publish","type":"product","link":"https:\/\/portallamp.invette.dev\/uk\/produkt\/lampka-nocna-biurkowa-stolowa-led-brylant-724-l1\/","title":{"rendered":"Lampka NOCNA BIURKOWA STO\u0141OWA LED BRYLANT 724-L1"},"content":{"rendered":"<h1>Designerska lampa nocna, sto\u0142owa zaprojektowana w nowoczesnym stylu.<\/h1>\n<p><img decoding=\"async\" src=\"https:\/\/7.allegroimg.com\/original\/033f7f\/365272a34929b94fb5f323e305a7\" alt=\"Zdj\u0119cie produktu\" style=\"max-width:100%; height:auto; margin:10px 0;\"><\/p>\n<h2>Dost\u0119pna w czterech kolorach:<\/h2>\n<ul>\n<li>Czarny<\/li>\n<li>Szary<\/li>\n<li>Bia\u0142y<\/li>\n<li>Miedziany<\/li>\n<\/ul>\n<p><img decoding=\"async\" src=\"https:\/\/f.allegroimg.com\/original\/032e29\/6495ee824e43ae1bf9302c8db71f\" alt=\"Zdj\u0119cie produktu\" style=\"max-width:100%; height:auto; margin:10px 0;\"><br \/>\n<img decoding=\"async\" src=\"https:\/\/e.allegroimg.com\/original\/035ee5\/ed17c81d49aa96c413638048787e\" alt=\"Zdj\u0119cie produktu\" style=\"max-width:100%; height:auto; margin:10px 0;\"><\/p>\n<p><b>Nowa lampa nocna, sto\u0142owa z serii Brylant 724-L1<\/b><\/p>\n<ul>\n<li>Nowoczesny Styl &#8211; &nbsp;\u0142atwo wkomponuje si\u0119 w uk\u0142ad mieszkania<\/li>\n<\/ul>\n<ul>\n<li>Metalowa konstrukcja malowana proszkowo<\/li>\n<\/ul>\n<ul>\n<li>Spe\u0142nia rol\u0119 o\u015bwietlenia dekoracyjnego, dodatkowego.<\/li>\n<\/ul>\n<ul>\n<li>W\u0142\u0105cznik wbudowany w przew\u00f3d zasilaj\u0105cy<\/li>\n<\/ul>\n<ul>\n<li>Lampa obs\u0142uguje wszystkie \u017car\u00f3wki z gwintem typu E27 do max 60 wat\u00f3w.<\/li>\n<\/ul>\n<ul>\n<li>Wyposa\u017cona w filcowe stopki<\/li>\n<\/ul>\n<ul>\n<li>Solidna podstawa gwarantuje stabilno\u015b\u0107 lampki<\/li>\n<\/ul>\n<ul>\n<li>Bywa stosowana w restauracjach, barach<\/li>\n<\/ul>\n<h2>Dane techniczne:<\/h2>\n<ul>\n<li><b>materia\u0142 konstrukcji:<\/b>&nbsp;metal malowany proszkowo<\/li>\n<li><b>wymiary ca\u0142kowite:<\/b>&nbsp;wysoko\u015b\u0107 lampy <b>30 cm,&nbsp;<\/b>\u015brednica podstawki: <b>15&nbsp;cm,<\/b><\/li>\n<li><b>zasilanie:<\/b>&nbsp;~230 [V] \/ w\u0142\u0105cznik wbudowany w przew\u00f3d zasilaj\u0105cy o d\u0142ugo\u015bci <b>120 cm<\/b><\/li>\n<li><b>\u017ar\u00f3d\u0142o \u015bwiat\u0142a:<\/b>&nbsp;E-27 max 60W<\/li>\n<li><b>IP 20,<\/b><\/li>\n<li><b>Klasa II &#8211; <\/b>podw\u00f3jna izolacja zabezpiecza przed pora\u017ceniem elektrycznym<\/li>\n<li><b>zestaw nie zawiera \u017car\u00f3wki<\/b><\/li>\n<li><b>producent:&nbsp;<\/b>LUXOLAR<\/li>\n<\/ul>\n<p><img decoding=\"async\" src=\"https:\/\/c.allegroimg.com\/original\/03335b\/753878a34f79b0a351a15f42399c\" alt=\"Zdj\u0119cie produktu\" style=\"max-width:100%; height:auto; margin:10px 0;\"><br \/>\n<img decoding=\"async\" src=\"https:\/\/1.allegroimg.com\/original\/0396e3\/f046a7d841709b26719a35a46021\" alt=\"Zdj\u0119cie produktu\" style=\"max-width:100%; height:auto; margin:10px 0;\"><br \/>\n<img decoding=\"async\" src=\"https:\/\/5.allegroimg.com\/original\/0346d8\/f15700284de290f22cbca5517055\" alt=\"Zdj\u0119cie produktu\" style=\"max-width:100%; height:auto; margin:10px 0;\"><br \/>\n<img decoding=\"async\" src=\"https:\/\/0.allegroimg.com\/original\/03f14c\/7981af8745019d6a2fd803b4fa00\" alt=\"Zdj\u0119cie produktu\" style=\"max-width:100%; height:auto; margin:10px 0;\"><\/p>\n<h2>ETAPY REALIZACJI ZAM\u00d3WIENIA:<\/h2>\n<ol>\n<li><b>Wybierz kolor&nbsp;konstrukcji:&nbsp;<\/b>Czarny, Szary, Bia\u0142y, Miedziany<\/li>\n<li><b>Wpisz wybrany kolor&nbsp;<\/b>&#8211; w formularzu zam\u00f3wienia.<\/li>\n<\/ol>\n<p><b>Poprawne przes\u0142anie powy\u017cszych informacji znacznie przyspieszy realizacj\u0119 zam\u00f3wienia.<\/b><\/p>\n<h2>Zalecane \u017ar\u00f3d\u0142o \u015bwiat\u0142a:<\/h2>\n<p>\u017bar\u00f3wki LED z w\u0142\u00f3knem typu FILAMENT &#8211;&nbsp; cechuje wysoka wydajno\u015b\u0107 oraz estetyka po\u0142\u0105czona z niskim zu\u017cyciem energii.<\/p>\n<p>\u017bar\u00f3wka to nie tylko \u017ar\u00f3d\u0142o \u015bwiata, ale tak\u017ce wa\u017cny wizualny szczeg\u00f3\u0142 w lampie.<\/p>\n<p><img decoding=\"async\" src=\"https:\/\/4.allegroimg.com\/original\/03083e\/8ae20bb24b249bb5bc6ed6db3874\" alt=\"Zdj\u0119cie produktu\" style=\"max-width:100%; height:auto; margin:10px 0;\"><br \/>\n<img decoding=\"async\" src=\"https:\/\/d.allegroimg.com\/original\/03874f\/9b7311744a9da31347fc7e5e543d\" alt=\"Zdj\u0119cie produktu\" style=\"max-width:100%; height:auto; margin:10px 0;\"><br \/>\n<img decoding=\"async\" src=\"https:\/\/6.allegroimg.com\/original\/0378df\/8d8c87034469a93c81668a6125f6\" alt=\"Zdj\u0119cie produktu\" style=\"max-width:100%; height:auto; margin:10px 0;\"><br \/>\n<img decoding=\"async\" src=\"https:\/\/7.allegroimg.com\/original\/033f7f\/365272a34929b94fb5f323e305a7\" alt=\"Zdj\u0119cie produktu\" style=\"max-width:100%; height:auto; margin:10px 0;\"><\/p>\n","protected":false},"excerpt":{"rendered":"<p>Designerska lampa nocna, sto\u0142owa zaprojektowana w nowoczesnym stylu. Dost\u0119pna w czterech kolorach: Czarny Szary Bia\u0142y Miedziany Nowa lampa nocna, sto\u0142owa z serii Brylant 724-L1 Nowoczesny Styl &#8211; &nbsp;\u0142atwo wkomponuje si\u0119 w uk\u0142ad mieszkania Metalowa konstrukcja malowana proszkowo Spe\u0142nia rol\u0119 o\u015bwietlenia dekoracyjnego, dodatkowego. W\u0142\u0105cznik wbudowany w przew\u00f3d zasilaj\u0105cy Lampa obs\u0142uguje wszystkie \u017car\u00f3wki z gwintem typu E27 [&hellip;]<\/p>\n","protected":false},"featured_media":37097,"comment_status":"closed","ping_status":"open","template":"","meta":{"_acf_changed":false},"product_brand":[162],"product_cat":[2596,2775],"product_tag":[],"class_list":{"0":"post-49778","1":"product","2":"type-product","3":"status-publish","4":"has-post-thumbnail","6":"product_brand-luxolar","7":"product_cat-2596","8":"product_cat---uk","9":"pa_klasa-efektywnosci-a-uk","10":"pa_kod-producenta-724-l1-uk","11":"pa_kolekcja-724-uk","12":"pa_kolor-2234","13":"pa_kolor-2246","14":"pa_kolor-2243","15":"pa_kolor-2236","16":"pa_liczba-punktow-swiatla-1-uk","17":"pa_marka-luxolar","18":"pa_max-moc-pojed-zrodla-swiatla-60-uk","19":"pa_rodzaj-gwintu-e27-uk","20":"pa_typ-2515","21":"pa_typ-2516","22":"pa_zasilanie-2543","23":"pa_zawiera-baterie-2545","24":"pa_zrodlo-swiatla-2547","26":"first","27":"instock","28":"purchasable","29":"product-type-simple"},"acf":[],"aioseo_notices":[],"_links":{"self":[{"href":"https:\/\/portallamp.invette.dev\/uk\/wp-json\/wp\/v2\/product\/49778","targetHints":{"allow":["GET"]}}],"collection":[{"href":"https:\/\/portallamp.invette.dev\/uk\/wp-json\/wp\/v2\/product"}],"about":[{"href":"https:\/\/portallamp.invette.dev\/uk\/wp-json\/wp\/v2\/types\/product"}],"replies":[{"embeddable":true,"href":"https:\/\/portallamp.invette.dev\/uk\/wp-json\/wp\/v2\/comments?post=49778"}],"wp:featuredmedia":[{"embeddable":true,"href":"https:\/\/portallamp.invette.dev\/uk\/wp-json\/wp\/v2\/media\/37097"}],"wp:attachment":[{"href":"https:\/\/portallamp.invette.dev\/uk\/wp-json\/wp\/v2\/media?parent=49778"}],"wp:term":[{"taxonomy":"product_brand","embeddable":true,"href":"https:\/\/portallamp.invette.dev\/uk\/wp-json\/wp\/v2\/product_brand?post=49778"},{"taxonomy":"product_cat","embeddable":true,"href":"https:\/\/portallamp.invette.dev\/uk\/wp-json\/wp\/v2\/product_cat?post=49778"},{"taxonomy":"product_tag","embeddable":true,"href":"https:\/\/portallamp.invette.dev\/uk\/wp-json\/wp\/v2\/product_tag?post=49778"}],"curies":[{"name":"wp","href":"https:\/\/api.w.org\/{rel}","templated":true}]}}