{"id":49805,"date":"2025-07-03T18:05:18","date_gmt":"2025-07-03T16:05:18","guid":{"rendered":"https:\/\/portallamp.invette.dev\/produkt\/lampa-plafon-loft-edison-z-drutu-druciana-718-a3\/"},"modified":"2025-07-03T18:05:18","modified_gmt":"2025-07-03T16:05:18","slug":"lampa-plafon-loft-edison-z-drutu-druciana-718-a3","status":"publish","type":"product","link":"https:\/\/portallamp.invette.dev\/uk\/produkt\/lampa-plafon-loft-edison-z-drutu-druciana-718-a3\/","title":{"rendered":"Lampa Plafon Loft Edison z Drutu Druciana 718-A3"},"content":{"rendered":"<h1>Przedmiotem sprzeda\u017cy jest:<\/h1>\n<h1>Lampa Plafon w stylu minimalistycznym, skandynawskim.<\/h1>\n<p><b>Nr kat: 718-A3 LUXOLAR<\/b><\/p>\n<h1><\/h1>\n<p><img decoding=\"async\" src=\"https:\/\/4.allegroimg.com\/original\/03f600\/8ca698d94d8c89c3af33aa25d304\" alt=\"Zdj\u0119cie produktu\" style=\"max-width:100%; height:auto; margin:10px 0;\"><\/p>\n<p><b>Lampa Plafon w stylu minimalistycznym, skandynawskim<\/b><\/p>\n<ul>\n<li><b>Kolor: Czarny matowy z dodatkiem miedzi<\/b><\/li>\n<\/ul>\n<ul>\n<li>Os\u0142ona \u017car\u00f3wki wykonana z drutu w kszta\u0142cie diamentu.<\/li>\n<\/ul>\n<ul>\n<li>Idealnie pasuje do surowych bia\u0142o-szarych wn\u0119trz.<\/li>\n<\/ul>\n<ul>\n<li>Z uwagi na jej&nbsp;rozmiary, przeznaczona jako o\u015bwietlenie g\u0142\u00f3wne w pomieszczeniach o powierzchni 9-25 m2.<\/li>\n<\/ul>\n<ul>\n<li>Lampa obs\u0142uguje wszystkie \u017car\u00f3wki z gwintem typu E27 do max 60 wat\u00f3w.<\/li>\n<\/ul>\n<ul>\n<li>Dodatkowym atutem s\u0105 dwa niezale\u017cne obwody elektryczne, dzi\u0119ki kt\u00f3rym w zale\u017cno\u015bci od potrzeb, mo\u017cemy sterowa\u0107 ilo\u015bci\u0105 w\u0142\u0105czonych \u017car\u00f3wek.<\/li>\n<\/ul>\n<ul>\n<li>Dobry stosunek ceny do jako\u015bci.<\/li>\n<\/ul>\n<p><img decoding=\"async\" src=\"https:\/\/9.allegroimg.com\/original\/037eaa\/ba0a902e42479293d89e3d5b49f9\" alt=\"Zdj\u0119cie produktu\" style=\"max-width:100%; height:auto; margin:10px 0;\"><\/p>\n<h1>Dane techniczne:<\/h1>\n<ul>\n<li><b>materia\u0142 konstrukcji:<\/b>&nbsp;metal malowany proszkowo<\/li>\n<li><b>wymiary:<\/b>&nbsp;rozpi\u0119to\u015b\u0107 belki: 80 cm, wysoko\u015b\u0107: 38 cm<\/li>\n<li><b>zasilanie:<\/b>&nbsp;~230 [V] \/ bezpo\u015brednie z sieci, dwa obwody elektryczne.<\/li>\n<li><b>\u017ar\u00f3d\u0142o \u015bwiat\u0142a:<\/b>&nbsp;E-27<\/li>\n<li><b>IP 20, Klasa I<\/b><\/li>\n<li><b>monta\u017c: <\/b>dwa ko\u0142ki rozporowe<\/li>\n<li><b>zestaw nie zawiera \u017car\u00f3wki oraz ko\u0142k\u00f3w rozporowych do monta\u017cu<\/b><\/li>\n<li><b>producent: <\/b>LUXOLAR<\/li>\n<\/ul>\n<p><img decoding=\"async\" src=\"https:\/\/2.allegroimg.com\/original\/034165\/0688362d493696fda93fc696bd12\" alt=\"Zdj\u0119cie produktu\" style=\"max-width:100%; height:auto; margin:10px 0;\"><br \/>\n<img decoding=\"async\" src=\"https:\/\/7.allegroimg.com\/original\/039a5e\/34af4b0d419582f970d3e90cfec7\" alt=\"Zdj\u0119cie produktu\" style=\"max-width:100%; height:auto; margin:10px 0;\"><br \/>\n<img decoding=\"async\" src=\"https:\/\/0.allegroimg.com\/original\/03f1ee\/ccb74c1a4ce1b93810a9a0f0d2d0\" alt=\"Zdj\u0119cie produktu\" style=\"max-width:100%; height:auto; margin:10px 0;\"><\/p>\n","protected":false},"excerpt":{"rendered":"<p>Przedmiotem sprzeda\u017cy jest: Lampa Plafon w stylu minimalistycznym, skandynawskim. Nr kat: 718-A3 LUXOLAR Lampa Plafon w stylu minimalistycznym, skandynawskim Kolor: Czarny matowy z dodatkiem miedzi Os\u0142ona \u017car\u00f3wki wykonana z drutu w kszta\u0142cie diamentu. Idealnie pasuje do surowych bia\u0142o-szarych wn\u0119trz. Z uwagi na jej&nbsp;rozmiary, przeznaczona jako o\u015bwietlenie g\u0142\u00f3wne w pomieszczeniach o powierzchni 9-25 m2. Lampa obs\u0142uguje [&hellip;]<\/p>\n","protected":false},"featured_media":36084,"comment_status":"closed","ping_status":"open","template":"","meta":{"_acf_changed":false},"product_brand":[162],"product_cat":[2596,3504],"product_tag":[],"class_list":{"0":"post-49805","1":"product","2":"type-product","3":"status-publish","4":"has-post-thumbnail","6":"product_brand-luxolar","7":"product_cat-2596","8":"product_cat-3504","9":"pa_kod-producenta-718-a3-uk","10":"pa_kolor-2246","11":"pa_kolor-2240","12":"pa_kolor-2236","13":"pa_liczba-punktow-swiatla-3-uk","14":"pa_marka-luxolar","15":"pa_material-dominujacy-2341","16":"pa_rodzaj-2465","17":"pa_rodzaj-gwintu-e27-uk","18":"pa_zasilanie-2543","19":"pa_zawiera-baterie-2545","20":"pa_zrodlo-swiatla-2547","22":"first","23":"instock","24":"purchasable","25":"product-type-simple"},"acf":[],"aioseo_notices":[],"_links":{"self":[{"href":"https:\/\/portallamp.invette.dev\/uk\/wp-json\/wp\/v2\/product\/49805","targetHints":{"allow":["GET"]}}],"collection":[{"href":"https:\/\/portallamp.invette.dev\/uk\/wp-json\/wp\/v2\/product"}],"about":[{"href":"https:\/\/portallamp.invette.dev\/uk\/wp-json\/wp\/v2\/types\/product"}],"replies":[{"embeddable":true,"href":"https:\/\/portallamp.invette.dev\/uk\/wp-json\/wp\/v2\/comments?post=49805"}],"wp:featuredmedia":[{"embeddable":true,"href":"https:\/\/portallamp.invette.dev\/uk\/wp-json\/wp\/v2\/media\/36084"}],"wp:attachment":[{"href":"https:\/\/portallamp.invette.dev\/uk\/wp-json\/wp\/v2\/media?parent=49805"}],"wp:term":[{"taxonomy":"product_brand","embeddable":true,"href":"https:\/\/portallamp.invette.dev\/uk\/wp-json\/wp\/v2\/product_brand?post=49805"},{"taxonomy":"product_cat","embeddable":true,"href":"https:\/\/portallamp.invette.dev\/uk\/wp-json\/wp\/v2\/product_cat?post=49805"},{"taxonomy":"product_tag","embeddable":true,"href":"https:\/\/portallamp.invette.dev\/uk\/wp-json\/wp\/v2\/product_tag?post=49805"}],"curies":[{"name":"wp","href":"https:\/\/api.w.org\/{rel}","templated":true}]}}