{"id":49814,"date":"2025-07-03T18:05:18","date_gmt":"2025-07-03T16:05:18","guid":{"rendered":"https:\/\/portallamp.invette.dev\/produkt\/lampa-plafon-loft-edison-z-drutu-druciana-719-1\/"},"modified":"2025-07-03T18:05:18","modified_gmt":"2025-07-03T16:05:18","slug":"lampa-plafon-loft-edison-z-drutu-druciana-719-1","status":"publish","type":"product","link":"https:\/\/portallamp.invette.dev\/uk\/produkt\/lampa-plafon-loft-edison-z-drutu-druciana-719-1\/","title":{"rendered":"Lampa Plafon Loft Edison z Drutu Druciana 719-1"},"content":{"rendered":"<h1>Przedmiotem sprzeda\u017cy jest:<\/h1>\n<h1>Lampa Plafon w stylu minimalistycznym z os\u0142on\u0105 \u017car\u00f3wki wykonan\u0105 z drutu.<\/h1>\n<p><b>Nr kat: 719-1 LUXOLAR<\/b><\/p>\n<h1><\/h1>\n<p><img decoding=\"async\" src=\"https:\/\/c.allegroimg.com\/original\/0334ac\/ea22aa8040e0a61c39938250cf8c\" alt=\"Zdj\u0119cie produktu\" style=\"max-width:100%; height:auto; margin:10px 0;\"><\/p>\n<h1>Sercem lampy jest&nbsp; klosz wykonany z drutu.<\/h1>\n<p>Idealnie pasuje do surowych, szaro-bia\u0142ych lub loftowych wn\u0119trz.<\/p>\n<p>Obs\u0142uguje wszystkie \u017car\u00f3wki z gwintem typu E27 do max 60 wat\u00f3w.<\/p>\n<p>G\u0142\u00f3wnym atutem lampy jest jej korzystny stosunek ceny do jako\u015bci.<\/p>\n<p>Bywa stosowana w&nbsp; zespole kilku-kilkunastu lamp do o\u015bwietlenia wi\u0119kszych pomieszcze\u0144 takich jak restauracje, bary.<\/p>\n<p>Lampa obs\u0142uguje wszystkie \u017car\u00f3wki z gwintem typu E27 do max 60 wat\u00f3w &#8211; brak w zestawie.<\/p>\n<h1>Dane techniczne:<\/h1>\n<ul>\n<li><b>materia\u0142 konstrukcji:<\/b>&nbsp;metal malowany proszkowo<\/li>\n<li><b>wymiary:<\/b>&nbsp;Wysoko\u015b\u0107 ca\u0142kowita 24 cm&nbsp;<b>,<\/b>&nbsp;Wymiar podsufitki: 10 x 5 cm<\/li>\n<li><b>\u017ar\u00f3d\u0142o \u015bwiat\u0142a:<\/b>&nbsp;E-27<\/li>\n<li><b>zasilanie:<\/b> ~230 [V] bezpo\u015brednie z sieci.<\/li>\n<li><b>zestaw nie zawiera \u017car\u00f3wki oraz ko\u0142k\u00f3w rozporowych do monta\u017cu<\/b><\/li>\n<li>producent: <b>LUXOLAR<\/b><\/li>\n<\/ul>\n<p><img decoding=\"async\" src=\"https:\/\/5.allegroimg.com\/original\/03eb8a\/f24a482c47da83f28a213ada6845\" alt=\"Zdj\u0119cie produktu\" style=\"max-width:100%; height:auto; margin:10px 0;\"><br \/>\n<img decoding=\"async\" src=\"https:\/\/1.allegroimg.com\/original\/03c8eb\/5320c9ba4195a4486dc6dace7b71\" alt=\"Zdj\u0119cie produktu\" style=\"max-width:100%; height:auto; margin:10px 0;\"><br \/>\n<img decoding=\"async\" src=\"https:\/\/3.allegroimg.com\/original\/036ede\/2a11db964d4b83d02cca1b2b4cf3\" alt=\"Zdj\u0119cie produktu\" style=\"max-width:100%; height:auto; margin:10px 0;\"><br \/>\n<img decoding=\"async\" src=\"https:\/\/7.allegroimg.com\/original\/037114\/4f1fa08643b9aed2811dd0e99ae7\" alt=\"Zdj\u0119cie produktu\" style=\"max-width:100%; height:auto; margin:10px 0;\"><\/p>\n","protected":false},"excerpt":{"rendered":"<p>Przedmiotem sprzeda\u017cy jest: Lampa Plafon w stylu minimalistycznym z os\u0142on\u0105 \u017car\u00f3wki wykonan\u0105 z drutu. Nr kat: 719-1 LUXOLAR Sercem lampy jest&nbsp; klosz wykonany z drutu. Idealnie pasuje do surowych, szaro-bia\u0142ych lub loftowych wn\u0119trz. Obs\u0142uguje wszystkie \u017car\u00f3wki z gwintem typu E27 do max 60 wat\u00f3w. G\u0142\u00f3wnym atutem lampy jest jej korzystny stosunek ceny do jako\u015bci. Bywa [&hellip;]<\/p>\n","protected":false},"featured_media":36114,"comment_status":"closed","ping_status":"open","template":"","meta":{"_acf_changed":false},"product_brand":[162],"product_cat":[2596,3504],"product_tag":[],"class_list":{"0":"post-49814","1":"product","2":"type-product","3":"status-publish","4":"has-post-thumbnail","6":"product_brand-luxolar","7":"product_cat-2596","8":"product_cat-3504","9":"pa_kod-producenta-719-1-uk","10":"pa_kolor-2246","11":"pa_kolor-2236","12":"pa_liczba-punktow-swiatla-1-uk","13":"pa_marka-luxolar","14":"pa_material-dominujacy-2341","15":"pa_rodzaj-2465","16":"pa_rodzaj-gwintu-e27-uk","17":"pa_zasilanie-2543","18":"pa_zawiera-baterie-2545","19":"pa_zrodlo-swiatla-2547","21":"first","22":"instock","23":"purchasable","24":"product-type-simple"},"acf":[],"aioseo_notices":[],"_links":{"self":[{"href":"https:\/\/portallamp.invette.dev\/uk\/wp-json\/wp\/v2\/product\/49814","targetHints":{"allow":["GET"]}}],"collection":[{"href":"https:\/\/portallamp.invette.dev\/uk\/wp-json\/wp\/v2\/product"}],"about":[{"href":"https:\/\/portallamp.invette.dev\/uk\/wp-json\/wp\/v2\/types\/product"}],"replies":[{"embeddable":true,"href":"https:\/\/portallamp.invette.dev\/uk\/wp-json\/wp\/v2\/comments?post=49814"}],"wp:featuredmedia":[{"embeddable":true,"href":"https:\/\/portallamp.invette.dev\/uk\/wp-json\/wp\/v2\/media\/36114"}],"wp:attachment":[{"href":"https:\/\/portallamp.invette.dev\/uk\/wp-json\/wp\/v2\/media?parent=49814"}],"wp:term":[{"taxonomy":"product_brand","embeddable":true,"href":"https:\/\/portallamp.invette.dev\/uk\/wp-json\/wp\/v2\/product_brand?post=49814"},{"taxonomy":"product_cat","embeddable":true,"href":"https:\/\/portallamp.invette.dev\/uk\/wp-json\/wp\/v2\/product_cat?post=49814"},{"taxonomy":"product_tag","embeddable":true,"href":"https:\/\/portallamp.invette.dev\/uk\/wp-json\/wp\/v2\/product_tag?post=49814"}],"curies":[{"name":"wp","href":"https:\/\/api.w.org\/{rel}","templated":true}]}}