{"id":49817,"date":"2025-07-03T18:05:18","date_gmt":"2025-07-03T16:05:18","guid":{"rendered":"https:\/\/portallamp.invette.dev\/produkt\/lampa-wiszaca-sufitowa-zyrandol-plafon-diament-led-5\/"},"modified":"2025-07-03T18:05:18","modified_gmt":"2025-07-03T16:05:18","slug":"lampa-wiszaca-sufitowa-zyrandol-plafon-diament-led-5","status":"publish","type":"product","link":"https:\/\/portallamp.invette.dev\/uk\/produkt\/lampa-wiszaca-sufitowa-zyrandol-plafon-diament-led-5\/","title":{"rendered":"LAMPA WISZ\u0104CA SUFITOWA \u017bYRANDOL PLAFON DIAMENT LED"},"content":{"rendered":"<h1>Nowa Lampa Sufitowa Plafon 3 -p\u0142omienna z serii Diament.<\/h1>\n<p><img decoding=\"async\" src=\"https:\/\/8.allegroimg.com\/original\/038e47\/b25668564bf1b80d7af03b7f5a58\" alt=\"Zdj\u0119cie produktu\" style=\"max-width:100%; height:auto; margin:10px 0;\"><\/p>\n<p><b>Nowa Lampa Sufitowa \u017cyrandol Diament 299-G3 w stylu minimalistycznym z aba\u017curami na kszta\u0142t &nbsp;trzech ruchomych diament\u00f3w.<\/b><\/p>\n<ul>\n<li>Oferowana w r\u00f3\u017cnych kolorach, dotyczy zar\u00f3wno konstrukcji lampy jak i aba\u017cur\u00f3w.<\/li>\n<\/ul>\n<ul>\n<li><b>5<\/b> kolor\u00f3w stela\u017ca oraz<b> 9<\/b> kolor\u00f3w aba\u017cur\u00f3w do wyboru<\/li>\n<\/ul>\n<ul>\n<li>Lampa Diament obs\u0142uguje wszystkie \u017car\u00f3wki z gwintem typu E27 do max 60 wat\u00f3w &#8211; zalecane LED<\/li>\n<\/ul>\n<ul>\n<li><b>Plafon wyposa\u017cona w przeguby &#8211; &nbsp;w prosty spos\u00f3b ustawisz kierunek aba\u017cur\u00f3w.<\/b><\/li>\n<\/ul>\n<ul>\n<li>Model 299-G3 wyposa\u017cono w dwa niezale\u017cne obwody elektryczne, dzi\u0119ki kt\u00f3rym w zale\u017cno\u015bci od potrzeb, mo\u017cemy sterowa\u0107 ilo\u015bci\u0105 w\u0142\u0105czonych \u017car\u00f3wek.<\/li>\n<\/ul>\n<ul>\n<li>Solida i sprawdzona konstrukcja &#8211; Lampa sufitowa 299-G3 go\u015bci na rynku lamp ju\u017c od d\u0142u\u017cszego czasu &#8211; brak reklamacji<\/li>\n<\/ul>\n<ul>\n<li>\u0141atwy monta\u017c &#8211; Centralne mocowanie umo\u017cliwia r\u00f3wny docisk lampy do sufitu, brak nieestetycznych szczelin mi\u0119dzy sufitem i&nbsp; plafonem<\/li>\n<\/ul>\n<p><img decoding=\"async\" src=\"https:\/\/5.allegroimg.com\/original\/039395\/3847a6144d80a3f3658cfb095f45\" alt=\"Zdj\u0119cie produktu\" style=\"max-width:100%; height:auto; margin:10px 0;\"><\/p>\n<h2>Dane techniczne:<\/h2>\n<ul>\n<li><b>materia\u0142 konstrukcji:<\/b>&nbsp;metal malowany proszkowo<\/li>\n<li><b>materia\u0142 aba\u017cur\u00f3w: t<\/b>kanina w wybranym kolorze na zewn\u0105trz, bia\u0142e PCV od wewn\u0105trz<\/li>\n<li><b>wymiary:<\/b>&nbsp;wysoko\u015b\u0107 ca\u0142kowita lampy 19-27 cm &#8211;&nbsp;<b>mo\u017cliwo\u015b\u0107 regulacji,<\/b>&nbsp;szeroko\u015b\u0107 podstawy: 30 cm<\/li>\n<li><b>regulacja k\u0105ta \u015bwiat\u0142a:<\/b>&nbsp;tak<\/li>\n<li><b>zasilanie:<\/b>&nbsp;~230 [V] \/ nie wymaga transformatora, dwa niezale\u017cne obwody elektryczne<\/li>\n<li><b>\u017ar\u00f3d\u0142o \u015bwiat\u0142a:<\/b>&nbsp;E-27<\/li>\n<li><b>IP 20, Klasa I<\/b><\/li>\n<li><b>monta\u017c do sufitu:<\/b>&nbsp; wieszana na dw\u00f3ch ko\u0142kach rozporowych.<\/li>\n<li><b>zestaw nie zawiera \u017car\u00f3wek oraz ko\u0142k\u00f3w rozporowych do monta\u017cu<\/b><\/li>\n<li><b>producent:&nbsp;<\/b>LUXOLAR<\/li>\n<\/ul>\n<p><img decoding=\"async\" src=\"https:\/\/e.allegroimg.com\/original\/03a585\/da9df5d248cb9fc9e6743d1e588e\" alt=\"Zdj\u0119cie produktu\" style=\"max-width:100%; height:auto; margin:10px 0;\"><br \/>\n<img decoding=\"async\" src=\"https:\/\/f.allegroimg.com\/original\/03b358\/30dc1ac944969af0dc722cefc52f\" alt=\"Zdj\u0119cie produktu\" style=\"max-width:100%; height:auto; margin:10px 0;\"><br \/>\n<img decoding=\"async\" src=\"https:\/\/5.allegroimg.com\/original\/030f83\/f951214b4ce3af794080421e0d55\" alt=\"Zdj\u0119cie produktu\" style=\"max-width:100%; height:auto; margin:10px 0;\"><\/p>\n<ul>\n<li>Wn\u0119trze aba\u017cura w kolorze bia\u0142ym<\/li>\n<\/ul>\n<ul>\n<li>Wybrany kolor na zewn\u0105trz<\/li>\n<\/ul>\n<ul>\n<li>\u015arednica otworu monta\u017cowego: 42 cm<\/li>\n<\/ul>\n<h2>Dost\u0119pne kolory aba\u017cur\u00f3w i konstrukcji:<\/h2>\n<p><img decoding=\"async\" src=\"https:\/\/e.allegroimg.com\/original\/0313e4\/fa7a42084f58b2c1c8bfab44f9ae\" alt=\"Zdj\u0119cie produktu\" style=\"max-width:100%; height:auto; margin:10px 0;\"><br \/>\n<img decoding=\"async\" src=\"https:\/\/c.allegroimg.com\/original\/033871\/7ad11fc84715a108950c274903fc\" alt=\"Zdj\u0119cie produktu\" style=\"max-width:100%; height:auto; margin:10px 0;\"><\/p>\n<h2>ETAPY REALIZACJI ZAM\u00d3WIENIA:<\/h2>\n<ol>\n<li><b>Wybierz kolor&nbsp;konstrukcji: <\/b>Czarny, Szary, Bia\u0142y, Niebieski lub R\u00f3\u017cowy<\/li>\n<li><b>Wybierz kolor&nbsp;aba\u017cura<\/b>: Bia\u0142y, Czarny, Szary, Czerwony, Niebieski, Granatowy, Jasny zielony, Jasny pomara\u0144cz lub Pudrowy R\u00f3\u017c.<\/li>\n<li><b>Wpisz wybran\u0105 konfiguracj\u0119&nbsp;<\/b>&#8211; w formularzu zam\u00f3wienia.<\/li>\n<\/ol>\n<p><b>Poprawne przes\u0142anie powy\u017cszych informacji znacznie przyspieszy realizacj\u0119 zam\u00f3wienia.<\/b><\/p>\n<h2>Mo\u017cliwo\u015b\u0107 tworzenia MIKS\u00d3W &#8211; wybierania R\u00d3\u017bNYCH KOLOR\u00d3W.<\/h2>\n<p>Wybierz r\u00f3\u017cnego koloru aba\u017cury, a dzi\u0119ki odpowiedniemu sposobowi mocowania bez problemu zamienisz ich kolejno\u015b\u0107.<\/p>\n<p><img decoding=\"async\" src=\"https:\/\/d.allegroimg.com\/original\/03e97d\/7ab00cac47449a41762d71cc7cbd\" alt=\"Zdj\u0119cie produktu\" style=\"max-width:100%; height:auto; margin:10px 0;\"><\/p>\n<h2>Przyk\u0142ady aran\u017cacji:<\/h2>\n<p><img decoding=\"async\" src=\"https:\/\/5.allegroimg.com\/original\/03143a\/5e79b34d42dfa24cfe9d30ce3f65\" alt=\"Zdj\u0119cie produktu\" style=\"max-width:100%; height:auto; margin:10px 0;\"><br \/>\n<img decoding=\"async\" src=\"https:\/\/1.allegroimg.com\/original\/03f36e\/7fdf6bb641dcba95292872f6ec81\" alt=\"Zdj\u0119cie produktu\" style=\"max-width:100%; height:auto; margin:10px 0;\"><\/p>\n","protected":false},"excerpt":{"rendered":"<p>Nowa Lampa Sufitowa Plafon 3 -p\u0142omienna z serii Diament. Nowa Lampa Sufitowa \u017cyrandol Diament 299-G3 w stylu minimalistycznym z aba\u017curami na kszta\u0142t &nbsp;trzech ruchomych diament\u00f3w. Oferowana w r\u00f3\u017cnych kolorach, dotyczy zar\u00f3wno konstrukcji lampy jak i aba\u017cur\u00f3w. 5 kolor\u00f3w stela\u017ca oraz 9 kolor\u00f3w aba\u017cur\u00f3w do wyboru Lampa Diament obs\u0142uguje wszystkie \u017car\u00f3wki z gwintem typu E27 do [&hellip;]<\/p>\n","protected":false},"featured_media":36384,"comment_status":"closed","ping_status":"open","template":"","meta":{"_acf_changed":false},"product_brand":[196],"product_cat":[2596,3504],"product_tag":[],"class_list":{"0":"post-49817","1":"product","2":"type-product","3":"status-publish","4":"has-post-thumbnail","6":"product_brand-fabryka-lamp-luxolar","7":"product_cat-2596","8":"product_cat-3504","9":"pa_klasa-efektywnosci-a-uk","10":"pa_kod-producenta-299-g3-uk","11":"pa_kolor-2234","12":"pa_kolor-2247","13":"pa_kolor-2245","14":"pa_kolor-2240","15":"pa_kolor-2241","16":"pa_kolor-2239","17":"pa_kolor-2243","18":"pa_kolor-2237","19":"pa_kolor-2236","20":"pa_ksztalt-2313","21":"pa_liczba-punktow-swiatla-3-uk","22":"pa_marka-fabryka-lamp-luxolar","23":"pa_material-dominujacy-2341","24":"pa_max-moc-pojed-zrodla-swiatla-60-uk","25":"pa_rodzaj-2465","26":"pa_rodzaj-gwintu-e27-uk","27":"pa_zasilanie-2543","28":"pa_zawiera-baterie-2545","29":"pa_zrodlo-swiatla-2547","31":"first","32":"instock","33":"purchasable","34":"product-type-simple"},"acf":[],"aioseo_notices":[],"_links":{"self":[{"href":"https:\/\/portallamp.invette.dev\/uk\/wp-json\/wp\/v2\/product\/49817","targetHints":{"allow":["GET"]}}],"collection":[{"href":"https:\/\/portallamp.invette.dev\/uk\/wp-json\/wp\/v2\/product"}],"about":[{"href":"https:\/\/portallamp.invette.dev\/uk\/wp-json\/wp\/v2\/types\/product"}],"replies":[{"embeddable":true,"href":"https:\/\/portallamp.invette.dev\/uk\/wp-json\/wp\/v2\/comments?post=49817"}],"wp:featuredmedia":[{"embeddable":true,"href":"https:\/\/portallamp.invette.dev\/uk\/wp-json\/wp\/v2\/media\/36384"}],"wp:attachment":[{"href":"https:\/\/portallamp.invette.dev\/uk\/wp-json\/wp\/v2\/media?parent=49817"}],"wp:term":[{"taxonomy":"product_brand","embeddable":true,"href":"https:\/\/portallamp.invette.dev\/uk\/wp-json\/wp\/v2\/product_brand?post=49817"},{"taxonomy":"product_cat","embeddable":true,"href":"https:\/\/portallamp.invette.dev\/uk\/wp-json\/wp\/v2\/product_cat?post=49817"},{"taxonomy":"product_tag","embeddable":true,"href":"https:\/\/portallamp.invette.dev\/uk\/wp-json\/wp\/v2\/product_tag?post=49817"}],"curies":[{"name":"wp","href":"https:\/\/api.w.org\/{rel}","templated":true}]}}