{"id":49835,"date":"2025-07-03T18:05:18","date_gmt":"2025-07-03T16:05:18","guid":{"rendered":"https:\/\/portallamp.invette.dev\/produkt\/nowoczesna-lampka-biurkowa-nocna-led-299-ld1\/"},"modified":"2025-07-03T18:05:18","modified_gmt":"2025-07-03T16:05:18","slug":"nowoczesna-lampka-biurkowa-nocna-led-299-ld1","status":"publish","type":"product","link":"https:\/\/portallamp.invette.dev\/uk\/produkt\/nowoczesna-lampka-biurkowa-nocna-led-299-ld1\/","title":{"rendered":"Nowoczesna Lampka Biurkowa Nocna LED 299-LD1"},"content":{"rendered":"<h1>Przedmiotem sprzeda\u017cy jest:<\/h1>\n<h2>Nowa Lampa Nocna z serii Diament nr kat: 299-LD1&nbsp; bezpo\u015brednio od producenta LUXOLAR<\/h2>\n<p><b>Nr kat: 299-LD1 LUXOLAR<\/b><\/p>\n<h1><\/h1>\n<p><img decoding=\"async\" src=\"https:\/\/0.allegroimg.com\/original\/03a05d\/330483b54b6ea26ba4dde728b890\" alt=\"Zdj\u0119cie produktu\" style=\"max-width:100%; height:auto; margin:10px 0;\"><\/p>\n<p><b>Nowa Lampka Nocna w Nowoczesnym Stylu<\/b><\/p>\n<ul>\n<li>2 kolory konstrukcji do wyboru<\/li>\n<\/ul>\n<ul>\n<li>9 kolor\u00f3w aba\u017cura do wyboru<\/li>\n<\/ul>\n<ul>\n<li>Obs\u0142uguje wszystkie \u017car\u00f3wki z gwintem typu E27 do max 40 wat\u00f3w.<\/li>\n<\/ul>\n<ul>\n<li><b>Wysoko\u015b\u0107 43 cm<\/b><\/li>\n<\/ul>\n<ul>\n<li>W\u0142\u0105cznik wbudowany w przew\u00f3d zasilaj\u0105cy<\/li>\n<\/ul>\n<ul>\n<li>Produkt bezpo\u015brednio od producenta<\/li>\n<\/ul>\n<h1>Dane techniczne:<\/h1>\n<ul>\n<li><b>materia\u0142 konstrukcji:<\/b>&nbsp;metal malowany proszkowo<\/li>\n<li><b>materia\u0142 aba\u017cura:&nbsp;<\/b>tkanina w wybranym kolorze na zewn\u0105trz, bia\u0142e pcv od wewn\u0105trz<\/li>\n<li><b>wymiary ca\u0142kowite:<\/b>&nbsp;wysoko\u015b\u0107 lampy <b>43 cm,&nbsp;<\/b>szeroko\u015b\u0107: <b>24 cm<\/b>,<\/li>\n<li><b>wymiary aba\u017cura: Wysoko\u015b\u0107: 16 cm, \u015arednica: 22cm, Podstawa: 16&#215;16 cm<\/b><\/li>\n<li><b>zasilanie:<\/b>&nbsp;~230 [V] \/ w\u0142\u0105cznik wbudowany w przew\u00f3d zasilaj\u0105cy<\/li>\n<li><b>\u017ar\u00f3d\u0142o \u015bwiat\u0142a:<\/b>&nbsp;E-27<\/li>\n<li><b>IP 20, Klasa II<\/b><\/li>\n<li><b>zestaw nie zawiera \u017car\u00f3wki<\/b><\/li>\n<li><b>producent:&nbsp;<\/b>LUXOLAR<\/li>\n<\/ul>\n<p><img decoding=\"async\" src=\"https:\/\/9.allegroimg.com\/original\/03b5ef\/5fa585a94eb9b781e8ed886f8399\" alt=\"Zdj\u0119cie produktu\" style=\"max-width:100%; height:auto; margin:10px 0;\"><br \/>\n<img decoding=\"async\" src=\"https:\/\/f.allegroimg.com\/original\/03bb45\/adec37a440adbf0f4c5a1ebc0c1f\" alt=\"Zdj\u0119cie produktu\" style=\"max-width:100%; height:auto; margin:10px 0;\"><\/p>\n<ul>\n<li>Wn\u0119trze aba\u017cura w kolorze bia\u0142ym<\/li>\n<\/ul>\n<ul>\n<li>Wybrany kolor na zewn\u0105trz<\/li>\n<\/ul>\n<ul>\n<li>\u015arednica otworu monta\u017cowego: 42 cm<\/li>\n<\/ul>\n<h1>KOLORY KONSTRUKCJI DO WYBORU:<\/h1>\n<ul>\n<li><b>Czarny<\/b><\/li>\n<li><b>Bia\u0142y<\/b><\/li>\n<\/ul>\n<p><img decoding=\"async\" src=\"https:\/\/b.allegroimg.com\/original\/03cc32\/4b32205a451bad32695e8ec7596b\" alt=\"Zdj\u0119cie produktu\" style=\"max-width:100%; height:auto; margin:10px 0;\"><\/p>\n<h1>KOLORY ABA\u017bUR\u00d3W DO WYBORU:<\/h1>\n<p><img decoding=\"async\" src=\"https:\/\/f.allegroimg.com\/original\/03d3cb\/15bd341d4cafa9d7dcb8881382cf\" alt=\"Zdj\u0119cie produktu\" style=\"max-width:100%; height:auto; margin:10px 0;\"><\/p>\n<h2>ETAPY REALIZACJI ZAM\u00d3WIENIA:<\/h2>\n<ol>\n<li><b>Wybierz kolor konstrukcji: <\/b>Czarny lub Bia\u0142y<\/li>\n<li><b>Wybierz kolor aba\u017cura<\/b>: Czarny, Szary, Bia\u0142y, Czerwony, Niebieski, Granatowy, Jasny zielony, Jasny pomara\u0144cz, Pudrowy R\u00f3\u017c.<\/li>\n<\/ol>\n<p><b>Poprawne przes\u0142anie powy\u017cszych informacji znacznie przyspieszy realizacj\u0119 zam\u00f3wienia. <\/b><\/p>\n<h2>PRZYK\u0141AD KONFIGURACJI:<\/h2>\n<ul>\n<li>Konstrukcja: Czarna<\/li>\n<li>Aba\u017cur: Szary<\/li>\n<\/ul>\n<p><img decoding=\"async\" src=\"https:\/\/8.allegroimg.com\/original\/037df3\/ec723b7a4aefa13b9d29de358ab8\" alt=\"Zdj\u0119cie produktu\" style=\"max-width:100%; height:auto; margin:10px 0;\"><\/p>\n","protected":false},"excerpt":{"rendered":"<p>Przedmiotem sprzeda\u017cy jest: Nowa Lampa Nocna z serii Diament nr kat: 299-LD1&nbsp; bezpo\u015brednio od producenta LUXOLAR Nr kat: 299-LD1 LUXOLAR Nowa Lampka Nocna w Nowoczesnym Stylu 2 kolory konstrukcji do wyboru 9 kolor\u00f3w aba\u017cura do wyboru Obs\u0142uguje wszystkie \u017car\u00f3wki z gwintem typu E27 do max 40 wat\u00f3w. Wysoko\u015b\u0107 43 cm W\u0142\u0105cznik wbudowany w przew\u00f3d zasilaj\u0105cy [&hellip;]<\/p>\n","protected":false},"featured_media":36324,"comment_status":"closed","ping_status":"open","template":"","meta":{"_acf_changed":false},"product_brand":[162],"product_cat":[2596,2775],"product_tag":[],"class_list":{"0":"post-49835","1":"product","2":"type-product","3":"status-publish","4":"has-post-thumbnail","6":"product_brand-luxolar","7":"product_cat-2596","8":"product_cat---uk","9":"pa_kod-producenta-299-ld1-uk","10":"pa_kolekcja-299-uk","11":"pa_kolor-2234","12":"pa_kolor-2245","13":"pa_kolor-2240","14":"pa_kolor-2241","15":"pa_kolor-2239","16":"pa_kolor-2243","17":"pa_kolor-2237","18":"pa_kolor-2236","19":"pa_liczba-punktow-swiatla-1-uk","20":"pa_marka-luxolar","21":"pa_rodzaj-gwintu-e27-uk","22":"pa_zasilanie-2543","23":"pa_zawiera-baterie-2545","24":"pa_zrodlo-swiatla-2547","26":"first","27":"instock","28":"purchasable","29":"product-type-simple"},"acf":[],"aioseo_notices":[],"_links":{"self":[{"href":"https:\/\/portallamp.invette.dev\/uk\/wp-json\/wp\/v2\/product\/49835","targetHints":{"allow":["GET"]}}],"collection":[{"href":"https:\/\/portallamp.invette.dev\/uk\/wp-json\/wp\/v2\/product"}],"about":[{"href":"https:\/\/portallamp.invette.dev\/uk\/wp-json\/wp\/v2\/types\/product"}],"replies":[{"embeddable":true,"href":"https:\/\/portallamp.invette.dev\/uk\/wp-json\/wp\/v2\/comments?post=49835"}],"wp:featuredmedia":[{"embeddable":true,"href":"https:\/\/portallamp.invette.dev\/uk\/wp-json\/wp\/v2\/media\/36324"}],"wp:attachment":[{"href":"https:\/\/portallamp.invette.dev\/uk\/wp-json\/wp\/v2\/media?parent=49835"}],"wp:term":[{"taxonomy":"product_brand","embeddable":true,"href":"https:\/\/portallamp.invette.dev\/uk\/wp-json\/wp\/v2\/product_brand?post=49835"},{"taxonomy":"product_cat","embeddable":true,"href":"https:\/\/portallamp.invette.dev\/uk\/wp-json\/wp\/v2\/product_cat?post=49835"},{"taxonomy":"product_tag","embeddable":true,"href":"https:\/\/portallamp.invette.dev\/uk\/wp-json\/wp\/v2\/product_tag?post=49835"}],"curies":[{"name":"wp","href":"https:\/\/api.w.org\/{rel}","templated":true}]}}