{"id":49838,"date":"2025-07-03T18:05:18","date_gmt":"2025-07-03T16:05:18","guid":{"rendered":"https:\/\/portallamp.invette.dev\/produkt\/lampa-wiszaca-sufitowa-zyrandol-plafon-diament-led-4\/"},"modified":"2025-07-03T18:05:18","modified_gmt":"2025-07-03T16:05:18","slug":"lampa-wiszaca-sufitowa-zyrandol-plafon-diament-led-4","status":"publish","type":"product","link":"https:\/\/portallamp.invette.dev\/uk\/produkt\/lampa-wiszaca-sufitowa-zyrandol-plafon-diament-led-4\/","title":{"rendered":"LAMPA WISZ\u0104CA SUFITOWA \u017bYRANDOL PLAFON DIAMENT LED"},"content":{"rendered":"<h1>Przedmiotem sprzeda\u017cy jest:<\/h1>\n<h1>Kolorowa Lampa Plafon w stylu minimalistycznym z aba\u017curami na kszta\u0142t &nbsp;trzech ruchomych diament\u00f3w.<\/h1>\n<p><b>Nr kat: 299-F3 LUXOLAR<\/b><\/p>\n<h2><\/h2>\n<p><img decoding=\"async\" src=\"https:\/\/4.allegroimg.com\/original\/03548a\/604065d042d89c6bc90d0544c794\" alt=\"Zdj\u0119cie produktu\" style=\"max-width:100%; height:auto; margin:10px 0;\"><\/p>\n<p><b>Nowa Lampa Sufitowa \u017cyrandol Diament 299-F3 w stylu minimalistycznym z aba\u017curami na kszta\u0142t &nbsp;trzech ruchomych diament\u00f3w.<\/b><\/p>\n<ul>\n<li>Oferowana w r\u00f3\u017cnych kolorach, dotyczy zar\u00f3wno konstrukcji lampy jak i aba\u017cur\u00f3w.<\/li>\n<\/ul>\n<ul>\n<li><b>5<\/b>&nbsp;kolor\u00f3w stela\u017ca oraz<b>&nbsp;9<\/b>&nbsp;kolor\u00f3w aba\u017cur\u00f3w do wyboru<\/li>\n<\/ul>\n<ul>\n<li>Rozpi\u0119to\u015b\u0107 stela\u017ca to a\u017c <b>80 cm<\/b>.<\/li>\n<\/ul>\n<ul>\n<li>Lampa Diament obs\u0142uguje wszystkie \u017car\u00f3wki z gwintem typu E27 do max 60 wat\u00f3w &#8211; zalecane LED<\/li>\n<\/ul>\n<ul>\n<li><b>Plafon wyposa\u017cona w przeguby &#8211; &nbsp;w prosty spos\u00f3b ustawisz kierunek aba\u017cur\u00f3w.<\/b><\/li>\n<\/ul>\n<ul>\n<li>Model 299-F3 wyposa\u017cony zosta\u0142 w&nbsp;&nbsp;dwa niezale\u017cne obwody elektryczne, dzi\u0119ki kt\u00f3rym w zale\u017cno\u015bci od potrzeb, mo\u017cemy sterowa\u0107 ilo\u015bci\u0105 w\u0142\u0105czonych \u017car\u00f3wek.<\/li>\n<\/ul>\n<h1>Dane techniczne:<\/h1>\n<ul>\n<li><b>materia\u0142 konstrukcji:<\/b>&nbsp;metal malowany proszkowo<\/li>\n<li><b>materia\u0142 aba\u017cur\u00f3w:&nbsp;<\/b>Tkanina w wybranym kolorze na zewn\u0105trz, bia\u0142e pcv od wewn\u0105trz<\/li>\n<li><b>wymiary:<\/b>&nbsp;wysoko\u015b\u0107 ca\u0142kowita lampy 19-27 cm &#8211;&nbsp;<b>mo\u017cliwo\u015b\u0107 regulacji,<\/b>&nbsp;szeroko\u015b\u0107 podstawy: 80&#215;5 cm<\/li>\n<li><b>regulacja k\u0105ta \u015bwiat\u0142a:<\/b>&nbsp;tak<\/li>\n<li><b>zasilanie:<\/b>&nbsp;~230 [V] \/ nie wymaga transformatora, dwa niezale\u017cne obwody elektryczne, w\u0142\u0105cznie 2+1 lub 3 na raz.<\/li>\n<li><b>\u017ar\u00f3d\u0142o \u015bwiat\u0142a:<\/b>&nbsp;E-27<\/li>\n<li><b>IP 20, Klasa I<\/b><\/li>\n<li><b>zestaw nie zawiera \u017car\u00f3wek oraz ko\u0142k\u00f3w rozporowych do monta\u017cu<\/b><\/li>\n<li>producent: <b>LUXOLAR<\/b><\/li>\n<\/ul>\n<p><img decoding=\"async\" src=\"https:\/\/f.allegroimg.com\/original\/03d660\/812484ba443d9aee6ef2573b543f\" alt=\"Zdj\u0119cie produktu\" style=\"max-width:100%; height:auto; margin:10px 0;\"><br \/>\n<img decoding=\"async\" src=\"https:\/\/f.allegroimg.com\/original\/030b91\/471d0f544fb2abfc4ced1cd8975f\" alt=\"Zdj\u0119cie produktu\" style=\"max-width:100%; height:auto; margin:10px 0;\"><br \/>\n<img decoding=\"async\" src=\"https:\/\/0.allegroimg.com\/original\/03c3f0\/1492375b430e9786902b5daef750\" alt=\"Zdj\u0119cie produktu\" style=\"max-width:100%; height:auto; margin:10px 0;\"><\/p>\n<ul>\n<li>Wn\u0119trze aba\u017cura w kolorze bia\u0142ym<\/li>\n<\/ul>\n<ul>\n<li>Wybrany kolor na zewn\u0105trz<\/li>\n<\/ul>\n<ul>\n<li>\u015arednica otworu monta\u017cowego: 42 cm<\/li>\n<\/ul>\n<h1>KOLORY ABA\u017bUR\u00d3W DO WYBORU:<\/h1>\n<p><img decoding=\"async\" src=\"https:\/\/7.allegroimg.com\/original\/0350e3\/8545db1e432ab8bcae9d9cb6e237\" alt=\"Zdj\u0119cie produktu\" style=\"max-width:100%; height:auto; margin:10px 0;\"><\/p>\n<h1>KOLORY KONSTRUKCJI DO WYBORU:<\/h1>\n<p><img decoding=\"async\" src=\"https:\/\/2.allegroimg.com\/original\/03f9f5\/d16db87e4e56839db2f359f3b4f2\" alt=\"Zdj\u0119cie produktu\" style=\"max-width:100%; height:auto; margin:10px 0;\"><\/p>\n<p>PRZYK\u0141AD KONFIGURACJI:<\/p>\n<ul>\n<li>Konstrukcja: Czarna<\/li>\n<li>Aba\u017cury: 3 x Szare<\/li>\n<\/ul>\n<p><img decoding=\"async\" src=\"https:\/\/d.allegroimg.com\/original\/037bbc\/512312a8468286967e6f80526e7d\" alt=\"Zdj\u0119cie produktu\" style=\"max-width:100%; height:auto; margin:10px 0;\"><\/p>\n<h2>ETAPY REALIZACJI ZAM\u00d3WIENIA:<\/h2>\n<ol>\n<li><b>Wybierz kolor konstrukcji: <\/b>Czarny, Grafit, Bia\u0142y,Szary lub Czerwony<\/li>\n<li><b>Wybierz kolor aba\u017cura<\/b>: BIa\u0142y,Czarny, Szary, Czerwony, Niebieski, Granatowy, Jasny zielony lub Jasny pomara\u0144cz.<\/li>\n<\/ol>\n<p><b>Poprawne przes\u0142anie powy\u017cszych informacji znacznie przyspieszy realizacj\u0119 zam\u00f3wienia. <\/b><\/p>\n<p><img decoding=\"async\" src=\"https:\/\/d.allegroimg.com\/original\/030c8a\/8136e0a14062914832ea7c1a8a0d\" alt=\"Zdj\u0119cie produktu\" style=\"max-width:100%; height:auto; margin:10px 0;\"><\/p>\n","protected":false},"excerpt":{"rendered":"<p>Przedmiotem sprzeda\u017cy jest: Kolorowa Lampa Plafon w stylu minimalistycznym z aba\u017curami na kszta\u0142t &nbsp;trzech ruchomych diament\u00f3w. Nr kat: 299-F3 LUXOLAR Nowa Lampa Sufitowa \u017cyrandol Diament 299-F3 w stylu minimalistycznym z aba\u017curami na kszta\u0142t &nbsp;trzech ruchomych diament\u00f3w. Oferowana w r\u00f3\u017cnych kolorach, dotyczy zar\u00f3wno konstrukcji lampy jak i aba\u017cur\u00f3w. 5&nbsp;kolor\u00f3w stela\u017ca oraz&nbsp;9&nbsp;kolor\u00f3w aba\u017cur\u00f3w do wyboru Rozpi\u0119to\u015b\u0107 stela\u017ca [&hellip;]<\/p>\n","protected":false},"featured_media":36351,"comment_status":"closed","ping_status":"open","template":"","meta":{"_acf_changed":false},"product_brand":[196],"product_cat":[2596,3504],"product_tag":[],"class_list":{"0":"post-49838","1":"product","2":"type-product","3":"status-publish","4":"has-post-thumbnail","6":"product_brand-fabryka-lamp-luxolar","7":"product_cat-2596","8":"product_cat-3504","9":"pa_kod-producenta-299-f3-uk","10":"pa_kolor-2234","11":"pa_kolor-2245","12":"pa_kolor-2240","13":"pa_kolor-2241","14":"pa_kolor-2239","15":"pa_kolor-2243","16":"pa_kolor-2237","17":"pa_kolor-2236","18":"pa_liczba-punktow-swiatla-3-uk","19":"pa_marka-fabryka-lamp-luxolar","20":"pa_material-dominujacy-2341","21":"pa_rodzaj-2465","22":"pa_rodzaj-gwintu-e27-uk","23":"pa_zasilanie-2543","24":"pa_zawiera-baterie-2545","26":"first","27":"instock","28":"purchasable","29":"product-type-simple"},"acf":[],"aioseo_notices":[],"_links":{"self":[{"href":"https:\/\/portallamp.invette.dev\/uk\/wp-json\/wp\/v2\/product\/49838","targetHints":{"allow":["GET"]}}],"collection":[{"href":"https:\/\/portallamp.invette.dev\/uk\/wp-json\/wp\/v2\/product"}],"about":[{"href":"https:\/\/portallamp.invette.dev\/uk\/wp-json\/wp\/v2\/types\/product"}],"replies":[{"embeddable":true,"href":"https:\/\/portallamp.invette.dev\/uk\/wp-json\/wp\/v2\/comments?post=49838"}],"wp:featuredmedia":[{"embeddable":true,"href":"https:\/\/portallamp.invette.dev\/uk\/wp-json\/wp\/v2\/media\/36351"}],"wp:attachment":[{"href":"https:\/\/portallamp.invette.dev\/uk\/wp-json\/wp\/v2\/media?parent=49838"}],"wp:term":[{"taxonomy":"product_brand","embeddable":true,"href":"https:\/\/portallamp.invette.dev\/uk\/wp-json\/wp\/v2\/product_brand?post=49838"},{"taxonomy":"product_cat","embeddable":true,"href":"https:\/\/portallamp.invette.dev\/uk\/wp-json\/wp\/v2\/product_cat?post=49838"},{"taxonomy":"product_tag","embeddable":true,"href":"https:\/\/portallamp.invette.dev\/uk\/wp-json\/wp\/v2\/product_tag?post=49838"}],"curies":[{"name":"wp","href":"https:\/\/api.w.org\/{rel}","templated":true}]}}