{"id":49880,"date":"2025-07-03T18:05:18","date_gmt":"2025-07-03T16:05:18","guid":{"rendered":"https:\/\/portallamp.invette.dev\/produkt\/lampa-plafon-zyrandol-384-e3-edison-loft\/"},"modified":"2025-07-03T18:05:18","modified_gmt":"2025-07-03T16:05:18","slug":"lampa-plafon-zyrandol-384-e3-edison-loft","status":"publish","type":"product","link":"https:\/\/portallamp.invette.dev\/uk\/produkt\/lampa-plafon-zyrandol-384-e3-edison-loft\/","title":{"rendered":"LAMPA PLAFON \u017bYRANDOL 384-E3 EDISON LOFT"},"content":{"rendered":"<h1>Przedmiotem sprzeda\u017cy jest:<\/h1>\n<h2><\/h2>\n<h2>Nowa lampa plafon w stylu minimalistycznym z os\u0142on\u0105 \u017car\u00f3wki na kszta\u0142t walca. Nr kat: 384-E3 LUXOLAR<\/h2>\n<\/p>\n<p><img decoding=\"async\" src=\"https:\/\/7.allegroimg.com\/original\/035d8b\/e8c2ee0b4d5389d1c20fc2554d27\" alt=\"Zdj\u0119cie produktu\" style=\"max-width:100%; height:auto; margin:10px 0;\"><\/p>\n<p><b>Nowa Lampa Sufitowa \u017cyrandol Plafon 384-E3 w stylu minimalistycznym z aba\u017curami na kszta\u0142t &nbsp;trzech ruchomych walc\u00f3w.<\/b><\/p>\n<ul>\n<li><b>Kolor lampy: Czarny matowy<\/b><\/li>\n<\/ul>\n<ul>\n<li>Obs\u0142uguje wszystkie \u017car\u00f3wki z gwintem typu E27 do max 60 wat\u00f3w &#8211; zalecane LED EDISON<\/li>\n<\/ul>\n<ul>\n<li><b>Plafon wyposa\u017cony w przeguby &#8211; &nbsp;w prosty spos\u00f3b ustawisz kierunek aba\u017cur\u00f3w.<\/b><\/li>\n<\/ul>\n<ul>\n<li>Model 384-E3 wyposa\u017cono w dwa niezale\u017cne obwody elektryczne, dzi\u0119ki kt\u00f3rym w zale\u017cno\u015bci od potrzeb, mo\u017cemy sterowa\u0107 ilo\u015bci\u0105 w\u0142\u0105czonych \u017car\u00f3wek.<\/li>\n<\/ul>\n<ul>\n<li>Solida i sprawdzona konstrukcja &#8211; Lampa sufitowa 384-E3 go\u015bci na rynku lamp ju\u017c od d\u0142u\u017cszego czasu &#8211; brak reklamacji<\/li>\n<\/ul>\n<ul>\n<li>\u0141atwy monta\u017c &#8211; Centralne mocowanie umo\u017cliwia r\u00f3wny docisk lampy do sufitu, brak nieestetycznych szczelin mi\u0119dzy sufitem i&nbsp; plafonem<\/li>\n<\/ul>\n<h1>Dane techniczne:<\/h1>\n<ul>\n<li><b>materia\u0142 konstrukcji:<\/b>&nbsp;metal malowany proszkowo<\/li>\n<li><b>wymiary:<\/b>&nbsp;wysoko\u015b\u0107 ca\u0142kowita lampy 20cm, Wymiar podsufitki: 30 cm<\/li>\n<li><b>regulacja k\u0105ta i kierunku \u017car\u00f3wki: &nbsp; <\/b>tak<\/li>\n<li><b>zasilanie:<\/b>&nbsp;~230 [V] \/ nie wymaga transformatora, dwa niezale\u017cne obwody elektryczne<\/li>\n<li><b>\u017ar\u00f3d\u0142o \u015bwiat\u0142a:<\/b>&nbsp;E-27<\/li>\n<li><b>IP 20, Klasa I<\/b><\/li>\n<li><b>zestaw nie zawiera \u017car\u00f3wek oraz ko\u0142k\u00f3w rozporowych do monta\u017cu<\/b><\/li>\n<li><b>producent:&nbsp;<\/b>LUXOLAR Polska<\/li>\n<\/ul>\n<p><img decoding=\"async\" src=\"https:\/\/b.allegroimg.com\/original\/036123\/2405127c425db0ee9e9c3ef9fa7b\" alt=\"Zdj\u0119cie produktu\" style=\"max-width:100%; height:auto; margin:10px 0;\"><br \/>\n<img decoding=\"async\" src=\"https:\/\/c.allegroimg.com\/original\/03c605\/82fe543241fd9cda3a62dff1d32c\" alt=\"Zdj\u0119cie produktu\" style=\"max-width:100%; height:auto; margin:10px 0;\"><br \/>\n<img decoding=\"async\" src=\"https:\/\/0.allegroimg.com\/original\/03d446\/5ac75fa949dd8f4608c0373e1fa0\" alt=\"Zdj\u0119cie produktu\" style=\"max-width:100%; height:auto; margin:10px 0;\"><\/p>\n<h1>Zalecane \u017ar\u00f3d\u0142o \u015bwiat\u0142a:<\/h1>\n<p>\u017bar\u00f3wki LED z w\u0142\u00f3knem typu FILAMENT &#8211;&nbsp; cechuje wysoka wydajno\u015b\u0107 oraz estetyka po\u0142\u0105czona z niskim zu\u017cyciem energii.<\/p>\n<p>\u017bar\u00f3wka to nie tylko \u017ar\u00f3d\u0142o \u015bwiata, ale tak\u017ce wa\u017cny wizualny szczeg\u00f3\u0142 w lampie.<\/p>\n<p><img decoding=\"async\" src=\"https:\/\/5.allegroimg.com\/original\/0342a9\/25fc8da149ef9e7198b631f3bde5\" alt=\"Zdj\u0119cie produktu\" style=\"max-width:100%; height:auto; margin:10px 0;\"><br \/>\n<img decoding=\"async\" src=\"https:\/\/d.allegroimg.com\/original\/039678\/50447d8e45708b5a41e7067f771d\" alt=\"Zdj\u0119cie produktu\" style=\"max-width:100%; height:auto; margin:10px 0;\"><br \/>\n<img decoding=\"async\" src=\"https:\/\/2.allegroimg.com\/original\/037a33\/012592a54d12a2d052d522297ec2\" alt=\"Zdj\u0119cie produktu\" style=\"max-width:100%; height:auto; margin:10px 0;\"><\/p>\n","protected":false},"excerpt":{"rendered":"<p>Przedmiotem sprzeda\u017cy jest: Nowa lampa plafon w stylu minimalistycznym z os\u0142on\u0105 \u017car\u00f3wki na kszta\u0142t walca. Nr kat: 384-E3 LUXOLAR Nowa Lampa Sufitowa \u017cyrandol Plafon 384-E3 w stylu minimalistycznym z aba\u017curami na kszta\u0142t &nbsp;trzech ruchomych walc\u00f3w. Kolor lampy: Czarny matowy Obs\u0142uguje wszystkie \u017car\u00f3wki z gwintem typu E27 do max 60 wat\u00f3w &#8211; zalecane LED EDISON Plafon [&hellip;]<\/p>\n","protected":false},"featured_media":36608,"comment_status":"closed","ping_status":"open","template":"","meta":{"_acf_changed":false},"product_brand":[162],"product_cat":[2596,3504],"product_tag":[],"class_list":{"0":"post-49880","1":"product","2":"type-product","3":"status-publish","4":"has-post-thumbnail","6":"product_brand-luxolar","7":"product_cat-2596","8":"product_cat-3504","9":"pa_kod-producenta-384-e3-uk","10":"pa_kolor-2236","11":"pa_liczba-punktow-swiatla-3-uk","12":"pa_marka-luxolar","13":"pa_material-dominujacy-2341","14":"pa_max-moc-pojed-zrodla-swiatla-60-uk","15":"pa_rodzaj-2465","16":"pa_rodzaj-gwintu-e27-uk","17":"pa_zasilanie-2543","18":"pa_zawiera-baterie-2545","19":"pa_zrodlo-swiatla-2547","21":"first","22":"instock","23":"purchasable","24":"product-type-simple"},"acf":[],"aioseo_notices":[],"_links":{"self":[{"href":"https:\/\/portallamp.invette.dev\/uk\/wp-json\/wp\/v2\/product\/49880","targetHints":{"allow":["GET"]}}],"collection":[{"href":"https:\/\/portallamp.invette.dev\/uk\/wp-json\/wp\/v2\/product"}],"about":[{"href":"https:\/\/portallamp.invette.dev\/uk\/wp-json\/wp\/v2\/types\/product"}],"replies":[{"embeddable":true,"href":"https:\/\/portallamp.invette.dev\/uk\/wp-json\/wp\/v2\/comments?post=49880"}],"wp:featuredmedia":[{"embeddable":true,"href":"https:\/\/portallamp.invette.dev\/uk\/wp-json\/wp\/v2\/media\/36608"}],"wp:attachment":[{"href":"https:\/\/portallamp.invette.dev\/uk\/wp-json\/wp\/v2\/media?parent=49880"}],"wp:term":[{"taxonomy":"product_brand","embeddable":true,"href":"https:\/\/portallamp.invette.dev\/uk\/wp-json\/wp\/v2\/product_brand?post=49880"},{"taxonomy":"product_cat","embeddable":true,"href":"https:\/\/portallamp.invette.dev\/uk\/wp-json\/wp\/v2\/product_cat?post=49880"},{"taxonomy":"product_tag","embeddable":true,"href":"https:\/\/portallamp.invette.dev\/uk\/wp-json\/wp\/v2\/product_tag?post=49880"}],"curies":[{"name":"wp","href":"https:\/\/api.w.org\/{rel}","templated":true}]}}