{"id":49934,"date":"2025-07-03T17:57:13","date_gmt":"2025-07-03T15:57:13","guid":{"rendered":"https:\/\/portallamp.invette.dev\/produkt\/lampa-sufitowa-wiszaca-styl-klasyczny-601-pe3-led-zmrozone-klosze-biala\/"},"modified":"2025-09-17T11:19:13","modified_gmt":"2025-09-17T09:19:13","slug":"lampa-sufitowa-wiszaca-styl-klasyczny-601-pe3-led-zmrozone-klosze-biala","status":"publish","type":"product","link":"https:\/\/portallamp.invette.dev\/uk\/produkt\/lampa-sufitowa-wiszaca-styl-klasyczny-601-pe3-led-zmrozone-klosze-biala\/","title":{"rendered":"Lampa Sufitowa Wisz\u0105ca Styl Klasyczny 601-PE3 LED Zmro\u017cone Klosze Bia\u0142a"},"content":{"rendered":"<h1>Lampa sufitowa klasyczna w kolorze bia\u0142ym wyposa\u017cona w szklane zmro\u017cone klosze.<\/h1>\n<p><img decoding=\"async\" src=\"https:\/\/a.allegroimg.com\/original\/111ef5\/3bf0818e459a99f950a76735b2a0\" alt=\"Zdj\u0119cie produktu\" style=\"max-width:100%; height:auto; margin:10px 0;\"><\/p>\n<p>Ta elegancka, a zarazem tania lampa w klasycznym stylu to doskona\u0142y wyb\u00f3r do niedu\u017cych mieszka\u0144, ma\u0142ych pokoi. Wykonana z wysokiej jako\u015bci materia\u0142\u00f3w, \u0142\u0105czy w sobie funkcjonalno\u015b\u0107 i estetyk\u0119, idealnie komponuj\u0105c si\u0119 w r\u00f3\u017cnych aran\u017cacjach wn\u0119trz.<\/p>\n<p>Lampa ma klasyczny bia\u0142y kolor, kt\u00f3ry \u015bwietnie pasuje do wn\u0119trz urz\u0105dzonych w stylu nowoczesnym oraz tradycyjnym. Bia\u0142e, matowe (tzw. zmro\u017cone) klosze skutecznie rozpraszaj\u0105 \u015bwiat\u0142o, zapewniaj\u0105c r\u00f3wnomierne i przyjemne o\u015bwietlenie, kt\u00f3re nadaje pomieszczeniu ciep\u0142\u0105 atmosfer\u0119. Dodatkowo, dobrze oddaj\u0105 \u015bwiat\u0142o z zamontowanych \u017car\u00f3wek, tworz\u0105c przytulne warunki zar\u00f3wno do pracy, jak i wypoczynku.<\/p>\n<p>Ze wzgl\u0119du na swoj\u0105 prost\u0105 form\u0119 i atrakcyjn\u0105 cen\u0119, lampa jest idealnym rozwi\u0105zaniem dla os\u00f3b planuj\u0105cych przeprowadzenie drobnego remontu lub zmiany wystroju wn\u0119trza nak\u0142adem nieznacznych koszt\u00f3w. Sprawdzi si\u0119 w salonach, sypialniach, kuchniach, a tak\u017ce w przedpokojach.<\/p>\n<p><img decoding=\"async\" src=\"https:\/\/a.allegroimg.com\/original\/118cf7\/49774bae467691449ecaf858736f\" alt=\"Zdj\u0119cie produktu\" style=\"max-width:100%; height:auto; margin:10px 0;\"><br \/>\n<img decoding=\"async\" src=\"https:\/\/a.allegroimg.com\/original\/111b7b\/5340bf9247b999d40b9bb008b5ac\" alt=\"Zdj\u0119cie produktu\" style=\"max-width:100%; height:auto; margin:10px 0;\"><\/p>\n<p><b>Cechy produktu:<\/b><\/p>\n<ul>\n<li>Kolor konstrukcji : Bia\u0142y g\u0142adki<\/li>\n<\/ul>\n<ul>\n<li>Kolor kloszy: Bia\u0142y zmro\u017cony<\/li>\n<\/ul>\n<ul>\n<li>Klasyczny, prosty design<\/li>\n<\/ul>\n<ul>\n<li>Dobre rozproszenie \u015bwiat\u0142a<\/li>\n<\/ul>\n<ul>\n<li>Idealna do ma\u0142ych mieszka\u0144 i pokoi<\/li>\n<\/ul>\n<ul>\n<li>O\u015bwietli r\u00f3wnie\u017c pokoje dzieci\u0119ce i m\u0142odzie\u017cowe<\/li>\n<\/ul>\n<ul>\n<li>\u015awietny stosunek ceny do jako\u015bci<\/li>\n<\/ul>\n<ul>\n<li>Wyprodukowana w Polsce<\/li>\n<\/ul>\n<p><img decoding=\"async\" src=\"https:\/\/a.allegroimg.com\/original\/1195ab\/38ca00ee4c9496347c1d282ce6d0\" alt=\"Zdj\u0119cie produktu\" style=\"max-width:100%; height:auto; margin:10px 0;\"><\/p>\n<h2>Dane techniczne:<\/h2>\n<ul>\n<li>Napi\u0119cie zasilania: ~230 V,&nbsp; 50 HZ<\/li>\n<\/ul>\n<ul>\n<li>IP20 &#8211; nie do u\u017cytku w miejscach o podwy\u017cszonej wilgotno\u015bci (Strefy: 0,1 oraz 2),<\/li>\n<\/ul>\n<ul>\n<li>Wyprodukowana w pierwszej klasie ochronno\u015bci przed pora\u017ceniem elektrycznym,<\/li>\n<\/ul>\n<ul>\n<li>Rozeta wykonana z metalu, dobrze przylega do sufitu, nie pozostawia szczeliny<\/li>\n<\/ul>\n<ul>\n<li>Konstrukcja malowana metod\u0105 proszkow\u0105, trwa\u0142a &#8211; nierdzewiej\u0105ca.<\/li>\n<\/ul>\n<ul>\n<li>Monta\u017c natynkowy &#8211; dwa ko\u0142ki rozporowe (brak w zestawie, nale\u017cy dobra\u0107 w\u0142a\u015bciwe do rodzaju pod\u0142o\u017ca)<\/li>\n<\/ul>\n<ul>\n<li>\u0179r\u00f3d\u0142o \u015bwiat\u0142a: E27 LED do max 60W&nbsp; &#8211; wy\u0142\u0105cznie LED<\/li>\n<\/ul>\n<ul>\n<li>Wbudowana instalacja 2-obwodowa. Wsp\u00f3\u0142pracuje z w\u0142\u0105cznikiem pojedynczym i podw\u00f3jnym.<\/li>\n<\/ul>\n<ul>\n<li>Wymiar klosza: 10 x 10 x h12 cm<\/li>\n<\/ul>\n<ul>\n<li>Waga lampy bez \u017car\u00f3wek: 1,3 kg<\/li>\n<\/ul>\n<ul>\n<li>CE ROHS WEEE<\/li>\n<\/ul>\n<ul>\n<li>Producent i Podmiot odpowiedzialny na terenie UE: LUXOLAR<\/li>\n<\/ul>\n<h2>Wymiary:<\/h2>\n<p><img decoding=\"async\" src=\"https:\/\/a.allegroimg.com\/original\/112ef3\/bc3bd8364215b1874b4f2e57cb97\" alt=\"Zdj\u0119cie produktu\" style=\"max-width:100%; height:auto; margin:10px 0;\"><\/p>\n<h2>Oznakowanie produktu:<\/h2>\n<p><img decoding=\"async\" src=\"https:\/\/a.allegroimg.com\/original\/119c9a\/017349824367912cc6e2aad0e9a6\" alt=\"Zdj\u0119cie produktu\" style=\"max-width:100%; height:auto; margin:10px 0;\"><\/p>\n<h2>Skr\u00f3cona instrukcja monta\u017cu:<\/h2>\n<p><img decoding=\"async\" src=\"https:\/\/a.allegroimg.com\/original\/11a733\/a7576c5a41ce9d7330af727a350c\" alt=\"Zdj\u0119cie produktu\" style=\"max-width:100%; height:auto; margin:10px 0;\"><\/p>\n<h2>Zestaw zawiera:<\/h2>\n<ul>\n<li><b>Kompletn\u0105, z\u0142o\u017con\u0105 lamp\u0119, gotow\u0105 do monta\u017cu (klosze spakowane oddzielnie)<\/b><\/li>\n<\/ul>\n<ul>\n<li><b>Z\u0142\u0105cze elektryczne do instalacji 2-obwodowej<\/b><\/li>\n<\/ul>\n<ul>\n<li><b>Produkt zawiera instrukcj\u0119 obs\u0142ugi w j\u0119zyku odpowiednim do kraju zakupu.<\/b><\/li>\n<\/ul>\n<ul>\n<li><b>Dokument zakupu<\/b><\/li>\n<\/ul>\n<ul>\n<li><b>Zestaw nie zawiera \u017ar\u00f3de\u0142 \u015bwiat\u0142a oraz ko\u0142k\u00f3w monta\u017cowych &#8211; dost\u0119pne na naszych aukcjach<\/b><\/li>\n<\/ul>\n<p><img decoding=\"async\" src=\"https:\/\/a.allegroimg.com\/original\/1170f8\/7c3bb91249deaece088353680775\" alt=\"Zdj\u0119cie produktu\" style=\"max-width:100%; height:auto; margin:10px 0;\"><\/p>\n<h2>Szukasz do kompletu innej podobnej lampy ? &#8230;<\/h2>\n<h2>Znajdziesz j\u0105 w naszych ofertach wpisuj\u0105c symbol: 600 lub 601<\/h2>\n<p><img decoding=\"async\" src=\"https:\/\/a.allegroimg.com\/original\/118aaf\/316d8ca843f8a0d93f168247c91f\" alt=\"Zdj\u0119cie produktu\" style=\"max-width:100%; height:auto; margin:10px 0;\"><br \/>\n<img decoding=\"async\" src=\"https:\/\/a.allegroimg.com\/original\/11a77d\/626a007d4d8890a4ed625682d37f\" alt=\"Zdj\u0119cie produktu\" style=\"max-width:100%; height:auto; margin:10px 0;\"><\/p>\n","protected":false},"excerpt":{"rendered":"<p>Lampa sufitowa klasyczna w kolorze bia\u0142ym wyposa\u017cona w szklane zmro\u017cone klosze. Ta elegancka, a zarazem tania lampa w klasycznym stylu to doskona\u0142y wyb\u00f3r do niedu\u017cych mieszka\u0144, ma\u0142ych pokoi. Wykonana z wysokiej jako\u015bci materia\u0142\u00f3w, \u0142\u0105czy w sobie funkcjonalno\u015b\u0107 i estetyk\u0119, idealnie komponuj\u0105c si\u0119 w r\u00f3\u017cnych aran\u017cacjach wn\u0119trz. Lampa ma klasyczny bia\u0142y kolor, kt\u00f3ry \u015bwietnie pasuje do [&hellip;]<\/p>\n","protected":false},"featured_media":33924,"comment_status":"closed","ping_status":"open","template":"","meta":{"_acf_changed":false},"product_brand":[162],"product_cat":[2596,2677],"product_tag":[],"class_list":{"0":"post-49934","1":"product","2":"type-product","3":"status-publish","4":"has-post-thumbnail","6":"product_brand-luxolar","7":"product_cat-2596","8":"product_cat-2677","9":"pa_kat-wiercenia-360-uk","10":"pa_klasa-efektywnosci-2146","11":"pa_kod-producenta-601-pe3-uk","12":"pa_kolekcja-601-uk","13":"pa_kolor-2234","14":"pa_liczba-punktow-swiatla-3-uk","15":"pa_marka-luxolar","16":"pa_material-dominujacy-2345","17":"pa_max-moc-pojed-zrodla-swiatla-60-uk","18":"pa_pomieszczenie-2441","19":"pa_pomieszczenie-2437","20":"pa_pomieszczenie-2438","21":"pa_pomieszczenie-2439","22":"pa_pomieszczenie-2436","23":"pa_pomieszczenie-2442","24":"pa_pomieszczenie-2443","25":"pa_pomieszczenie-2444","26":"pa_rodzaj-gwintu-e27-uk","27":"pa_rodzaj-lampy-2483","28":"pa_stan-2489","29":"pa_zasilanie-2543","30":"pa_zawiera-baterie-2545","31":"pa_zrodlo-swiatla-2547","33":"first","34":"instock","35":"purchasable","36":"product-type-simple"},"acf":[],"aioseo_notices":[],"_links":{"self":[{"href":"https:\/\/portallamp.invette.dev\/uk\/wp-json\/wp\/v2\/product\/49934","targetHints":{"allow":["GET"]}}],"collection":[{"href":"https:\/\/portallamp.invette.dev\/uk\/wp-json\/wp\/v2\/product"}],"about":[{"href":"https:\/\/portallamp.invette.dev\/uk\/wp-json\/wp\/v2\/types\/product"}],"replies":[{"embeddable":true,"href":"https:\/\/portallamp.invette.dev\/uk\/wp-json\/wp\/v2\/comments?post=49934"}],"wp:featuredmedia":[{"embeddable":true,"href":"https:\/\/portallamp.invette.dev\/uk\/wp-json\/wp\/v2\/media\/33924"}],"wp:attachment":[{"href":"https:\/\/portallamp.invette.dev\/uk\/wp-json\/wp\/v2\/media?parent=49934"}],"wp:term":[{"taxonomy":"product_brand","embeddable":true,"href":"https:\/\/portallamp.invette.dev\/uk\/wp-json\/wp\/v2\/product_brand?post=49934"},{"taxonomy":"product_cat","embeddable":true,"href":"https:\/\/portallamp.invette.dev\/uk\/wp-json\/wp\/v2\/product_cat?post=49934"},{"taxonomy":"product_tag","embeddable":true,"href":"https:\/\/portallamp.invette.dev\/uk\/wp-json\/wp\/v2\/product_tag?post=49934"}],"curies":[{"name":"wp","href":"https:\/\/api.w.org\/{rel}","templated":true}]}}