{"id":49994,"date":"2025-07-03T17:55:16","date_gmt":"2025-07-03T15:55:16","guid":{"rendered":"https:\/\/portallamp.invette.dev\/produkt\/lampa-sufitowa-zyrandol-plafon-gold-globe-488-eg1-led-e27-led-ruchomy-klosz\/"},"modified":"2025-09-17T11:22:52","modified_gmt":"2025-09-17T09:22:52","slug":"lampa-sufitowa-zyrandol-plafon-gold-globe-488-eg1-led-e27-led-ruchomy-klosz","status":"publish","type":"product","link":"https:\/\/portallamp.invette.dev\/uk\/produkt\/lampa-sufitowa-zyrandol-plafon-gold-globe-488-eg1-led-e27-led-ruchomy-klosz\/","title":{"rendered":"Lampa Sufitowa \u017byrandol Plafon Gold Globe 488-EG1 LED E27 LED Ruchomy Klosz"},"content":{"rendered":"<h1>Lampa Sufitowa \u017byrandol Plafon Gold Globe 488-EG1 LED 1xE27 LED Bia\u0142o-Z\u0142ota<\/h1>\n<p>Oprawa natynkowa, metalowa maj\u0105ca zastosowanie jako o\u015bwietlenie wewn\u0119trzne, z wy\u0142\u0105czeniem miejsc o podwy\u017cszonej wilgotno\u015bci.<\/p>\n<p><img decoding=\"async\" src=\"https:\/\/a.allegroimg.com\/original\/11e221\/bf518a5a462fa87ee01013446371\" alt=\"Zdj\u0119cie produktu\" style=\"max-width:100%; height:auto; margin:10px 0;\"><br \/>\n<img decoding=\"async\" src=\"https:\/\/a.allegroimg.com\/original\/1195d4\/66fc30e24ad690dcafe6ec713872\" alt=\"Zdj\u0119cie produktu\" style=\"max-width:100%; height:auto; margin:10px 0;\"><\/p>\n<h2>Idealna do:<\/h2>\n<p>\u2705 Korytarza, przedpokoju,&nbsp; a tak\u017ce stosowana&nbsp; w wi\u0119kszej ilo\u015bci o\u015bwietli :<\/p>\n<p>\u2705 Kuchnie<\/p>\n<p>\u2705 Sypialnie<\/p>\n<p>\u2705 Pokoje dzieci\u0119ce<\/p>\n<p>\u2705 \u0141azienki z wy\u0142\u0105czeniem stref: 0,1,2<\/p>\n<p>\u2705 Sprawdzi si\u0119 r\u00f3wnie\u017c jako o\u015bwietlenie dekoracyjne<\/p>\n<h2>G\u0142\u00f3wne cechy produktu:<\/h2>\n<p><b>\u2705&nbsp;<\/b>Nowoczesny, minimalistyczny&nbsp; design<\/p>\n<p><b>\u2705&nbsp;<\/b>Nieskomplikowany monta\u017c<\/p>\n<p><b>\u2705&nbsp;<\/b>Wygodna w u\u017cyciu i praktyczna w zastosowaniu &#8211; regulacja kierunku \u015bwiecenia,<\/p>\n<p><b>\u2705&nbsp;<\/b>Wykorzystuje najbardziej popularne \u017ar\u00f3d\u0142a \u015bwiat\u0142a &#8211; nie wpadniesz w pu\u0142apk\u0119 drogich \u017car\u00f3wek,<\/p>\n<p><b>\u2705&nbsp;<\/b>Wysoka jako\u015b\u0107 oraz trwa\u0142o\u015b\u0107 &#8211; zredukowano plastik do absolutnego minimum<\/p>\n<p><img decoding=\"async\" src=\"https:\/\/a.allegroimg.com\/original\/111cc8\/1b40004c41c88cfbb574ff7f3b8a\" alt=\"Zdj\u0119cie produktu\" style=\"max-width:100%; height:auto; margin:10px 0;\"><\/p>\n<h2>Dane techniczne:<\/h2>\n<ul>\n<li>Napi\u0119cie zasilania: ~230 V,&nbsp; 50 HZ<\/li>\n<\/ul>\n<ul>\n<li>IP20 &#8211; nie do u\u017cytku w miejscach o podwy\u017cszonej wilgotno\u015bci (Strefy: 0,1 oraz 2),<\/li>\n<\/ul>\n<ul>\n<li>Wyprodukowana w pierwszej klasie ochronno\u015bci przed pora\u017ceniem elektrycznym,<\/li>\n<\/ul>\n<ul>\n<li>Wykonana g\u0142\u00f3wnie z metalu,<\/li>\n<\/ul>\n<ul>\n<li>Ruchome klosze<\/li>\n<\/ul>\n<ul>\n<li>Monta\u017c natynkowy &#8211; dwa ko\u0142ki rozporowe (brak w zestawie, nale\u017cy dobra\u0107 w\u0142a\u015bciwe do rodzaju pod\u0142o\u017ca)<\/li>\n<\/ul>\n<ul>\n<li>\u0179r\u00f3d\u0142o \u015bwiat\u0142a: E27 LED do max 60W<\/li>\n<\/ul>\n<ul>\n<li>Waga lampy bez \u017car\u00f3wek: 0,3 kg<\/li>\n<\/ul>\n<ul>\n<li>Dwa obwody elektryczne, wsp\u00f3\u0142pracuje r\u00f3wnie\u017c z w\u0142\u0105cznikiem podw\u00f3jnym.<\/li>\n<\/ul>\n<ul>\n<li>CE ROHS WEEE<\/li>\n<\/ul>\n<ul>\n<li>Producent i Podmiot odpowiedzialny na terenie UE: LUXOLAR<\/li>\n<\/ul>\n<h2>Wymiary:<\/h2>\n<p><img decoding=\"async\" src=\"https:\/\/a.allegroimg.com\/original\/114a8e\/0db501fd4892b2abde58cca07183\" alt=\"Zdj\u0119cie produktu\" style=\"max-width:100%; height:auto; margin:10px 0;\"><\/p>\n<h2>Oznakowanie produktu:<\/h2>\n<p><img decoding=\"async\" src=\"https:\/\/a.allegroimg.com\/original\/11a53b\/bc4ac3f44e528acfed7a33e09a3e\" alt=\"Zdj\u0119cie produktu\" style=\"max-width:100%; height:auto; margin:10px 0;\"><\/p>\n<h2>Skr\u00f3cona instrukcja monta\u017cu:<\/h2>\n<p><img decoding=\"async\" src=\"https:\/\/a.allegroimg.com\/original\/11db5e\/0b02669e44f7aedec82581d07d37\" alt=\"Zdj\u0119cie produktu\" style=\"max-width:100%; height:auto; margin:10px 0;\"><br \/>\n<img decoding=\"async\" src=\"https:\/\/a.allegroimg.com\/original\/11ec39\/3dbcdb574d1185274ab435c9221a\" alt=\"Zdj\u0119cie produktu\" style=\"max-width:100%; height:auto; margin:10px 0;\"><\/p>\n<h2>Stosowana r\u00f3wnie\u017c jako kinkiet:<\/h2>\n<p><img decoding=\"async\" src=\"https:\/\/a.allegroimg.com\/original\/11ff36\/6c831d5a49ceadc0597e2e5850b9\" alt=\"Zdj\u0119cie produktu\" style=\"max-width:100%; height:auto; margin:10px 0;\"><br \/>\n<img decoding=\"async\" src=\"https:\/\/a.allegroimg.com\/original\/11ccb1\/f199c1054724825b4072e9c26196\" alt=\"Zdj\u0119cie produktu\" style=\"max-width:100%; height:auto; margin:10px 0;\"><\/p>\n<h2>Zestaw zawiera:<\/h2>\n<ul>\n<li><b>Kompletn\u0105, z\u0142o\u017con\u0105 lamp\u0119, gotow\u0105 do monta\u017cu (klosz spakowany oddzielnie)<\/b><\/li>\n<li><b>Z\u0142\u0105cze elektryczne<\/b><\/li>\n<li><b>Instrukcj\u0119 obs\u0142ugi<\/b><\/li>\n<li><b>Dokument zakupu<\/b><\/li>\n<li><b>Zestaw nie zawiera \u017car\u00f3wki oraz ko\u0142k\u00f3w monta\u017cowych &#8211; dost\u0119pne na naszych aukcjach<\/b><\/li>\n<\/ul>\n<p><img decoding=\"async\" src=\"https:\/\/a.allegroimg.com\/original\/1170f8\/7c3bb91249deaece088353680775\" alt=\"Zdj\u0119cie produktu\" style=\"max-width:100%; height:auto; margin:10px 0;\"><\/p>\n<h2>Je\u015bli szukasz do kompletu kinkietu, lub innej podobnej lampy, to&#8230;<\/h2>\n<h2>Znajdziesz j\u0105 w naszych ofertach wpisuj\u0105c symbol: 488<\/h2>\n<h2>ZALECANE \u0179R\u00d3D\u0141A \u015aWIAT\u0141A:<\/h2>\n<\/p>\n<ul>\n<li>\u017bar\u00f3wki w technologii LED&nbsp; typu E27 Filament<\/li>\n<li>Strumie\u0144 \u015bwietlny: 700 -1300 lm<\/li>\n<li>Zalecana moc pobierana z sieci: 8 -15 W (max 25W)<\/li>\n<li>Barwa: ciep\u0142a (3000K), Neutralna (4000K)&nbsp; lub zimna (6000K)<\/li>\n<\/ul>\n<p><img decoding=\"async\" src=\"https:\/\/a.allegroimg.com\/original\/114996\/83811991481caaf1a0b56a78b895\" alt=\"Zdj\u0119cie produktu\" style=\"max-width:100%; height:auto; margin:10px 0;\"><br \/>\n<img decoding=\"async\" src=\"https:\/\/a.allegroimg.com\/original\/11bef5\/d3d284f040e6afbfd268f02607c0\" alt=\"Zdj\u0119cie produktu\" style=\"max-width:100%; height:auto; margin:10px 0;\"><br \/>\n<img decoding=\"async\" src=\"https:\/\/a.allegroimg.com\/original\/11a77d\/626a007d4d8890a4ed625682d37f\" alt=\"Zdj\u0119cie produktu\" style=\"max-width:100%; height:auto; margin:10px 0;\"><\/p>\n","protected":false},"excerpt":{"rendered":"<p>Lampa Sufitowa \u017byrandol Plafon Gold Globe 488-EG1 LED 1xE27 LED Bia\u0142o-Z\u0142ota Oprawa natynkowa, metalowa maj\u0105ca zastosowanie jako o\u015bwietlenie wewn\u0119trzne, z wy\u0142\u0105czeniem miejsc o podwy\u017cszonej wilgotno\u015bci. Idealna do: \u2705 Korytarza, przedpokoju,&nbsp; a tak\u017ce stosowana&nbsp; w wi\u0119kszej ilo\u015bci o\u015bwietli : \u2705 Kuchnie \u2705 Sypialnie \u2705 Pokoje dzieci\u0119ce \u2705 \u0141azienki z wy\u0142\u0105czeniem stref: 0,1,2 \u2705 Sprawdzi si\u0119 r\u00f3wnie\u017c [&hellip;]<\/p>\n","protected":false},"featured_media":33142,"comment_status":"closed","ping_status":"open","template":"","meta":{"_acf_changed":false},"product_brand":[162],"product_cat":[2596,2677],"product_tag":[],"class_list":{"0":"post-49994","1":"product","2":"type-product","3":"status-publish","4":"has-post-thumbnail","6":"product_brand-luxolar","7":"product_cat-2596","8":"product_cat-2677","9":"pa_kat-wiercenia-350-uk","10":"pa_klasa-efektywnosci-a-uk","11":"pa_kod-producenta-488-eg1-uk","12":"pa_kolekcja-488-uk","13":"pa_kolor-2234","14":"pa_liczba-punktow-swiatla-1-uk","15":"pa_marka-luxolar","16":"pa_material-dominujacy-2341","17":"pa_max-moc-pojed-zrodla-swiatla-60-uk","18":"pa_pomieszczenie-2441","19":"pa_pomieszczenie-2437","20":"pa_pomieszczenie-2438","21":"pa_pomieszczenie-2439","22":"pa_pomieszczenie-2436","23":"pa_pomieszczenie-2442","24":"pa_pomieszczenie-2443","25":"pa_pomieszczenie-2444","26":"pa_rodzaj-gwintu-e27-uk","27":"pa_rodzaj-lampy-2483","28":"pa_stan-2489","29":"pa_zasilanie-2543","30":"pa_zawiera-baterie-2545","31":"pa_zrodlo-swiatla-2547","33":"first","34":"instock","35":"purchasable","36":"product-type-simple"},"acf":[],"aioseo_notices":[],"_links":{"self":[{"href":"https:\/\/portallamp.invette.dev\/uk\/wp-json\/wp\/v2\/product\/49994","targetHints":{"allow":["GET"]}}],"collection":[{"href":"https:\/\/portallamp.invette.dev\/uk\/wp-json\/wp\/v2\/product"}],"about":[{"href":"https:\/\/portallamp.invette.dev\/uk\/wp-json\/wp\/v2\/types\/product"}],"replies":[{"embeddable":true,"href":"https:\/\/portallamp.invette.dev\/uk\/wp-json\/wp\/v2\/comments?post=49994"}],"wp:featuredmedia":[{"embeddable":true,"href":"https:\/\/portallamp.invette.dev\/uk\/wp-json\/wp\/v2\/media\/33142"}],"wp:attachment":[{"href":"https:\/\/portallamp.invette.dev\/uk\/wp-json\/wp\/v2\/media?parent=49994"}],"wp:term":[{"taxonomy":"product_brand","embeddable":true,"href":"https:\/\/portallamp.invette.dev\/uk\/wp-json\/wp\/v2\/product_brand?post=49994"},{"taxonomy":"product_cat","embeddable":true,"href":"https:\/\/portallamp.invette.dev\/uk\/wp-json\/wp\/v2\/product_cat?post=49994"},{"taxonomy":"product_tag","embeddable":true,"href":"https:\/\/portallamp.invette.dev\/uk\/wp-json\/wp\/v2\/product_tag?post=49994"}],"curies":[{"name":"wp","href":"https:\/\/api.w.org\/{rel}","templated":true}]}}