{"id":50042,"date":"2025-07-03T17:53:22","date_gmt":"2025-07-03T15:53:22","guid":{"rendered":"https:\/\/portallamp.invette.dev\/produkt\/lampa-zyrandol-trzy-rozne-szklane-kule-miodowe\/"},"modified":"2025-07-03T17:53:22","modified_gmt":"2025-07-03T15:53:22","slug":"lampa-zyrandol-trzy-rozne-szklane-kule-miodowe","status":"publish","type":"product","link":"https:\/\/portallamp.invette.dev\/uk\/produkt\/lampa-zyrandol-trzy-rozne-szklane-kule-miodowe\/","title":{"rendered":"Lampa \u017byrandol Trzy r\u00f3\u017cne szklane Kule Miodowe"},"content":{"rendered":"<h1>Nowoczesna lampa sufitowa, wykonana z najwy\u017csz\u0105 dba\u0142o\u015bci\u0105 o szczeg\u00f3\u0142y i detale.<\/h1>\n<p>Czarny kolor i szklane klosze o r\u00f3\u017cnej \u015brednicy to \u015bwietne po\u0142\u0105czenie w nowoczesnych wn\u0119trzach.<\/p>\n<p><img decoding=\"async\" src=\"https:\/\/a.allegroimg.com\/original\/116fe0\/8e393b304f2a96058351b18e44d5\" alt=\"Zdj\u0119cie produktu\" style=\"max-width:100%; height:auto; margin:10px 0;\"><\/p>\n<h2>Konstrukcja lampy umo\u017cliwia korekt\u0119 wysoko\u015bci klosza (przed zamontowaniem).<\/h2>\n<\/p>\n<p><img decoding=\"async\" src=\"https:\/\/a.allegroimg.com\/original\/11aa1e\/3e2ba1e8460f911697feeb1ce8e6\" alt=\"Zdj\u0119cie produktu\" style=\"max-width:100%; height:auto; margin:10px 0;\"><\/p>\n<p><b>Lampa w pe\u0142ni z\u0142o\u017cona &#8211; nie jest to zestaw do samodzielnego monta\u017cu &#8211; wyjmujesz z kartonu i wieszasz na suficie.<\/b><\/p>\n<p><b>Nie musisz traci\u0107 czasu na z\u0142o\u017cenie lampy od najmniejszej \u015brubki.<\/b><\/p>\n<\/p>\n<p><img decoding=\"async\" src=\"https:\/\/a.allegroimg.com\/original\/116fe0\/8e393b304f2a96058351b18e44d5\" alt=\"Zdj\u0119cie produktu\" style=\"max-width:100%; height:auto; margin:10px 0;\"><\/p>\n<p><b><\/b><\/p>\n<p><b>G\u0141\u00d3WNE CECHY LAMPY:<\/b><\/p>\n<p><b><\/b><\/p>\n<ul>\n<li>Materia\u0142 konstrukcji: Metal<\/li>\n<\/ul>\n<ul>\n<li>Kolor konstrukcji: Czarny &#8211; drobna struktura<\/li>\n<\/ul>\n<ul>\n<li>Materia\u0142 kloszy: Szk\u0142o w kolorze Miodowym<\/li>\n<\/ul>\n<ul>\n<li>Klosze przepuszczaj\u0105 \u015bwiat\u0142o: Stopie\u0144 przepuszczania 80 %<\/li>\n<\/ul>\n<ul>\n<li>\u015arednica kloszy: 15 cm, 18 cm, 20 cm<\/li>\n<\/ul>\n<ul>\n<li>Nowoczesny Styl &#8211; &nbsp;\u0142atwo wkomponuje si\u0119 w uk\u0142ad mieszkania<\/li>\n<\/ul>\n<ul>\n<li>Korekta wysoko\u015bci kloszy (przed zamontowaniem)<\/li>\n<\/ul>\n<ul>\n<li>Szerokie zastosowanie:&nbsp;<b>sto\u0142y, wyspy, blaty, korytarze, kuchnie<\/b><\/li>\n<\/ul>\n<ul>\n<li>Lampa obs\u0142uguje wszystkie \u017car\u00f3wki z gwintem typu&nbsp;<b>E27 do max 60 wat\u00f3w.<\/b><\/li>\n<\/ul>\n<ul>\n<li>Lampa z polskiej dystrybucji, wyprodukowana w Polsce &#8211; gwarantowany szybki dost\u0119p do serwisu i cz\u0119\u015bci zapasowych<\/li>\n<\/ul>\n<ul>\n<li>Atrakcyjna Cena<\/li>\n<\/ul>\n<ul>\n<li><b>Wersja w pe\u0142ni z\u0142o\u017cona &#8211; nie jest to chi\u0144ski zestaw do samodzielnego monta\u017cu<\/b><\/li>\n<\/ul>\n<h2>Wymiary:<\/h2>\n<\/p>\n<p><img decoding=\"async\" src=\"https:\/\/a.allegroimg.com\/original\/1129c6\/acfedbf747678e182bba622fd6f8\" alt=\"Zdj\u0119cie produktu\" style=\"max-width:100%; height:auto; margin:10px 0;\"><\/p>\n<h2>Zestaw zawiera:<\/h2>\n<\/p>\n<ul>\n<li><b>Kompletn\u0105, z\u0142o\u017con\u0105 lamp\u0119 wraz z trzema kloszami (nie jest to chi\u0144skiej produkcji zestaw do samodzielnego monta\u017cu)<\/b><\/li>\n<li><b>Kostk\u0119 przy\u0142\u0105czeniow\u0105<\/b><\/li>\n<li><b>Instrukcj\u0119 obs\u0142ugi<\/b><\/li>\n<li><b>Dokument zakupu<\/b><\/li>\n<\/ul>\n<p><b>Zestaw nie zawiera \u017car\u00f3wek ani ko\u0142k\u00f3w rozporowych&nbsp; (nale\u017cy dobra\u0107 odpowiednie do sufitu)<\/b><\/p>\n<h2>ZALECANE \u0179R\u00d3D\u0141A \u015aWIAT\u0141A:<\/h2>\n<\/p>\n<ul>\n<li>\u017bar\u00f3wki LED z diodami SMD lub filament<\/li>\n<li>Strumie\u0144 \u015bwietlny: 900 -1300 lm<\/li>\n<li><b>Gwint E27<\/b><\/li>\n<li>Moc pobierana z sieci: 6 -12 W<\/li>\n<li>Barwa: ciep\u0142a lub bia\u0142a<\/li>\n<\/ul>\n<p><b>Tradycyjny kszta\u0142t w po\u0142\u0105czeniu z nowoczesnymi diodami SMD lub Filament<\/b><\/p>\n<p><img decoding=\"async\" src=\"https:\/\/a.allegroimg.com\/original\/03303d\/c3b1d99f4211bfec2eb9d008c1a1\" alt=\"Zdj\u0119cie produktu\" style=\"max-width:100%; height:auto; margin:10px 0;\"><\/p>\n<h2>Aran\u017cacje:<\/h2>\n<\/p>\n<p><img decoding=\"async\" src=\"https:\/\/a.allegroimg.com\/original\/11160f\/b373362c4322a5bf5389f0facc15\" alt=\"Zdj\u0119cie produktu\" style=\"max-width:100%; height:auto; margin:10px 0;\"><\/p>\n","protected":false},"excerpt":{"rendered":"<p>Nowoczesna lampa sufitowa, wykonana z najwy\u017csz\u0105 dba\u0142o\u015bci\u0105 o szczeg\u00f3\u0142y i detale. Czarny kolor i szklane klosze o r\u00f3\u017cnej \u015brednicy to \u015bwietne po\u0142\u0105czenie w nowoczesnych wn\u0119trzach. Konstrukcja lampy umo\u017cliwia korekt\u0119 wysoko\u015bci klosza (przed zamontowaniem). Lampa w pe\u0142ni z\u0142o\u017cona &#8211; nie jest to zestaw do samodzielnego monta\u017cu &#8211; wyjmujesz z kartonu i wieszasz na suficie. Nie musisz [&hellip;]<\/p>\n","protected":false},"featured_media":32154,"comment_status":"closed","ping_status":"open","template":"","meta":{"_acf_changed":false},"product_brand":[162],"product_cat":[2596,2677],"product_tag":[],"class_list":{"0":"post-50042","1":"product","2":"type-product","3":"status-publish","4":"has-post-thumbnail","6":"product_brand-luxolar","7":"product_cat-2596","8":"product_cat-2677","9":"pa_kod-producenta-835-ez3m-uk","10":"pa_kolekcja-835-uk","11":"pa_kolor-2232","12":"pa_kolor-2247","13":"pa_kolor-2236","14":"pa_liczba-punktow-swiatla-3-uk","15":"pa_marka-luxolar","16":"pa_material-dominujacy-2341","17":"pa_max-moc-pojed-zrodla-swiatla-60-uk","18":"pa_pomieszczenie-2441","19":"pa_pomieszczenie-2437","20":"pa_pomieszczenie-2438","21":"pa_pomieszczenie-2439","22":"pa_pomieszczenie-2436","23":"pa_pomieszczenie-2442","24":"pa_pomieszczenie-2443","25":"pa_pomieszczenie-2444","26":"pa_rodzaj-gwintu-e27-uk","27":"pa_rodzaj-lampy-2483","28":"pa_zasilanie-2543","29":"pa_zawiera-baterie-2545","30":"pa_zrodlo-swiatla-2547","32":"first","33":"instock","34":"purchasable","35":"product-type-simple"},"acf":[],"aioseo_notices":[],"_links":{"self":[{"href":"https:\/\/portallamp.invette.dev\/uk\/wp-json\/wp\/v2\/product\/50042","targetHints":{"allow":["GET"]}}],"collection":[{"href":"https:\/\/portallamp.invette.dev\/uk\/wp-json\/wp\/v2\/product"}],"about":[{"href":"https:\/\/portallamp.invette.dev\/uk\/wp-json\/wp\/v2\/types\/product"}],"replies":[{"embeddable":true,"href":"https:\/\/portallamp.invette.dev\/uk\/wp-json\/wp\/v2\/comments?post=50042"}],"wp:featuredmedia":[{"embeddable":true,"href":"https:\/\/portallamp.invette.dev\/uk\/wp-json\/wp\/v2\/media\/32154"}],"wp:attachment":[{"href":"https:\/\/portallamp.invette.dev\/uk\/wp-json\/wp\/v2\/media?parent=50042"}],"wp:term":[{"taxonomy":"product_brand","embeddable":true,"href":"https:\/\/portallamp.invette.dev\/uk\/wp-json\/wp\/v2\/product_brand?post=50042"},{"taxonomy":"product_cat","embeddable":true,"href":"https:\/\/portallamp.invette.dev\/uk\/wp-json\/wp\/v2\/product_cat?post=50042"},{"taxonomy":"product_tag","embeddable":true,"href":"https:\/\/portallamp.invette.dev\/uk\/wp-json\/wp\/v2\/product_tag?post=50042"}],"curies":[{"name":"wp","href":"https:\/\/api.w.org\/{rel}","templated":true}]}}