{"id":50060,"date":"2025-07-03T17:53:22","date_gmt":"2025-07-03T15:53:22","guid":{"rendered":"https:\/\/portallamp.invette.dev\/produkt\/lampa-sufitowa-wiszaca-zyrandol-full-globe-glass-561-o6-g9-biale-kule-led\/"},"modified":"2025-07-03T17:53:22","modified_gmt":"2025-07-03T15:53:22","slug":"lampa-sufitowa-wiszaca-zyrandol-full-globe-glass-561-o6-g9-biale-kule-led","status":"publish","type":"product","link":"https:\/\/portallamp.invette.dev\/uk\/produkt\/lampa-sufitowa-wiszaca-zyrandol-full-globe-glass-561-o6-g9-biale-kule-led\/","title":{"rendered":"Lampa Sufitowa Wisz\u0105ca \u017byrandol Full Globe Glass 561-O6 G9 Bia\u0142e kule LED"},"content":{"rendered":"<h1>Lampa Sufitowa Wisz\u0105ca, Model White Globe Glass typ: 561-O6&nbsp; Szklane Kule<\/h1>\n<p>Oprawa natynkowa, metalowa maj\u0105ca zastosowanie jako o\u015bwietlenie wewn\u0119trzne, z wy\u0142\u0105czeniem miejsc o podwy\u017cszonej wilgotno\u015bci.<\/p>\n<p><img decoding=\"async\" src=\"https:\/\/a.allegroimg.com\/original\/119cc1\/ffe4e074430dbabb755f99966edc\" alt=\"Zdj\u0119cie produktu\" style=\"max-width:100%; height:auto; margin:10px 0;\"><br \/>\n<img decoding=\"async\" src=\"https:\/\/a.allegroimg.com\/original\/11bf7e\/9e5fea1c44d7a28bf5ac5ced339c\" alt=\"Zdj\u0119cie produktu\" style=\"max-width:100%; height:auto; margin:10px 0;\"><\/p>\n<h2>Idealna do:<\/h2>\n<p>\u2705 Pomieszcze\u0144 o powierzchni 12 &#8211; 20 m2<\/p>\n<p>\u2705 Nad st\u00f3\u0142 \/ blat<\/p>\n<p>\u2705 Jadalni<\/p>\n<p>\u2705 W pomieszczeniach o wysoko\u015bci powy\u017cej 2,8 m<\/p>\n<h2>G\u0142\u00f3wne cechy produktu:<\/h2>\n<p><b>\u2705<\/b> Minimalistyczny design<\/p>\n<p><b>\u2705 <\/b>Uniwersalna kolorystyka<\/p>\n<p><b>\u2705 <\/b>Wysoko\u015b\u0107 kloszy regulowana do max 100 cm<\/p>\n<p><b>\u2705&nbsp;<\/b>Wsp\u00f3\u0142pracuje z w\u0142\u0105cznikiem jedno lub dwu przyciskowym,<\/p>\n<p><b>\u2705&nbsp;<\/b>Lamp\u0119 charakteryzuje wysoka jako\u015b\u0107 oraz trwa\u0142o\u015b\u0107<\/p>\n<p><b>\u2705<\/b> Szybki i prosty demonta\u017c kloszy co jest bardzo istotne przy ich czyszczeniu lub wymianie \u017car\u00f3wki<\/p>\n<p><b>\u2705&nbsp;<\/b>Produkt Polski, <b>CE, ROHS, WEEE<\/b>&nbsp; Producent: LUXOLAR<\/p>\n<p><b><\/b><\/p>\n<p><b>Parametry techniczne:<\/b><\/p>\n<p><b><\/b><\/p>\n<ul>\n<li><b>Dominuj\u0105cy materia\u0142 konstrukcji:<\/b> Metal malowany proszkowo w kolorze czarnym matowym,<\/li>\n<\/ul>\n<ul>\n<li><b>Dominuj\u0105cy materia\u0142 kloszy:<\/b> Szk\u0142o w kolorze bia\u0142ym matowym<\/li>\n<\/ul>\n<ul>\n<li><b>\u015arednica klosza:<\/b> 14 cm<\/li>\n<\/ul>\n<ul>\n<li><b>Szeroko\u015b\u0107 rozety:<\/b> 22 cm, Rozpi\u0119to\u015b\u0107 ca\u0142kowita: 90 cm, G\u0142\u0119boko\u015b\u0107 od sufitu: Max 100 cm<\/li>\n<\/ul>\n<ul>\n<li>IP 20, Klasa I<\/li>\n<\/ul>\n<ul>\n<li><b>\u0179r\u00f3d\u0142o \u015bwiat\u0142a:<\/b> \u017bar\u00f3wki typu G9 do Max 15W<\/li>\n<\/ul>\n<ul>\n<li><b>Zasilanie:<\/b> ~230 [V] \/ bezpo\u015brednie z sieci &#8211; nie wymaga transformator\u00f3w lub innej dodatkowej elektroniki<\/li>\n<\/ul>\n<ul>\n<li>Dwa niezale\u017cne obwody elektryczne, kt\u00f3re w razie konieczno\u015bci mo\u017cna po\u0142\u0105czy\u0107 w jeden,<\/li>\n<\/ul>\n<ul>\n<li><b>Lampa wyposa\u017cona&nbsp; w nowatorski, bardzo wygodny i bezpieczny system montowania kloszy.<\/b><\/li>\n<\/ul>\n<ul>\n<li>Wyprodukowana w Polsce &#8211; gwarantowany szybki dost\u0119p do serwisu i cz\u0119\u015bci zapasowych<\/li>\n<\/ul>\n<ul>\n<li>Szukasz kinkietu lub lampki nocnej pasuj\u0105cej do tej lampy? Znajdziesz je w naszych ofertach.<\/li>\n<\/ul>\n<ul>\n<li><b>Wersja w pe\u0142ni z\u0142o\u017cona &#8211; nie jest to chi\u0144ski zestaw do samodzielnego monta\u017cu<\/b><\/li>\n<\/ul>\n<p><img decoding=\"async\" src=\"https:\/\/a.allegroimg.com\/original\/11e45c\/d6728f9c49b7ad2dca97e8cb37fc\" alt=\"Zdj\u0119cie produktu\" style=\"max-width:100%; height:auto; margin:10px 0;\"><br \/>\n<img decoding=\"async\" src=\"https:\/\/a.allegroimg.com\/original\/115915\/af1e66d240fa855fe5b61e8cc92b\" alt=\"Zdj\u0119cie produktu\" style=\"max-width:100%; height:auto; margin:10px 0;\"><\/p>\n<h2>Innowacyjny Monta\u017c \/ Demonta\u017c Klosza:<\/h2>\n<p>Wszystkie lampy z serii 561 firmy LUXOLAR, wyposa\u017cone s\u0105 w gwintowane z\u0142\u0105cze kloszy <b>(Rys.3).<\/b><\/p>\n<p><b>Jest to olbrzymia i rzadko spotykana zaleta.<\/b><\/p>\n<p>W przypadku wymiany \u017car\u00f3wki lub okresowego czyszczenia klosza jego demonta\u017c jest bardzo prosty.<\/p>\n<p>Najwi\u0119ksz\u0105 zalet\u0105 tego typu z\u0142\u0105cza jest mo\u017cliwo\u015b\u0107 stosowania \u017car\u00f3wek o zwi\u0119kszonej wydajno\u015bci (powy\u017cej 8W i 1000lm)<\/p>\n<p>Ma to znaczenie, gdy\u017c w kloszach zamkni\u0119tych typu kula stopie\u0144 t\u0142umienia \u015bwiat\u0142a jest zauwa\u017calny.<\/p>\n<p><img decoding=\"async\" src=\"https:\/\/a.allegroimg.com\/original\/11bc2d\/03e9f8af47d38259f901aee3b008\" alt=\"Zdj\u0119cie produktu\" style=\"max-width:100%; height:auto; margin:10px 0;\"><br \/>\n<img decoding=\"async\" src=\"https:\/\/a.allegroimg.com\/original\/117fca\/dc6c58824cb2aa74470a258929ca\" alt=\"Zdj\u0119cie produktu\" style=\"max-width:100%; height:auto; margin:10px 0;\"><br \/>\n<img decoding=\"async\" src=\"https:\/\/a.allegroimg.com\/original\/1157f9\/6f3e80614734880180248d94bd37\" alt=\"Zdj\u0119cie produktu\" style=\"max-width:100%; height:auto; margin:10px 0;\"><br \/>\n<img decoding=\"async\" src=\"https:\/\/a.allegroimg.com\/original\/11c91d\/c87126c24eceb0a110da0e9ce77c\" alt=\"Zdj\u0119cie produktu\" style=\"max-width:100%; height:auto; margin:10px 0;\"><\/p>\n<h2>Zestaw zawiera:<\/h2>\n<ul>\n<li><b>Kompletn\u0105, z\u0142o\u017con\u0105 lamp\u0119 &#8211; wystarczy zamontowa\u0107&nbsp; klosze,<\/b><\/li>\n<li><b>Kostk\u0119 przy\u0142\u0105czeniow\u0105,<\/b><\/li>\n<li><b>Instrukcj\u0119 obs\u0142ugi,<\/b><\/li>\n<li><b>Dokument zakupu,<\/b><\/li>\n<\/ul>\n<p><b>Zestaw nie zawiera \u017car\u00f3wek, a tak\u017ce ko\u0142k\u00f3w rozporowych&nbsp; (nale\u017cy dobra\u0107 odpowiednie do sufitu).<\/b><\/p>\n<p><img decoding=\"async\" src=\"https:\/\/a.allegroimg.com\/original\/110a54\/13d58a0c40858794435d0fb1f424\" alt=\"Zdj\u0119cie produktu\" style=\"max-width:100%; height:auto; margin:10px 0;\"><\/p>\n<h2>ZALECANE \u0179R\u00d3D\u0141A \u015aWIAT\u0141A:<\/h2>\n<\/p>\n<ul>\n<li>\u017bar\u00f3wki LED&nbsp; typu G9 &#8211; <b>Nie stosowa\u0107 tradycyjnych \u017car\u00f3wek halogenowych.<\/b><\/li>\n<li>Strumie\u0144 \u015bwietlny: 500 -1500 lm<\/li>\n<li>Zalecana moc pobierana z sieci: 10 -15 W<\/li>\n<li>Barwa: ciep\u0142a (3000K), Neutralna (4000K)&nbsp; lub zimna (6000K)<\/li>\n<\/ul>\n<p><b>\u017bar\u00f3wki nie wchodz\u0105 w sk\u0142ad zestawu &#8211; dost\u0119pne w naszej pe\u0142nej ofercie.<\/b><\/p>\n<p><img decoding=\"async\" src=\"https:\/\/a.allegroimg.com\/original\/11aa87\/61c0effb4f24b8087706912c11c7\" alt=\"Zdj\u0119cie produktu\" style=\"max-width:100%; height:auto; margin:10px 0;\"><br \/>\n<img decoding=\"async\" src=\"https:\/\/a.allegroimg.com\/original\/110d25\/2ddcc0d44af494f482a905e4d9f9\" alt=\"Zdj\u0119cie produktu\" style=\"max-width:100%; height:auto; margin:10px 0;\"><\/p>\n<h2>Je\u015bli szukasz do kompletu kinkietu, lampki nocnej lub innej podobnej lampy, to&#8230;.<\/h2>\n<h2>Znajdziesz j\u0105 w naszych ofertach wpisuj\u0105c symbol: 561<\/h2>\n<p><img decoding=\"async\" src=\"https:\/\/a.allegroimg.com\/original\/11e4e4\/ab98514f4d0b8205b58411a1df8d\" alt=\"Zdj\u0119cie produktu\" style=\"max-width:100%; height:auto; margin:10px 0;\"><br \/>\n<img decoding=\"async\" src=\"https:\/\/a.allegroimg.com\/original\/11850e\/42b6e5184f99bdb1fa51ef7d1758\" alt=\"Zdj\u0119cie produktu\" style=\"max-width:100%; height:auto; margin:10px 0;\"><br \/>\n<img decoding=\"async\" src=\"https:\/\/a.allegroimg.com\/original\/11a5f4\/739d3c454922981f79e85dbd0a36\" alt=\"Zdj\u0119cie produktu\" style=\"max-width:100%; height:auto; margin:10px 0;\"><br \/>\n<img decoding=\"async\" src=\"https:\/\/a.allegroimg.com\/original\/11a77d\/626a007d4d8890a4ed625682d37f\" alt=\"Zdj\u0119cie produktu\" style=\"max-width:100%; height:auto; margin:10px 0;\"><\/p>\n","protected":false},"excerpt":{"rendered":"<p>Lampa Sufitowa Wisz\u0105ca, Model White Globe Glass typ: 561-O6&nbsp; Szklane Kule Oprawa natynkowa, metalowa maj\u0105ca zastosowanie jako o\u015bwietlenie wewn\u0119trzne, z wy\u0142\u0105czeniem miejsc o podwy\u017cszonej wilgotno\u015bci. Idealna do: \u2705 Pomieszcze\u0144 o powierzchni 12 &#8211; 20 m2 \u2705 Nad st\u00f3\u0142 \/ blat \u2705 Jadalni \u2705 W pomieszczeniach o wysoko\u015bci powy\u017cej 2,8 m G\u0142\u00f3wne cechy produktu: \u2705 Minimalistyczny [&hellip;]<\/p>\n","protected":false},"featured_media":32304,"comment_status":"closed","ping_status":"open","template":"","meta":{"_acf_changed":false},"product_brand":[162],"product_cat":[2596,2677],"product_tag":[],"class_list":{"0":"post-50060","1":"product","2":"type-product","3":"status-publish","4":"has-post-thumbnail","6":"product_brand-luxolar","7":"product_cat-2596","8":"product_cat-2677","9":"pa_klasa-efektywnosci-2146","10":"pa_kod-producenta-561-o6-uk","11":"pa_kolekcja-561-uk","12":"pa_kolor-2236","13":"pa_liczba-punktow-swiatla-6-uk","14":"pa_marka-luxolar","15":"pa_material-dominujacy-2345","16":"pa_max-moc-pojed-zrodla-swiatla-15-uk","17":"pa_pomieszczenie-2441","18":"pa_pomieszczenie-2445","19":"pa_pomieszczenie-2437","20":"pa_pomieszczenie-2438","21":"pa_pomieszczenie-2439","22":"pa_pomieszczenie-2436","23":"pa_pomieszczenie-2442","24":"pa_pomieszczenie-2443","25":"pa_pomieszczenie-2444","26":"pa_rodzaj-gwintu-g9-uk","27":"pa_rodzaj-lampy-2483","28":"pa_stan-2489","29":"pa_zasilanie-2543","30":"pa_zawiera-baterie-2545","31":"pa_zrodlo-swiatla-2547","33":"first","34":"instock","35":"purchasable","36":"product-type-simple"},"acf":[],"aioseo_notices":[],"_links":{"self":[{"href":"https:\/\/portallamp.invette.dev\/uk\/wp-json\/wp\/v2\/product\/50060","targetHints":{"allow":["GET"]}}],"collection":[{"href":"https:\/\/portallamp.invette.dev\/uk\/wp-json\/wp\/v2\/product"}],"about":[{"href":"https:\/\/portallamp.invette.dev\/uk\/wp-json\/wp\/v2\/types\/product"}],"replies":[{"embeddable":true,"href":"https:\/\/portallamp.invette.dev\/uk\/wp-json\/wp\/v2\/comments?post=50060"}],"wp:featuredmedia":[{"embeddable":true,"href":"https:\/\/portallamp.invette.dev\/uk\/wp-json\/wp\/v2\/media\/32304"}],"wp:attachment":[{"href":"https:\/\/portallamp.invette.dev\/uk\/wp-json\/wp\/v2\/media?parent=50060"}],"wp:term":[{"taxonomy":"product_brand","embeddable":true,"href":"https:\/\/portallamp.invette.dev\/uk\/wp-json\/wp\/v2\/product_brand?post=50060"},{"taxonomy":"product_cat","embeddable":true,"href":"https:\/\/portallamp.invette.dev\/uk\/wp-json\/wp\/v2\/product_cat?post=50060"},{"taxonomy":"product_tag","embeddable":true,"href":"https:\/\/portallamp.invette.dev\/uk\/wp-json\/wp\/v2\/product_tag?post=50060"}],"curies":[{"name":"wp","href":"https:\/\/api.w.org\/{rel}","templated":true}]}}