{"id":50063,"date":"2025-07-03T17:53:22","date_gmt":"2025-07-03T15:53:22","guid":{"rendered":"https:\/\/portallamp.invette.dev\/produkt\/kinkiet-lampa-scienna-full-globe-glass-560-kp1-g9-biala-kula-lustro-chrom\/"},"modified":"2025-07-03T17:53:22","modified_gmt":"2025-07-03T15:53:22","slug":"kinkiet-lampa-scienna-full-globe-glass-560-kp1-g9-biala-kula-lustro-chrom","status":"publish","type":"product","link":"https:\/\/portallamp.invette.dev\/uk\/produkt\/kinkiet-lampa-scienna-full-globe-glass-560-kp1-g9-biala-kula-lustro-chrom\/","title":{"rendered":"Kinkiet Lampa \u015bcienna Full Globe Glass 560-KP1 G9 Bia\u0142a Kula Lustro Chrom"},"content":{"rendered":"<h1>Kinkiet &#8211; Lampa \u015bcienna Full Globe Glass &#8211; Chrom &#8211; Kula Bia\u0142a<\/h1>\n<p>Oprawa natynkowa, metalowa ze szklanym kloszem maj\u0105ca zastosowanie jako o\u015bwietlenie wewn\u0119trzne, z wy\u0142\u0105czeniem miejsc o podwy\u017cszonej wilgotno\u015bci.<\/p>\n<p><img decoding=\"async\" src=\"https:\/\/a.allegroimg.com\/original\/11cb4d\/3cbbf5964ffd8baabf443f8ea80e\" alt=\"Zdj\u0119cie produktu\" style=\"max-width:100%; height:auto; margin:10px 0;\"><br \/>\n<img decoding=\"async\" src=\"https:\/\/a.allegroimg.com\/original\/11c925\/ae6fa3284d949b95a462182048c0\" alt=\"Zdj\u0119cie produktu\" style=\"max-width:100%; height:auto; margin:10px 0;\"><\/p>\n<h2>Idealna do:<\/h2>\n<p>\u2705 O\u015bwietlenia Lustra \/ obrazu &#8211; montowany po jego obu stronach<\/p>\n<p>\u2705 Loftowych wn\u0119trz &#8211; dobrze komponuje si\u0119 z drewnem i metalem<\/p>\n<p>\u2705 Sypialni jako typowy kinkiet montowany w pobli\u017cu \u0142\u00f3\u017cka<\/p>\n<h2>G\u0142\u00f3wne cechy produktu:<\/h2>\n<p><b>\u2705<\/b> Minimalistyczny design<\/p>\n<p><b>\u2705 <\/b>Uniwersalna kolorystyka<\/p>\n<p><b>\u2705&nbsp;<\/b>Lamp\u0119 charakteryzuje wysoka jako\u015b\u0107 oraz trwa\u0142o\u015b\u0107<\/p>\n<p><b>\u2705<\/b> Szybki i prosty demonta\u017c klosza &#8211; istotne przy czyszczeniu lub wymianie \u017car\u00f3wki<\/p>\n<p><b>\u2705&nbsp;<\/b>Produkt Polski, CE, ROHS, WEEE Producent: LUXOLAR<\/p>\n<p><b><\/b><\/p>\n<p><b>Parametry techniczne:<\/b><\/p>\n<p><b><\/b><\/p>\n<ul>\n<li><b>Dominuj\u0105cy materia\u0142 konstrukcji:<\/b> Metal<\/li>\n<\/ul>\n<ul>\n<li><b>Kolor konstrukcji: <\/b>Wysokiej jako\u015bci lustrzany Chrom &#8211; <b>nie jest to imitacja chromu wykonana w technologii proszkowej<\/b><\/li>\n<\/ul>\n<ul>\n<li><b>Dominuj\u0105cy materia\u0142 kloszy:<\/b> Szk\u0142o w kolorze bia\u0142ym matowym<\/li>\n<\/ul>\n<ul>\n<li><b>\u015arednica klosza:<\/b> 14 cm<\/li>\n<\/ul>\n<ul>\n<li><b>\u015arednica rozety:<\/b> 10 cm, Rozpi\u0119to\u015b\u0107 ca\u0142kowita: 16 cm<\/li>\n<\/ul>\n<ul>\n<li>IP 20, Klasa I<\/li>\n<\/ul>\n<ul>\n<li><b>\u0179r\u00f3d\u0142o \u015bwiat\u0142a:<\/b> \u017bar\u00f3wki typu G9 do Max 15W<\/li>\n<\/ul>\n<ul>\n<li><b>Zasilanie:<\/b> ~230 [V] \/ bezpo\u015brednie z sieci &#8211; nie wymaga transformator\u00f3w lub innej dodatkowej elektroniki<\/li>\n<\/ul>\n<ul>\n<li><b>Lampa wyposa\u017cona&nbsp; w nowatorski, bardzo wygodny i bezpieczny system montowania kloszy.<\/b><\/li>\n<\/ul>\n<ul>\n<li>Wyprodukowana w Polsce &#8211; gwarantowany szybki dost\u0119p do serwisu i cz\u0119\u015bci zapasowych<\/li>\n<\/ul>\n<ul>\n<li>Szukasz Lampy wisz\u0105cej lub lampki nocnej z tej serii ? Znajdziesz je w naszych ofertach.<\/li>\n<\/ul>\n<ul>\n<li><b>Wersja w pe\u0142ni z\u0142o\u017cona &#8211; nie jest to chi\u0144ski zestaw do samodzielnego monta\u017cu<\/b><\/li>\n<\/ul>\n<p><img decoding=\"async\" src=\"https:\/\/a.allegroimg.com\/original\/11e514\/9128ad0b4ef587625401d21eb2d8\" alt=\"Zdj\u0119cie produktu\" style=\"max-width:100%; height:auto; margin:10px 0;\"><br \/>\n<img decoding=\"async\" src=\"https:\/\/a.allegroimg.com\/original\/11d8b8\/0914a4fc4b83ab7b9ea08a92dd83\" alt=\"Zdj\u0119cie produktu\" style=\"max-width:100%; height:auto; margin:10px 0;\"><\/p>\n<h2>Innowacyjny Monta\u017c \/ Demonta\u017c Klosza:<\/h2>\n<p>Wszystkie lampy firmy LUXOLAR z \u017car\u00f3wkami typu G9, wyposa\u017cone s\u0105 w gwintowane z\u0142\u0105cze kloszy (Rys.3).&nbsp;<b>Jest to olbrzymia i rzadko spotykana zaleta.<\/b><\/p>\n<p>W przypadku wymiany \u017car\u00f3wki lub okresowego czyszczenia klosza jego demonta\u017c jest bardzo prosty.<\/p>\n<p>Najwi\u0119ksz\u0105 zalet\u0105 tego typu z\u0142\u0105cza jest mo\u017cliwo\u015b\u0107 stosowania \u017car\u00f3wek o zwi\u0119kszonej wydajno\u015bci (powy\u017cej 8W i 1000lm)<\/p>\n<p>Ma to znaczenie, gdy\u017c w kloszach zamkni\u0119tych typu kula stopie\u0144 t\u0142umienia \u015bwiat\u0142a jest zauwa\u017calny.<\/p>\n<p><img decoding=\"async\" src=\"https:\/\/a.allegroimg.com\/original\/11bc2d\/03e9f8af47d38259f901aee3b008\" alt=\"Zdj\u0119cie produktu\" style=\"max-width:100%; height:auto; margin:10px 0;\"><br \/>\n<img decoding=\"async\" src=\"https:\/\/a.allegroimg.com\/original\/113908\/304af6e54e868be76e2cba00ba26\" alt=\"Zdj\u0119cie produktu\" style=\"max-width:100%; height:auto; margin:10px 0;\"><\/p>\n<h2>Zestaw zawiera:<\/h2>\n<ul>\n<li><b>Kompletn\u0105, z\u0142o\u017con\u0105 lamp\u0119 &#8211; wystarczy zamontowa\u0107 klosz<\/b><\/li>\n<li><b>Kostk\u0119 przy\u0142\u0105czeniow\u0105,<\/b><\/li>\n<li><b>Instrukcj\u0119 obs\u0142ugi,<\/b><\/li>\n<li><b>Dokument zakupu,<\/b><\/li>\n<\/ul>\n<p><b>Zestaw nie zawiera \u017car\u00f3wki, a tak\u017ce ko\u0142k\u00f3w rozporowych&nbsp; (nale\u017cy dobra\u0107 odpowiednie do sufitu).<\/b><\/p>\n<p><img decoding=\"async\" src=\"https:\/\/a.allegroimg.com\/original\/112d18\/8f2714b0488da433ceea267e4488\" alt=\"Zdj\u0119cie produktu\" style=\"max-width:100%; height:auto; margin:10px 0;\"><\/p>\n<h2>ZALECANE \u0179R\u00d3D\u0141A \u015aWIAT\u0141A:<\/h2>\n<\/p>\n<ul>\n<li>\u017bar\u00f3wki LED typu G9 &#8211; <b>Nie stosowa\u0107 tradycyjnych \u017car\u00f3wek halogenowych.<\/b><\/li>\n<li>Strumie\u0144 \u015bwietlny: 500 -2000 lm<\/li>\n<li>Zalecana moc pobierana z sieci: 10 -15 W<\/li>\n<li>Barwa: ciep\u0142a (3000K), Neutralna (4000K) lub zimna (6000K)<\/li>\n<\/ul>\n<p><b>\u017bar\u00f3wki nie wchodz\u0105 w sk\u0142ad zestawu &#8211; dost\u0119pne w naszej pe\u0142nej ofercie.<\/b><\/p>\n<p><img decoding=\"async\" src=\"https:\/\/a.allegroimg.com\/original\/11aa87\/61c0effb4f24b8087706912c11c7\" alt=\"Zdj\u0119cie produktu\" style=\"max-width:100%; height:auto; margin:10px 0;\"><br \/>\n<img decoding=\"async\" src=\"https:\/\/a.allegroimg.com\/original\/11cb4d\/3cbbf5964ffd8baabf443f8ea80e\" alt=\"Zdj\u0119cie produktu\" style=\"max-width:100%; height:auto; margin:10px 0;\"><br \/>\n<img decoding=\"async\" src=\"https:\/\/a.allegroimg.com\/original\/11a77d\/626a007d4d8890a4ed625682d37f\" alt=\"Zdj\u0119cie produktu\" style=\"max-width:100%; height:auto; margin:10px 0;\"><\/p>\n","protected":false},"excerpt":{"rendered":"<p>Kinkiet &#8211; Lampa \u015bcienna Full Globe Glass &#8211; Chrom &#8211; Kula Bia\u0142a Oprawa natynkowa, metalowa ze szklanym kloszem maj\u0105ca zastosowanie jako o\u015bwietlenie wewn\u0119trzne, z wy\u0142\u0105czeniem miejsc o podwy\u017cszonej wilgotno\u015bci. Idealna do: \u2705 O\u015bwietlenia Lustra \/ obrazu &#8211; montowany po jego obu stronach \u2705 Loftowych wn\u0119trz &#8211; dobrze komponuje si\u0119 z drewnem i metalem \u2705 Sypialni [&hellip;]<\/p>\n","protected":false},"featured_media":32334,"comment_status":"closed","ping_status":"open","template":"","meta":{"_acf_changed":false},"product_brand":[162],"product_cat":[2596,2830],"product_tag":[],"class_list":{"0":"post-50063","1":"product","2":"type-product","3":"status-publish","4":"has-post-thumbnail","6":"product_brand-luxolar","7":"product_cat-2596","8":"product_cat--uk","9":"pa_klasa-efektywnosci-a-uk","10":"pa_kod-producenta-560-kp1-uk","11":"pa_kolekcja-560-kp1-uk","12":"pa_kolor-2242","13":"pa_liczba-punktow-swiatla-1-uk","14":"pa_marka-luxolar","15":"pa_material-dominujacy-2345","16":"pa_max-moc-pojed-zrodla-swiatla-15-uk","17":"pa_rodzaj-gwintu-g9-uk","18":"pa_zawiera-baterie-2545","19":"pa_zrodlo-swiatla-2547","21":"first","22":"instock","23":"purchasable","24":"product-type-simple"},"acf":[],"aioseo_notices":[],"_links":{"self":[{"href":"https:\/\/portallamp.invette.dev\/uk\/wp-json\/wp\/v2\/product\/50063","targetHints":{"allow":["GET"]}}],"collection":[{"href":"https:\/\/portallamp.invette.dev\/uk\/wp-json\/wp\/v2\/product"}],"about":[{"href":"https:\/\/portallamp.invette.dev\/uk\/wp-json\/wp\/v2\/types\/product"}],"replies":[{"embeddable":true,"href":"https:\/\/portallamp.invette.dev\/uk\/wp-json\/wp\/v2\/comments?post=50063"}],"wp:featuredmedia":[{"embeddable":true,"href":"https:\/\/portallamp.invette.dev\/uk\/wp-json\/wp\/v2\/media\/32334"}],"wp:attachment":[{"href":"https:\/\/portallamp.invette.dev\/uk\/wp-json\/wp\/v2\/media?parent=50063"}],"wp:term":[{"taxonomy":"product_brand","embeddable":true,"href":"https:\/\/portallamp.invette.dev\/uk\/wp-json\/wp\/v2\/product_brand?post=50063"},{"taxonomy":"product_cat","embeddable":true,"href":"https:\/\/portallamp.invette.dev\/uk\/wp-json\/wp\/v2\/product_cat?post=50063"},{"taxonomy":"product_tag","embeddable":true,"href":"https:\/\/portallamp.invette.dev\/uk\/wp-json\/wp\/v2\/product_tag?post=50063"}],"curies":[{"name":"wp","href":"https:\/\/api.w.org\/{rel}","templated":true}]}}