{"id":50192,"date":"2025-07-03T17:51:30","date_gmt":"2025-07-03T15:51:30","guid":{"rendered":"https:\/\/portallamp.invette.dev\/produkt\/oprawka-z-kablem-budowlana-oswietlenie-tymczasowe-do-remontu-ob-1-e27-075\/"},"modified":"2025-07-03T17:51:30","modified_gmt":"2025-07-03T15:51:30","slug":"oprawka-z-kablem-budowlana-oswietlenie-tymczasowe-do-remontu-ob-1-e27-075","status":"publish","type":"product","link":"https:\/\/portallamp.invette.dev\/uk\/produkt\/oprawka-z-kablem-budowlana-oswietlenie-tymczasowe-do-remontu-ob-1-e27-075\/","title":{"rendered":"Oprawka z Kablem Budowlana O\u015bwietlenie Tymczasowe do Remontu OB-1 E27 0,75"},"content":{"rendered":"<h1>Oprawka z Kablem Budowlana O\u015bwietlenie Tymczasowe do Remontu OB-1 E27 0,75<\/h1>\n<p><b>Idealnie sprawdzi si\u0119 podczas remont\u00f3w, prac budowlanych.<\/b><\/p>\n<p><img decoding=\"async\" src=\"https:\/\/a.allegroimg.com\/original\/111315\/ea6158584e708ad3d281ee0bf6e8\" alt=\"Zdj\u0119cie produktu\" style=\"max-width:100%; height:auto; margin:10px 0;\"><\/p>\n<h2>Zastosowanie:<\/h2>\n<p>\u2705 Remonty<\/p>\n<p>\u2705 Stany developerskie<\/p>\n<p>\u2705 O\u015bwietlenie tymczasowe<\/p>\n<h2>Parametry techniczne:<\/h2>\n<ul>\n<li>IP 20<\/li>\n<\/ul>\n<ul>\n<li><b>\u0179r\u00f3d\u0142o \u015bwiat\u0142a:<\/b> \u017bar\u00f3wki LED, energooszcz\u0119dne z gwintem typu E27 do max 60W<\/li>\n<\/ul>\n<ul>\n<li><b>Zasilanie:<\/b> ~230 [V] \/ bezpo\u015brednie z sieci &#8211; nie wymaga transformator\u00f3w ani \u017cadnej innej elektroniki<\/li>\n<\/ul>\n<ul>\n<li>Wieszana na haczyku<\/li>\n<\/ul>\n<ul>\n<li>Zastosowany przew\u00f3d : 2 x 0,7 &#8211; D\u0142ugo\u015b\u0107 przewodu: 15 cm<\/li>\n<\/ul>\n<ul>\n<li>Z\u0142\u0105cze w zestawie<\/li>\n<\/ul>\n<ul>\n<li>CE, ROHS<\/li>\n<\/ul>\n<p><img decoding=\"async\" src=\"https:\/\/a.allegroimg.com\/original\/11af64\/dae679b54dee8d217c1678b6f80d\" alt=\"Zdj\u0119cie produktu\" style=\"max-width:100%; height:auto; margin:10px 0;\"><br \/>\n<img decoding=\"async\" src=\"https:\/\/a.allegroimg.com\/original\/11d068\/9e3e88d9468782e672cc1336bcf3\" alt=\"Zdj\u0119cie produktu\" style=\"max-width:100%; height:auto; margin:10px 0;\"><br \/>\n<img decoding=\"async\" src=\"https:\/\/a.allegroimg.com\/original\/118698\/d8e6a41246858178e056ce33c5a0\" alt=\"Zdj\u0119cie produktu\" style=\"max-width:100%; height:auto; margin:10px 0;\"><br \/>\n<img decoding=\"async\" src=\"https:\/\/a.allegroimg.com\/original\/11a77d\/626a007d4d8890a4ed625682d37f\" alt=\"Zdj\u0119cie produktu\" style=\"max-width:100%; height:auto; margin:10px 0;\"><\/p>\n","protected":false},"excerpt":{"rendered":"<p>Oprawka z Kablem Budowlana O\u015bwietlenie Tymczasowe do Remontu OB-1 E27 0,75 Idealnie sprawdzi si\u0119 podczas remont\u00f3w, prac budowlanych. Zastosowanie: \u2705 Remonty \u2705 Stany developerskie \u2705 O\u015bwietlenie tymczasowe Parametry techniczne: IP 20 \u0179r\u00f3d\u0142o \u015bwiat\u0142a: \u017bar\u00f3wki LED, energooszcz\u0119dne z gwintem typu E27 do max 60W Zasilanie: ~230 [V] \/ bezpo\u015brednie z sieci &#8211; nie wymaga transformator\u00f3w ani [&hellip;]<\/p>\n","protected":false},"featured_media":31233,"comment_status":"closed","ping_status":"open","template":"","meta":{"_acf_changed":false},"product_brand":[162],"product_cat":[4941],"product_tag":[],"class_list":{"0":"post-50192","1":"product","2":"type-product","3":"status-publish","4":"has-post-thumbnail","6":"product_brand-luxolar","7":"product_cat-4941","8":"pa_kod-producenta-ob-1-uk","9":"pa_marka-luxolar","10":"pa_rodzaj-2464","11":"pa_stan-2489","12":"pa_typ-2514","13":"pa_zawiera-baterie-2545","15":"first","16":"instock","17":"purchasable","18":"product-type-simple"},"acf":[],"aioseo_notices":[],"_links":{"self":[{"href":"https:\/\/portallamp.invette.dev\/uk\/wp-json\/wp\/v2\/product\/50192","targetHints":{"allow":["GET"]}}],"collection":[{"href":"https:\/\/portallamp.invette.dev\/uk\/wp-json\/wp\/v2\/product"}],"about":[{"href":"https:\/\/portallamp.invette.dev\/uk\/wp-json\/wp\/v2\/types\/product"}],"replies":[{"embeddable":true,"href":"https:\/\/portallamp.invette.dev\/uk\/wp-json\/wp\/v2\/comments?post=50192"}],"wp:featuredmedia":[{"embeddable":true,"href":"https:\/\/portallamp.invette.dev\/uk\/wp-json\/wp\/v2\/media\/31233"}],"wp:attachment":[{"href":"https:\/\/portallamp.invette.dev\/uk\/wp-json\/wp\/v2\/media?parent=50192"}],"wp:term":[{"taxonomy":"product_brand","embeddable":true,"href":"https:\/\/portallamp.invette.dev\/uk\/wp-json\/wp\/v2\/product_brand?post=50192"},{"taxonomy":"product_cat","embeddable":true,"href":"https:\/\/portallamp.invette.dev\/uk\/wp-json\/wp\/v2\/product_cat?post=50192"},{"taxonomy":"product_tag","embeddable":true,"href":"https:\/\/portallamp.invette.dev\/uk\/wp-json\/wp\/v2\/product_tag?post=50192"}],"curies":[{"name":"wp","href":"https:\/\/api.w.org\/{rel}","templated":true}]}}