{"id":50538,"date":"2025-07-03T17:30:36","date_gmt":"2025-07-03T15:30:36","guid":{"rendered":"https:\/\/portallamp.invette.dev\/produkt\/lampa-scienna-kinkiet-bialy-szklana-mleczna-kula\/"},"modified":"2025-07-03T17:30:36","modified_gmt":"2025-07-03T15:30:36","slug":"lampa-scienna-kinkiet-bialy-szklana-mleczna-kula","status":"publish","type":"product","link":"https:\/\/portallamp.invette.dev\/uk\/produkt\/lampa-scienna-kinkiet-bialy-szklana-mleczna-kula\/","title":{"rendered":"Lampa \u015acienna Kinkiet Bia\u0142y Szklana Mleczna Kula"},"content":{"rendered":"<h1>Elegancka lampa \u015bcienna, kinkiet wykonana z najwy\u017csz\u0105 dba\u0142o\u015bci\u0105 o szczeg\u00f3\u0142y i detale<\/h1>\n<p>Wersja bez w\u0142\u0105cznika \u0142a\u0144cuszkowego<\/p>\n<h2>Idealna do:<\/h2>\n<p>\u2705 Pokoju<\/p>\n<p>\u2705 Salonu<\/p>\n<p>\u2705 Jadalni<\/p>\n<p>\u2705 Przedpokoju<\/p>\n<p>\u2705 Jako o\u015bwietlenie dekoracyjne, akcentowe<\/p>\n<p><img decoding=\"async\" src=\"https:\/\/a.allegroimg.com\/original\/115e9f\/f892ffa54cceaf78e15cd2ba69da\" alt=\"Zdj\u0119cie produktu\" style=\"max-width:100%; height:auto; margin:10px 0;\"><\/p>\n<h2>\u015awietnie odnajdzie si\u0119 we wn\u0119trzach o charakterze nowoczesnym, minimalistycznym czy skandynawskim.<\/h2>\n<p><img decoding=\"async\" src=\"https:\/\/a.allegroimg.com\/original\/114c8c\/743639564196932e5b66b6ccceeb\" alt=\"Zdj\u0119cie produktu\" style=\"max-width:100%; height:auto; margin:10px 0;\"><\/p>\n<p><b><\/b><\/p>\n<p><b>G\u0141\u00d3WNE CECHY LAMPY:<\/b><\/p>\n<p><b><\/b><\/p>\n<ul>\n<li>Dominuj\u0105cy materia\u0142 konstrukcji: Metal<\/li>\n<\/ul>\n<ul>\n<li>Kolor konstrukcji: Bia\u0142y po\u0142ysk<\/li>\n<\/ul>\n<ul>\n<li>Materia\u0142 kloszy: Metalowa obr\u0119cz + szk\u0142o w kolorze mlecznym<\/li>\n<\/ul>\n<ul>\n<li>\u015arednica kloszy: 21 cm<\/li>\n<\/ul>\n<ul>\n<li>Nowoczesny Styl &#8211; &nbsp;\u0142atwo wkomponuje si\u0119 w uk\u0142ad mieszkania<\/li>\n<\/ul>\n<ul>\n<li><b>Wersja bez w\u0142\u0105cznika \u0142a\u0144cuszkowego<\/b>&nbsp;(sterowanie z sieci)<\/li>\n<\/ul>\n<ul>\n<li>Przeznaczony jako o\u015bwietlenie uzupe\u0142niaj\u0105ce, dekoracyjne do pomieszcze\u0144 wewn\u0105trz domu z wy\u0142\u0105czeniem \u0142azienki lub miejsc o zwi\u0119kszonej wilgotno\u015bci.<\/li>\n<\/ul>\n<ul>\n<li>Obs\u0142uguje wszystkie \u017car\u00f3wki z gwintem typu <b>E27 do max 60 wat\u00f3w.<\/b><\/li>\n<\/ul>\n<ul>\n<li>Lampa z polskiej dystrybucji, wyprodukowana w Polsce &#8211; gwarantowany szybki dost\u0119p do serwisu i cz\u0119\u015bci zapasowych<\/li>\n<\/ul>\n<ul>\n<li>Kinkiet pochodzi z szerszej rodziny lamp szklanych&nbsp; &#8211; bez problemu dokupisz do kompletu \u017cyrandol czy lampk\u0119 nocn\u0105<\/li>\n<\/ul>\n<ul>\n<li><b>Wersja w pe\u0142ni z\u0142o\u017cona &#8211; nie jest to chi\u0144ski zestaw do samodzielnego monta\u017cu<\/b><\/li>\n<\/ul>\n<h2>Wymiary:<\/h2>\n<p><img decoding=\"async\" src=\"https:\/\/a.allegroimg.com\/original\/1138d5\/03e01caf44b99e4428e8e9112169\" alt=\"Zdj\u0119cie produktu\" style=\"max-width:100%; height:auto; margin:10px 0;\"><\/p>\n<h2>Opis kloszy:<\/h2>\n<ul>\n<li><b>metalowa obr\u0119cz w kolorze bia\u0142y po\u0142ysk<\/b><\/li>\n<li><b>szk\u0142o w kolorze mlecznym<\/b><\/li>\n<li><b>\u015brednica:<\/b> 21cm<\/li>\n<li><b>obs\u0142ugiwane \u017car\u00f3wki:&nbsp;<\/b>z gwintem E27<\/li>\n<li><b>\u015brednica otworu pod oprawk\u0119:<\/b>&nbsp;42 mm<\/li>\n<li><b>waga:<\/b> 300g<\/li>\n<\/ul>\n<p><img decoding=\"async\" src=\"https:\/\/a.allegroimg.com\/original\/110034\/f185d14d4b22968ddab02fc8b315\" alt=\"Zdj\u0119cie produktu\" style=\"max-width:100%; height:auto; margin:10px 0;\"><br \/>\n<img decoding=\"async\" src=\"https:\/\/a.allegroimg.com\/original\/1146a3\/61bd95494976adf4331066fa05df\" alt=\"Zdj\u0119cie produktu\" style=\"max-width:100%; height:auto; margin:10px 0;\"><\/p>\n<h2>Dane techniczne:<\/h2>\n<\/p>\n<ul>\n<li><b>Zasilanie:<\/b> ~230 [V] \/ bezpo\u015brednie z sieci<\/li>\n<li><b>\u0179r\u00f3d\u0142o \u015bwiat\u0142a:<\/b>&nbsp;E-27 &#8211; zalecane LED lub \u015bwietl\u00f3wki kompaktowe<\/li>\n<li><b>Spos\u00f3b monta\u017cu:<\/b>&nbsp;Dwa ko\u0142ki rozporowe<\/li>\n<li><b>IP 20, Klasa I<\/b><\/li>\n<li><b>Zestaw nie zawiera \u017car\u00f3wki oraz ko\u0142k\u00f3w rozporowych do monta\u017cu<\/b><\/li>\n<li><b>Producent:&nbsp;<\/b>LUXOLAR Polska<\/li>\n<\/ul>\n<p><img decoding=\"async\" src=\"https:\/\/a.allegroimg.com\/original\/11a8d2\/b36d8ac04761977d6ef85ee78947\" alt=\"Zdj\u0119cie produktu\" style=\"max-width:100%; height:auto; margin:10px 0;\"><\/p>\n<h2>Zestaw zawiera:<\/h2>\n<ul>\n<li><b>Kompletny, z\u0142o\u017cony kinkiet &#8211; wystarczy tylko zamontowa\u0107 szklany klosz<\/b><\/li>\n<li><b>Kostk\u0119 przy\u0142\u0105czeniow\u0105<\/b><\/li>\n<li><b>Instrukcj\u0119 obs\u0142ugi<\/b><\/li>\n<li><b>Dokument zakupu<\/b><\/li>\n<\/ul>\n<p><b>Zestaw nie zawiera \u017car\u00f3wki ani ko\u0142k\u00f3w rozporowych (nale\u017cy dobra\u0107 odpowiednie do \u015bciany)<\/b><\/p>\n<p><img decoding=\"async\" src=\"https:\/\/a.allegroimg.com\/original\/11b45e\/d40048b642879bacf7d686f9442f\" alt=\"Zdj\u0119cie produktu\" style=\"max-width:100%; height:auto; margin:10px 0;\"><\/p>\n<h2>ZALECANE \u0179R\u00d3D\u0141A \u015aWIAT\u0141A:<\/h2>\n<\/p>\n<ul>\n<li>\u017bar\u00f3wki LED z gwintem typu E27<\/li>\n<li>Strumie\u0144 \u015bwietlny: 700 -1300 lm<\/li>\n<li>Moc pobierana z sieci: 8 -12 W<\/li>\n<li>Barwa: ciep\u0142a (3000K), Neutralna (4000K)&nbsp; lub zimna (6000K)<\/li>\n<\/ul>\n<p><b>\u017bar\u00f3wka nie wchodzi w sk\u0142ad zestawu<\/b><\/p>\n<p><img decoding=\"async\" src=\"https:\/\/a.allegroimg.com\/original\/11631e\/974657454e69b7b1f160caf3e6d5\" alt=\"Zdj\u0119cie produktu\" style=\"max-width:100%; height:auto; margin:10px 0;\"><br \/>\n<img decoding=\"async\" src=\"https:\/\/a.allegroimg.com\/original\/115e9f\/f892ffa54cceaf78e15cd2ba69da\" alt=\"Zdj\u0119cie produktu\" style=\"max-width:100%; height:auto; margin:10px 0;\"><br \/>\n<img decoding=\"async\" src=\"https:\/\/a.allegroimg.com\/original\/11a77d\/626a007d4d8890a4ed625682d37f\" alt=\"Zdj\u0119cie produktu\" style=\"max-width:100%; height:auto; margin:10px 0;\"><\/p>\n","protected":false},"excerpt":{"rendered":"<p>Elegancka lampa \u015bcienna, kinkiet wykonana z najwy\u017csz\u0105 dba\u0142o\u015bci\u0105 o szczeg\u00f3\u0142y i detale Wersja bez w\u0142\u0105cznika \u0142a\u0144cuszkowego Idealna do: \u2705 Pokoju \u2705 Salonu \u2705 Jadalni \u2705 Przedpokoju \u2705 Jako o\u015bwietlenie dekoracyjne, akcentowe \u015awietnie odnajdzie si\u0119 we wn\u0119trzach o charakterze nowoczesnym, minimalistycznym czy skandynawskim. G\u0141\u00d3WNE CECHY LAMPY: Dominuj\u0105cy materia\u0142 konstrukcji: Metal Kolor konstrukcji: Bia\u0142y po\u0142ysk Materia\u0142 kloszy: [&hellip;]<\/p>\n","protected":false},"featured_media":24956,"comment_status":"closed","ping_status":"open","template":"","meta":{"_acf_changed":false},"product_brand":[270],"product_cat":[2596,7382],"product_tag":[],"class_list":{"0":"post-50538","1":"product","2":"type-product","3":"status-publish","4":"has-post-thumbnail","6":"product_brand-luxolar-light-factory","7":"product_cat-2596","8":"product_cat-7382","9":"pa_kod-producenta-lampa-scienna-978-k1-uk","10":"pa_kolekcja-978-uk","11":"pa_kolor-2234","12":"pa_liczba-punktow-swiatla-1-uk","13":"pa_marka-luxolar-light-factory","14":"pa_material-dominujacy-2345","15":"pa_max-moc-pojed-zrodla-swiatla-60-uk","16":"pa_rodzaj-gwintu-e27-uk","17":"pa_zawiera-baterie-2545","18":"pa_zrodlo-swiatla-2547","20":"first","21":"instock","22":"purchasable","23":"product-type-simple"},"acf":[],"aioseo_notices":[],"_links":{"self":[{"href":"https:\/\/portallamp.invette.dev\/uk\/wp-json\/wp\/v2\/product\/50538","targetHints":{"allow":["GET"]}}],"collection":[{"href":"https:\/\/portallamp.invette.dev\/uk\/wp-json\/wp\/v2\/product"}],"about":[{"href":"https:\/\/portallamp.invette.dev\/uk\/wp-json\/wp\/v2\/types\/product"}],"replies":[{"embeddable":true,"href":"https:\/\/portallamp.invette.dev\/uk\/wp-json\/wp\/v2\/comments?post=50538"}],"wp:featuredmedia":[{"embeddable":true,"href":"https:\/\/portallamp.invette.dev\/uk\/wp-json\/wp\/v2\/media\/24956"}],"wp:attachment":[{"href":"https:\/\/portallamp.invette.dev\/uk\/wp-json\/wp\/v2\/media?parent=50538"}],"wp:term":[{"taxonomy":"product_brand","embeddable":true,"href":"https:\/\/portallamp.invette.dev\/uk\/wp-json\/wp\/v2\/product_brand?post=50538"},{"taxonomy":"product_cat","embeddable":true,"href":"https:\/\/portallamp.invette.dev\/uk\/wp-json\/wp\/v2\/product_cat?post=50538"},{"taxonomy":"product_tag","embeddable":true,"href":"https:\/\/portallamp.invette.dev\/uk\/wp-json\/wp\/v2\/product_tag?post=50538"}],"curies":[{"name":"wp","href":"https:\/\/api.w.org\/{rel}","templated":true}]}}