{"id":50751,"date":"2025-07-03T17:26:12","date_gmt":"2025-07-03T15:26:12","guid":{"rendered":"https:\/\/portallamp.invette.dev\/produkt\/lampa-wiszaca-spot-tuba-metal-czarna-zlota-gu10\/"},"modified":"2025-07-03T17:26:12","modified_gmt":"2025-07-03T15:26:12","slug":"lampa-wiszaca-spot-tuba-metal-czarna-zlota-gu10","status":"publish","type":"product","link":"https:\/\/portallamp.invette.dev\/uk\/produkt\/lampa-wiszaca-spot-tuba-metal-czarna-zlota-gu10\/","title":{"rendered":"Lampa Wisz\u0105ca SPOT Tuba Metal Czarna Z\u0142ota GU10"},"content":{"rendered":"<h1>Nowoczesna Lampa Wisz\u0105ca SPOT GU-10 z regulacj\u0105 wysoko\u015bci w kolorze Czarnym z dodatkiem z\u0142ota.<\/h1>\n<p><img decoding=\"async\" src=\"https:\/\/a.allegroimg.com\/original\/117722\/5936905c447d927930d877a5e91e\" alt=\"Zdj\u0119cie produktu\" style=\"max-width:100%; height:auto; margin:10px 0;\"><\/p>\n<h2>Idealna do:<\/h2>\n<p>\u2705 Salonu nad st\u00f3\u0142,<\/p>\n<p>\u2705 Kuchni do o\u015bwietlenia blatu,<\/p>\n<p>\u2705 Jadalni<\/p>\n<p>\u2705 Baru<\/p>\n<p>\u2705 Tak\u017ce jako o\u015bwietlenie dekoracyjne, akcentowe<\/p>\n<p><img decoding=\"async\" src=\"https:\/\/a.allegroimg.com\/original\/119a99\/2ec23a8f4e77964171516c4ba49f\" alt=\"Zdj\u0119cie produktu\" style=\"max-width:100%; height:auto; margin:10px 0;\"><\/p>\n<h2>Konstrukcja lampy umo\u017cliwia korekt\u0119 wysoko\u015bci (przed zamontowaniem).<\/h2>\n<p><img decoding=\"async\" src=\"https:\/\/a.allegroimg.com\/original\/11c542\/32546fd64a7aa21c5c49e912d353\" alt=\"Zdj\u0119cie produktu\" style=\"max-width:100%; height:auto; margin:10px 0;\"><\/p>\n<p><b><\/b><\/p>\n<p><b>G\u0141\u00d3WNE CECHY LAMPY:<\/b><\/p>\n<p><b><\/b><\/p>\n<ul>\n<li>Dominuj\u0105cy materia\u0142 konstrukcji: Metal<\/li>\n<\/ul>\n<ul>\n<li>Kolor konstrukcji: Czarny matowy z dodatkiem Z\u0142ota<\/li>\n<\/ul>\n<ul>\n<li>Nowoczesny Styl &#8211; &nbsp;\u0142atwo wkomponuje si\u0119 w uk\u0142ad mieszkania<\/li>\n<\/ul>\n<ul>\n<li>Estetyczna, solidna, dobrze wykonana<\/li>\n<\/ul>\n<ul>\n<li>Prosty, natynkowy spos\u00f3b monta\u017cu (za pomoc\u0105 ko\u0142k\u00f3w rozporowych),<\/li>\n<\/ul>\n<ul>\n<li>Regulacja wysoko\u015bci tuby w zakresie do max 100 cm<\/li>\n<\/ul>\n<ul>\n<li>IP 20 (do stosowania wewn\u0105trz z wy\u0142\u0105czeniem miejsc o podwy\u017cszonej wilgotno\u015bci)<\/li>\n<\/ul>\n<ul>\n<li>Obs\u0142uguje wszystkie \u017car\u00f3wki GU10 w technologii LED do max 15 W<\/li>\n<\/ul>\n<ul>\n<li>Szerokie zastosowanie:&nbsp;<b>sto\u0142y, wyspy, blaty, korytarze, kuchnie, sypialnie<\/b><\/li>\n<\/ul>\n<ul>\n<li>\u017byrandol pochodzi z szerszej rodziny lamp &#8211; bez problemu dokupisz do kompletu kinkiet<\/li>\n<\/ul>\n<h2>Wymiary:<\/h2>\n<p><img decoding=\"async\" src=\"https:\/\/a.allegroimg.com\/original\/1181cf\/3aba3ac34d08bb6fbfc3d1d28376\" alt=\"Zdj\u0119cie produktu\" style=\"max-width:100%; height:auto; margin:10px 0;\"><\/p>\n<h2>Dane techniczne:<\/h2>\n<ul>\n<li>Napi\u0119cie zasilania: 230V<\/li>\n<li>\u0179r\u00f3d\u0142o \u015bwiat\u0142a: 1 x GU10<\/li>\n<li>\u015arednica podsufitki (rozety): 8 cm<\/li>\n<li>Wysoko\u015b\u0107 max 100 cm<\/li>\n<li>\u015arednica tuby: 5,5 cm<\/li>\n<li>Wysoko\u015b\u0107 tuby: 29 cm<\/li>\n<li>Gniazdo GU10 w zestawie: tak<\/li>\n<li>Maksymalna moc \u017ar\u00f3d\u0142a \u015bwiat\u0142a: 15W dotyczy \u017car\u00f3wek w technologii LED<\/li>\n<\/ul>\n<p><img decoding=\"async\" src=\"https:\/\/a.allegroimg.com\/original\/11a86b\/446f78134eb1b074d444646805d7\" alt=\"Zdj\u0119cie produktu\" style=\"max-width:100%; height:auto; margin:10px 0;\"><br \/>\n<img decoding=\"async\" src=\"https:\/\/a.allegroimg.com\/original\/11547a\/041cde7246f783fc72d69b69dc70\" alt=\"Zdj\u0119cie produktu\" style=\"max-width:100%; height:auto; margin:10px 0;\"><\/p>\n<h2>Zestaw zawiera:<\/h2>\n<ul>\n<li><b>Kompletn\u0105, z\u0142o\u017con\u0105 lamp\u0119<\/b><\/li>\n<li><b>Kostk\u0119 przy\u0142\u0105czeniow\u0105<\/b><\/li>\n<li><b>Instrukcj\u0119 obs\u0142ugi<\/b><\/li>\n<li><b>Dokument zakupu<\/b><\/li>\n<\/ul>\n<p><b>Zestaw nie zawiera \u017car\u00f3wki oraz ko\u0142k\u00f3w do monta\u017cu&nbsp; &#8211; dost\u0119pne na naszych aukcjach Allegro<\/b><\/p>\n<p><img decoding=\"async\" src=\"https:\/\/a.allegroimg.com\/original\/1193e4\/d309734242bd8850fe4a46ece543\" alt=\"Zdj\u0119cie produktu\" style=\"max-width:100%; height:auto; margin:10px 0;\"><br \/>\n<img decoding=\"async\" src=\"https:\/\/a.allegroimg.com\/original\/117722\/5936905c447d927930d877a5e91e\" alt=\"Zdj\u0119cie produktu\" style=\"max-width:100%; height:auto; margin:10px 0;\"><\/p>\n","protected":false},"excerpt":{"rendered":"<p>Nowoczesna Lampa Wisz\u0105ca SPOT GU-10 z regulacj\u0105 wysoko\u015bci w kolorze Czarnym z dodatkiem z\u0142ota. Idealna do: \u2705 Salonu nad st\u00f3\u0142, \u2705 Kuchni do o\u015bwietlenia blatu, \u2705 Jadalni \u2705 Baru \u2705 Tak\u017ce jako o\u015bwietlenie dekoracyjne, akcentowe Konstrukcja lampy umo\u017cliwia korekt\u0119 wysoko\u015bci (przed zamontowaniem). G\u0141\u00d3WNE CECHY LAMPY: Dominuj\u0105cy materia\u0142 konstrukcji: Metal Kolor konstrukcji: Czarny matowy z dodatkiem [&hellip;]<\/p>\n","protected":false},"featured_media":23873,"comment_status":"closed","ping_status":"open","template":"","meta":{"_acf_changed":false},"product_brand":[162],"product_cat":[2596,2677],"product_tag":[],"class_list":{"0":"post-50751","1":"product","2":"type-product","3":"status-publish","4":"has-post-thumbnail","6":"product_brand-luxolar","7":"product_cat-2596","8":"product_cat-2677","9":"pa_klasa-efektywnosci-a-uk","10":"pa_kod-producenta-lampa-wiszaca-956-ez1-uk","11":"pa_kolekcja-956-uk","12":"pa_kolor-2247","13":"pa_kolor-2236","14":"pa_liczba-punktow-swiatla-1-uk","15":"pa_marka-luxolar","16":"pa_material-dominujacy-2341","17":"pa_max-moc-pojed-zrodla-swiatla-15-uk","18":"pa_pomieszczenie-2441","19":"pa_pomieszczenie-2437","20":"pa_pomieszczenie-2438","21":"pa_pomieszczenie-2439","22":"pa_pomieszczenie-2436","23":"pa_pomieszczenie-2442","24":"pa_pomieszczenie-2443","25":"pa_pomieszczenie-2444","26":"pa_rodzaj-gwintu-gu10-uk","27":"pa_rodzaj-lampy-2483","28":"pa_zasilanie-2543","29":"pa_zawiera-baterie-2545","30":"pa_zrodlo-swiatla-2547","32":"first","33":"instock","34":"purchasable","35":"product-type-simple"},"acf":[],"aioseo_notices":[],"_links":{"self":[{"href":"https:\/\/portallamp.invette.dev\/uk\/wp-json\/wp\/v2\/product\/50751","targetHints":{"allow":["GET"]}}],"collection":[{"href":"https:\/\/portallamp.invette.dev\/uk\/wp-json\/wp\/v2\/product"}],"about":[{"href":"https:\/\/portallamp.invette.dev\/uk\/wp-json\/wp\/v2\/types\/product"}],"replies":[{"embeddable":true,"href":"https:\/\/portallamp.invette.dev\/uk\/wp-json\/wp\/v2\/comments?post=50751"}],"wp:featuredmedia":[{"embeddable":true,"href":"https:\/\/portallamp.invette.dev\/uk\/wp-json\/wp\/v2\/media\/23873"}],"wp:attachment":[{"href":"https:\/\/portallamp.invette.dev\/uk\/wp-json\/wp\/v2\/media?parent=50751"}],"wp:term":[{"taxonomy":"product_brand","embeddable":true,"href":"https:\/\/portallamp.invette.dev\/uk\/wp-json\/wp\/v2\/product_brand?post=50751"},{"taxonomy":"product_cat","embeddable":true,"href":"https:\/\/portallamp.invette.dev\/uk\/wp-json\/wp\/v2\/product_cat?post=50751"},{"taxonomy":"product_tag","embeddable":true,"href":"https:\/\/portallamp.invette.dev\/uk\/wp-json\/wp\/v2\/product_tag?post=50751"}],"curies":[{"name":"wp","href":"https:\/\/api.w.org\/{rel}","templated":true}]}}