{"id":51114,"date":"2025-07-03T16:56:35","date_gmt":"2025-07-03T14:56:35","guid":{"rendered":"https:\/\/portallamp.invette.dev\/produkt\/lampa-wiszaca-trzy-kule-grafitowe-transparentne-2\/"},"modified":"2025-07-03T16:56:35","modified_gmt":"2025-07-03T14:56:35","slug":"lampa-wiszaca-trzy-kule-grafitowe-transparentne-2","status":"publish","type":"product","link":"https:\/\/portallamp.invette.dev\/uk\/produkt\/lampa-wiszaca-trzy-kule-grafitowe-transparentne-2\/","title":{"rendered":"Lampa Wisz\u0105ca Trzy Kule Grafitowe Transparentne"},"content":{"rendered":"<h1>Lampa wisz\u0105ca \u017cyrandol wyposa\u017cona w Trzy szklane klosze w kszta\u0142cie kuli w kolorze Grafitowo-Transparentnym.<\/h1>\n<h2>\u015awietnie odnajdzie si\u0119 we wn\u0119trzach o charakterze nowoczesnym, minimalistycznym czy skandynawskim.<\/h2>\n<p><img decoding=\"async\" src=\"https:\/\/a.allegroimg.com\/original\/11de32\/8dd6e37242f8bcc5d4561873e83d\" alt=\"Zdj\u0119cie produktu\" style=\"max-width:100%; height:auto; margin:10px 0;\"><\/p>\n<h2>Czarna konstrukcja lampy po\u0142\u0105czona ze szklanymi kloszami w bardzo modnym kolorze to \u015bwietne po\u0142\u0105czenie w nowoczesnych wn\u0119trzach.<\/h2>\n<p><img decoding=\"async\" src=\"https:\/\/a.allegroimg.com\/original\/1170f0\/76e87eba4346b5f21cb4f011cff1\" alt=\"Zdj\u0119cie produktu\" style=\"max-width:100%; height:auto; margin:10px 0;\"><\/p>\n<h2>Konstrukcja lampy umo\u017cliwia korekt\u0119 wysoko\u015bci klosza (przed zamontowaniem).<\/h2>\n<p>Klosze mog\u0105 by\u0107 umieszczone tu\u017c pod sufitem jak r\u00f3wnie\u017c nieco ni\u017cej, np blatem czy sto\u0142em.<\/p>\n<p><img decoding=\"async\" src=\"https:\/\/a.allegroimg.com\/original\/11c0e1\/2cb6467c47a98e0d41ea2fdc2d31\" alt=\"Zdj\u0119cie produktu\" style=\"max-width:100%; height:auto; margin:10px 0;\"><\/p>\n<p><b>Lampa w pe\u0142ni z\u0142o\u017cona &#8211; nie jest to zestaw do samodzielnego monta\u017cu &#8211; wyjmujesz z kartonu i wieszasz na suficie.<\/b><\/p>\n<p><b>Nie musisz traci\u0107 czasu na z\u0142o\u017cenie lampy od najmniejszej \u015brubki.<\/b><\/p>\n<p><b><\/b><\/p>\n<p><b>G\u0141\u00d3WNE CECHY LAMPY:<\/b><\/p>\n<p><b><\/b><\/p>\n<ul>\n<li>Materia\u0142 konstrukcji: Metal<\/li>\n<\/ul>\n<ul>\n<li>Kolor konstrukcji: Czarny &#8211; drobna struktura<\/li>\n<\/ul>\n<ul>\n<li>Materia\u0142 kloszy: Szk\u0142o w kolorze Grafitowo &#8211; Transparentnym<\/li>\n<\/ul>\n<ul>\n<li>Klosze przepuszczaj\u0105 \u015bwiat\u0142o: w dolnej cz\u0119\u015bci, klosze s\u0105 transparentne<\/li>\n<\/ul>\n<ul>\n<li>\u015arednica kloszy: 15 cm<\/li>\n<\/ul>\n<ul>\n<li>Nowoczesny Styl &#8211; &nbsp;\u0142atwo wkomponuje si\u0119 w uk\u0142ad mieszkania<\/li>\n<\/ul>\n<ul>\n<li>Korekta wysoko\u015bci kloszy (przed zamontowaniem)<\/li>\n<\/ul>\n<ul>\n<li>Szerokie zastosowanie:&nbsp;<b>sto\u0142y, wyspy, blaty, korytarze, kuchnie<\/b><\/li>\n<\/ul>\n<ul>\n<li>Lampa obs\u0142uguje wszystkie \u017car\u00f3wki z gwintem typu&nbsp;<b>E27 do max 60 wat\u00f3w.<\/b><\/li>\n<\/ul>\n<ul>\n<li>Lampa z polskiej dystrybucji, wyprodukowana w Polsce &#8211; gwarantowany szybki dost\u0119p do serwisu i cz\u0119\u015bci zapasowych<\/li>\n<\/ul>\n<ul>\n<li>\u017byrandol pochodzi z szerszej rodziny lamp szklanych&nbsp; &#8211; bez problemu dokupisz do kompletu kinkiet czy lampk\u0119 nocn\u0105<\/li>\n<\/ul>\n<ul>\n<li><b>Wersja w pe\u0142ni z\u0142o\u017cona &#8211; nie jest to chi\u0144ski zestaw do samodzielnego monta\u017cu<\/b><\/li>\n<\/ul>\n<h2>Wymiary:<\/h2>\n<p><img decoding=\"async\" src=\"https:\/\/a.allegroimg.com\/original\/119973\/6d7e64894ec28ba7d00be4bedf65\" alt=\"Zdj\u0119cie produktu\" style=\"max-width:100%; height:auto; margin:10px 0;\"><\/p>\n<h2>Opis kloszy:<\/h2>\n<ul>\n<li><b>materia\u0142:&nbsp;<\/b>szk\u0142o o grubo\u015bci 1,8 mm<\/li>\n<li><b>wysoko\u015b\u0107:<\/b> 13cm<\/li>\n<li><b>\u015brednica:<\/b> 15cm<\/li>\n<li><b>odcie\u0144:<\/b> grafit przechodz\u0105cy w transparentny<\/li>\n<li><b>obs\u0142ugiwane \u017car\u00f3wki:&nbsp;<\/b>z gwintem E27&nbsp; &#8211; oprawka z pier\u015bcieniem dociskowym&nbsp;<b>(\u0142atwo zdejmiesz klosze do umycia)<\/b><\/li>\n<li><b>\u015brednica otworu pod oprawk\u0119:<\/b>&nbsp;42 mm<\/li>\n<li><b>waga:<\/b>&nbsp;190g<\/li>\n<\/ul>\n<p><img decoding=\"async\" src=\"https:\/\/a.allegroimg.com\/original\/11db6a\/5c81c591486e9c0ca1b467a3ecc2\" alt=\"Zdj\u0119cie produktu\" style=\"max-width:100%; height:auto; margin:10px 0;\"><\/p>\n<h2>Zestaw zawiera:<\/h2>\n<ul>\n<li><b>Kompletn\u0105, z\u0142o\u017con\u0105 lamp\u0119 wraz z trzema kloszami (nie jest to chi\u0144skiej produkcji zestaw do samodzielnego monta\u017cu)<\/b><\/li>\n<li><b>Kostk\u0119 przy\u0142\u0105czeniow\u0105<\/b><\/li>\n<li><b>Instrukcj\u0119 obs\u0142ugi<\/b><\/li>\n<li><b>Dokument zakupu<\/b><\/li>\n<\/ul>\n<p><b>Zestaw nie zawiera \u017car\u00f3wek ani ko\u0142k\u00f3w rozporowych (nale\u017cy dobra\u0107 odpowiednie do sufitu)<\/b><\/p>\n<p><img decoding=\"async\" src=\"https:\/\/a.allegroimg.com\/original\/114a67\/bb375f9a47fe8ec29d4ba1c16e65\" alt=\"Zdj\u0119cie produktu\" style=\"max-width:100%; height:auto; margin:10px 0;\"><\/p>\n<h2>Zalecane \u017ar\u00f3d\u0142a \u015bwiat\u0142a:<\/h2>\n<\/p>\n<ul>\n<li>\u017bar\u00f3wki LED z diodami SMD lub filament<\/li>\n<li>Strumie\u0144 \u015bwietlny: 900 -1300 lm<\/li>\n<li><b>Gwint E27<\/b><\/li>\n<li>Moc pobierana z sieci: 6 -12 W<\/li>\n<li>Barwa: ciep\u0142a lub bia\u0142a<\/li>\n<\/ul>\n<p><b>Tradycyjny kszta\u0142t w po\u0142\u0105czeniu z nowoczesnymi diodami SMD lub Filament<\/b><\/p>\n<p><img decoding=\"async\" src=\"https:\/\/a.allegroimg.com\/original\/11cf7e\/903dc2c749dd8201b6690673f793\" alt=\"Zdj\u0119cie produktu\" style=\"max-width:100%; height:auto; margin:10px 0;\"><\/p>\n<h2>Aran\u017cacje:<\/h2>\n<p><img decoding=\"async\" src=\"https:\/\/a.allegroimg.com\/original\/11ecfc\/6581a097415c97818747efa586a9\" alt=\"Zdj\u0119cie produktu\" style=\"max-width:100%; height:auto; margin:10px 0;\"><br \/>\n<img decoding=\"async\" src=\"https:\/\/a.allegroimg.com\/original\/112b3c\/3a45119d4d85b66eda5e57e9a93d\" alt=\"Zdj\u0119cie produktu\" style=\"max-width:100%; height:auto; margin:10px 0;\"><br \/>\n<img decoding=\"async\" src=\"https:\/\/a.allegroimg.com\/original\/11a77d\/626a007d4d8890a4ed625682d37f\" alt=\"Zdj\u0119cie produktu\" style=\"max-width:100%; height:auto; margin:10px 0;\"><\/p>\n","protected":false},"excerpt":{"rendered":"<p>Lampa wisz\u0105ca \u017cyrandol wyposa\u017cona w Trzy szklane klosze w kszta\u0142cie kuli w kolorze Grafitowo-Transparentnym. \u015awietnie odnajdzie si\u0119 we wn\u0119trzach o charakterze nowoczesnym, minimalistycznym czy skandynawskim. Czarna konstrukcja lampy po\u0142\u0105czona ze szklanymi kloszami w bardzo modnym kolorze to \u015bwietne po\u0142\u0105czenie w nowoczesnych wn\u0119trzach. Konstrukcja lampy umo\u017cliwia korekt\u0119 wysoko\u015bci klosza (przed zamontowaniem). Klosze mog\u0105 by\u0107 umieszczone tu\u017c [&hellip;]<\/p>\n","protected":false},"featured_media":16246,"comment_status":"closed","ping_status":"open","template":"","meta":{"_acf_changed":false},"product_brand":[162],"product_cat":[2596,2677],"product_tag":[],"class_list":{"0":"post-51114","1":"product","2":"type-product","3":"status-publish","4":"has-post-thumbnail","6":"product_brand-luxolar","7":"product_cat-2596","8":"product_cat-2677","9":"pa_klasa-efektywnosci-a-uk","10":"pa_kod-producenta-lampa-wiszaca-841-ez3gt-uk","11":"pa_kolekcja-841-uk","12":"pa_kolor-2232","13":"pa_kolor-2238","14":"pa_kolor-2242","15":"pa_kolor-2236","16":"pa_liczba-punktow-swiatla-3-uk","17":"pa_marka-luxolar","18":"pa_material-dominujacy-2345","19":"pa_max-moc-pojed-zrodla-swiatla-60-uk","20":"pa_pomieszczenie-2441","21":"pa_pomieszczenie-2437","22":"pa_pomieszczenie-2438","23":"pa_pomieszczenie-2439","24":"pa_pomieszczenie-2436","25":"pa_pomieszczenie-2442","26":"pa_pomieszczenie-2443","27":"pa_pomieszczenie-2444","28":"pa_rodzaj-gwintu-e27-uk","29":"pa_rodzaj-lampy-2483","30":"pa_zasilanie-2543","31":"pa_zawiera-baterie-2545","32":"pa_zrodlo-swiatla-2547","34":"first","35":"instock","36":"purchasable","37":"product-type-simple"},"acf":[],"aioseo_notices":[],"_links":{"self":[{"href":"https:\/\/portallamp.invette.dev\/uk\/wp-json\/wp\/v2\/product\/51114","targetHints":{"allow":["GET"]}}],"collection":[{"href":"https:\/\/portallamp.invette.dev\/uk\/wp-json\/wp\/v2\/product"}],"about":[{"href":"https:\/\/portallamp.invette.dev\/uk\/wp-json\/wp\/v2\/types\/product"}],"replies":[{"embeddable":true,"href":"https:\/\/portallamp.invette.dev\/uk\/wp-json\/wp\/v2\/comments?post=51114"}],"wp:featuredmedia":[{"embeddable":true,"href":"https:\/\/portallamp.invette.dev\/uk\/wp-json\/wp\/v2\/media\/16246"}],"wp:attachment":[{"href":"https:\/\/portallamp.invette.dev\/uk\/wp-json\/wp\/v2\/media?parent=51114"}],"wp:term":[{"taxonomy":"product_brand","embeddable":true,"href":"https:\/\/portallamp.invette.dev\/uk\/wp-json\/wp\/v2\/product_brand?post=51114"},{"taxonomy":"product_cat","embeddable":true,"href":"https:\/\/portallamp.invette.dev\/uk\/wp-json\/wp\/v2\/product_cat?post=51114"},{"taxonomy":"product_tag","embeddable":true,"href":"https:\/\/portallamp.invette.dev\/uk\/wp-json\/wp\/v2\/product_tag?post=51114"}],"curies":[{"name":"wp","href":"https:\/\/api.w.org\/{rel}","templated":true}]}}